{"id":784,"date":"2013-10-26T13:07:34","date_gmt":"2013-10-26T13:07:34","guid":{"rendered":"http:\/\/www.musee-filature.com\/shop\/boutique\/solognote\/"},"modified":"2025-12-31T14:04:20","modified_gmt":"2025-12-31T13:04:20","slug":"solognote","status":"publish","type":"product","link":"https:\/\/www.musee-filature.com\/site\/shop\/solognote\/","title":{"rendered":"Laine de pays \u00ab\u00a0Solognote\u00a0\u00bb"},"content":{"rendered":"<p><strong>Laine card\u00e9e de brebis Solognote.<\/strong><\/p>\n<p>&nbsp;<\/p>\n<p><strong>Laine \u00e0 filer et \u00e0 feutrer.<\/strong><\/p>\n<p>&nbsp;<\/p>\n<p><strong>Qualit\u00e9 : &gt; 30 microns.<\/strong><\/p>\n<p>&nbsp;<\/p>\n<p><strong>\u00a0<\/strong><strong><a href=\"http:\/\/www.musee-filature.com\/site\/wp-content\/uploads\/2013\/10\/217.jpg\"><img loading=\"lazy\" decoding=\"async\" class=\"alignnone wp-image-4337\" src=\"http:\/\/www.musee-filature.com\/site\/wp-content\/uploads\/2013\/10\/217-300x225.jpg\" alt=\"brebis solognote\" width=\"300\" height=\"225\" \/><\/a><\/strong><\/p>\n","protected":false},"excerpt":{"rendered":"<p>Laine card\u00e9e de brebis Solognote. &nbsp; Laine \u00e0 filer et \u00e0 feutrer. &nbsp; Qualit\u00e9 : &gt; 30 microns. &nbsp; \u00a0<\/p>\n","protected":false},"featured_media":9953,"template":"","meta":{"_acf_changed":false,"jetpack_publicize_message":"","jetpack_publicize_feature_enabled":true,"jetpack_social_post_already_shared":false,"jetpack_social_options":{"image_generator_settings":{"template":"highway","default_image_id":0,"font":"","enabled":false},"version":2}},"product_brand":[],"product_cat":[21],"product_tag":[],"class_list":{"0":"post-784","1":"product","2":"type-product","3":"status-publish","4":"has-post-thumbnail","6":"product_cat-laine_pays","8":"first","9":"instock","10":"shipping-taxable","11":"purchasable","12":"product-type-variable"},"acf":[],"yoast_head":"<!-- This site is optimized with the Yoast SEO plugin v26.6 - https:\/\/yoast.com\/wordpress\/plugins\/seo\/ -->\n<title>Laine de France &quot;SOLOGNOTE&quot;<\/title>\n<meta name=\"description\" content=\"Laine de France issue d&#039;\u00e9levage bio, brebis Solognote. Laine \u00e0 filer et \u00e0 feutrer. Lav\u00e9e et card\u00e9e dans notre atelier. Vendue par 100gr.\" \/>\n<meta name=\"robots\" content=\"index, follow, max-snippet:-1, max-image-preview:large, max-video-preview:-1\" \/>\n<link rel=\"canonical\" href=\"https:\/\/www.musee-filature.com\/site\/shop\/solognote\/\" \/>\n<meta property=\"og:locale\" content=\"fr_FR\" \/>\n<meta property=\"og:type\" content=\"article\" \/>\n<meta property=\"og:title\" content=\"Laine de France &quot;SOLOGNOTE&quot;\" \/>\n<meta property=\"og:description\" content=\"Laine de France issue d&#039;\u00e9levage bio, brebis Solognote. Laine \u00e0 filer et \u00e0 feutrer. Lav\u00e9e et card\u00e9e dans notre atelier. Vendue par 100gr.\" \/>\n<meta property=\"og:url\" content=\"https:\/\/www.musee-filature.com\/site\/shop\/solognote\/\" \/>\n<meta property=\"og:site_name\" content=\"Musee Filature\" \/>\n<meta property=\"article:modified_time\" content=\"2025-12-31T13:04:20+00:00\" \/>\n<meta property=\"og:image\" content=\"https:\/\/www.musee-filature.com\/site\/wp-content\/uploads\/2013\/10\/solognote.jpg\" \/>\n\t<meta property=\"og:image:width\" content=\"640\" \/>\n\t<meta property=\"og:image:height\" content=\"480\" \/>\n\t<meta property=\"og:image:type\" content=\"image\/jpeg\" \/>\n<meta name=\"twitter:card\" content=\"summary_large_image\" \/>\n<meta name=\"twitter:label1\" content=\"Dur\u00e9e de lecture estim\u00e9e\" \/>\n\t<meta name=\"twitter:data1\" content=\"1 minute\" \/>\n<script type=\"application\/ld+json\" class=\"yoast-schema-graph\">{\"@context\":\"https:\/\/schema.org\",\"@graph\":[{\"@type\":\"WebPage\",\"@id\":\"https:\/\/www.musee-filature.com\/site\/shop\/solognote\/\",\"url\":\"https:\/\/www.musee-filature.com\/site\/shop\/solognote\/\",\"name\":\"Laine de France \\\"SOLOGNOTE\\\"\",\"isPartOf\":{\"@id\":\"https:\/\/www.musee-filature.com\/site\/#website\"},\"primaryImageOfPage\":{\"@id\":\"https:\/\/www.musee-filature.com\/site\/shop\/solognote\/#primaryimage\"},\"image\":{\"@id\":\"https:\/\/www.musee-filature.com\/site\/shop\/solognote\/#primaryimage\"},\"thumbnailUrl\":\"https:\/\/www.musee-filature.com\/site\/wp-content\/uploads\/2013\/10\/solognote.jpg\",\"datePublished\":\"2013-10-26T13:07:34+00:00\",\"dateModified\":\"2025-12-31T13:04:20+00:00\",\"description\":\"Laine de France issue d'\u00e9levage bio, brebis Solognote. Laine \u00e0 filer et \u00e0 feutrer. Lav\u00e9e et card\u00e9e dans notre atelier. Vendue par 100gr.\",\"breadcrumb\":{\"@id\":\"https:\/\/www.musee-filature.com\/site\/shop\/solognote\/#breadcrumb\"},\"inLanguage\":\"fr-FR\",\"potentialAction\":[{\"@type\":\"ReadAction\",\"target\":[\"https:\/\/www.musee-filature.com\/site\/shop\/solognote\/\"]}]},{\"@type\":\"ImageObject\",\"inLanguage\":\"fr-FR\",\"@id\":\"https:\/\/www.musee-filature.com\/site\/shop\/solognote\/#primaryimage\",\"url\":\"https:\/\/www.musee-filature.com\/site\/wp-content\/uploads\/2013\/10\/solognote.jpg\",\"contentUrl\":\"https:\/\/www.musee-filature.com\/site\/wp-content\/uploads\/2013\/10\/solognote.jpg\",\"width\":640,\"height\":480},{\"@type\":\"BreadcrumbList\",\"@id\":\"https:\/\/www.musee-filature.com\/site\/shop\/solognote\/#breadcrumb\",\"itemListElement\":[{\"@type\":\"ListItem\",\"position\":1,\"name\":\"Accueil\",\"item\":\"https:\/\/www.musee-filature.com\/site\/\"},{\"@type\":\"ListItem\",\"position\":2,\"name\":\"Boutique de vente de laine\",\"item\":\"https:\/\/www.musee-filature.com\/site\/\"},{\"@type\":\"ListItem\",\"position\":3,\"name\":\"Laine de pays &#8220;Solognote&#8221;\"}]},{\"@type\":\"WebSite\",\"@id\":\"https:\/\/www.musee-filature.com\/site\/#website\",\"url\":\"https:\/\/www.musee-filature.com\/site\/\",\"name\":\"Musee Filature\",\"description\":\"Les m\u00e9tiers de la laine\",\"potentialAction\":[{\"@type\":\"SearchAction\",\"target\":{\"@type\":\"EntryPoint\",\"urlTemplate\":\"https:\/\/www.musee-filature.com\/site\/?s={search_term_string}\"},\"query-input\":{\"@type\":\"PropertyValueSpecification\",\"valueRequired\":true,\"valueName\":\"search_term_string\"}}],\"inLanguage\":\"fr-FR\"}]}<\/script>\n<!-- \/ Yoast SEO plugin. -->","yoast_head_json":{"title":"Laine de France \"SOLOGNOTE\"","description":"Laine de France issue d'\u00e9levage bio, brebis Solognote. Laine \u00e0 filer et \u00e0 feutrer. Lav\u00e9e et card\u00e9e dans notre atelier. Vendue par 100gr.","robots":{"index":"index","follow":"follow","max-snippet":"max-snippet:-1","max-image-preview":"max-image-preview:large","max-video-preview":"max-video-preview:-1"},"canonical":"https:\/\/www.musee-filature.com\/site\/shop\/solognote\/","og_locale":"fr_FR","og_type":"article","og_title":"Laine de France \"SOLOGNOTE\"","og_description":"Laine de France issue d'\u00e9levage bio, brebis Solognote. Laine \u00e0 filer et \u00e0 feutrer. Lav\u00e9e et card\u00e9e dans notre atelier. Vendue par 100gr.","og_url":"https:\/\/www.musee-filature.com\/site\/shop\/solognote\/","og_site_name":"Musee Filature","article_modified_time":"2025-12-31T13:04:20+00:00","og_image":[{"width":640,"height":480,"url":"https:\/\/www.musee-filature.com\/site\/wp-content\/uploads\/2013\/10\/solognote.jpg","type":"image\/jpeg"}],"twitter_card":"summary_large_image","twitter_misc":{"Dur\u00e9e de lecture estim\u00e9e":"1 minute"},"schema":{"@context":"https:\/\/schema.org","@graph":[{"@type":"WebPage","@id":"https:\/\/www.musee-filature.com\/site\/shop\/solognote\/","url":"https:\/\/www.musee-filature.com\/site\/shop\/solognote\/","name":"Laine de France \"SOLOGNOTE\"","isPartOf":{"@id":"https:\/\/www.musee-filature.com\/site\/#website"},"primaryImageOfPage":{"@id":"https:\/\/www.musee-filature.com\/site\/shop\/solognote\/#primaryimage"},"image":{"@id":"https:\/\/www.musee-filature.com\/site\/shop\/solognote\/#primaryimage"},"thumbnailUrl":"https:\/\/www.musee-filature.com\/site\/wp-content\/uploads\/2013\/10\/solognote.jpg","datePublished":"2013-10-26T13:07:34+00:00","dateModified":"2025-12-31T13:04:20+00:00","description":"Laine de France issue d'\u00e9levage bio, brebis Solognote. Laine \u00e0 filer et \u00e0 feutrer. Lav\u00e9e et card\u00e9e dans notre atelier. Vendue par 100gr.","breadcrumb":{"@id":"https:\/\/www.musee-filature.com\/site\/shop\/solognote\/#breadcrumb"},"inLanguage":"fr-FR","potentialAction":[{"@type":"ReadAction","target":["https:\/\/www.musee-filature.com\/site\/shop\/solognote\/"]}]},{"@type":"ImageObject","inLanguage":"fr-FR","@id":"https:\/\/www.musee-filature.com\/site\/shop\/solognote\/#primaryimage","url":"https:\/\/www.musee-filature.com\/site\/wp-content\/uploads\/2013\/10\/solognote.jpg","contentUrl":"https:\/\/www.musee-filature.com\/site\/wp-content\/uploads\/2013\/10\/solognote.jpg","width":640,"height":480},{"@type":"BreadcrumbList","@id":"https:\/\/www.musee-filature.com\/site\/shop\/solognote\/#breadcrumb","itemListElement":[{"@type":"ListItem","position":1,"name":"Accueil","item":"https:\/\/www.musee-filature.com\/site\/"},{"@type":"ListItem","position":2,"name":"Boutique de vente de laine","item":"https:\/\/www.musee-filature.com\/site\/"},{"@type":"ListItem","position":3,"name":"Laine de pays &#8220;Solognote&#8221;"}]},{"@type":"WebSite","@id":"https:\/\/www.musee-filature.com\/site\/#website","url":"https:\/\/www.musee-filature.com\/site\/","name":"Musee Filature","description":"Les m\u00e9tiers de la laine","potentialAction":[{"@type":"SearchAction","target":{"@type":"EntryPoint","urlTemplate":"https:\/\/www.musee-filature.com\/site\/?s={search_term_string}"},"query-input":{"@type":"PropertyValueSpecification","valueRequired":true,"valueName":"search_term_string"}}],"inLanguage":"fr-FR"}]}},"jetpack_publicize_connections":[],"jetpack_sharing_enabled":true,"_links":{"self":[{"href":"https:\/\/www.musee-filature.com\/site\/wp-json\/wp\/v2\/product\/784","targetHints":{"allow":["GET"]}}],"collection":[{"href":"https:\/\/www.musee-filature.com\/site\/wp-json\/wp\/v2\/product"}],"about":[{"href":"https:\/\/www.musee-filature.com\/site\/wp-json\/wp\/v2\/types\/product"}],"wp:featuredmedia":[{"embeddable":true,"href":"https:\/\/www.musee-filature.com\/site\/wp-json\/wp\/v2\/media\/9953"}],"wp:attachment":[{"href":"https:\/\/www.musee-filature.com\/site\/wp-json\/wp\/v2\/media?parent=784"}],"wp:term":[{"taxonomy":"product_brand","embeddable":true,"href":"https:\/\/www.musee-filature.com\/site\/wp-json\/wp\/v2\/product_brand?post=784"},{"taxonomy":"product_cat","embeddable":true,"href":"https:\/\/www.musee-filature.com\/site\/wp-json\/wp\/v2\/product_cat?post=784"},{"taxonomy":"product_tag","embeddable":true,"href":"https:\/\/www.musee-filature.com\/site\/wp-json\/wp\/v2\/product_tag?post=784"}],"curies":[{"name":"wp","href":"https:\/\/api.w.org\/{rel}","templated":true}]}}