{"id":7291,"date":"2019-08-27T13:08:01","date_gmt":"2019-08-27T12:08:01","guid":{"rendered":"https:\/\/www.musee-filature.com\/site\/shop\/laine-cardee\/"},"modified":"2026-01-09T13:43:03","modified_gmt":"2026-01-09T12:43:03","slug":"laine-cardee","status":"publish","type":"product","link":"https:\/\/www.musee-filature.com\/site\/shop\/laine-cardee\/","title":{"rendered":"Laine card\u00e9e (6)"},"content":{"rendered":"<p><strong>Laine card\u00e9e avec des nuances de blanc, gris et noir, issus d&rsquo;\u00e9levage fran\u00e7ais.<\/strong><\/p>\n<p>&nbsp;<\/p>\n<p>&nbsp;<\/p>\n<p><strong> Rembourrage, feutrage, filage.<\/strong><\/p>\n<p>&nbsp;<\/p>\n<p><strong>Qualit\u00e9 &gt; 30 microns<\/strong><\/p>\n<p>&nbsp;<\/p>\n<p><strong>1kg = 1m x 2m<\/strong><\/p>\n","protected":false},"excerpt":{"rendered":"<p>Laine card\u00e9e avec des nuances de blanc, gris et noir, issus d&rsquo;\u00e9levage fran\u00e7ais. &nbsp; &nbsp; Rembourrage, feutrage, filage. &nbsp; Qualit\u00e9 &gt; 30 microns &nbsp; 1kg = 1m x 2m<\/p>\n","protected":false},"featured_media":15884,"template":"","meta":{"_acf_changed":false,"jetpack_publicize_message":"","jetpack_publicize_feature_enabled":true,"jetpack_social_post_already_shared":true,"jetpack_social_options":{"image_generator_settings":{"template":"highway","default_image_id":0,"font":"","enabled":false},"version":2}},"product_brand":[],"product_cat":[21],"product_tag":[],"class_list":{"0":"post-7291","1":"product","2":"type-product","3":"status-publish","4":"has-post-thumbnail","6":"product_cat-laine_pays","8":"first","9":"instock","10":"sold-individually","11":"shipping-taxable","12":"purchasable","13":"product-type-variable"},"acf":[],"yoast_head":"<!-- This site is optimized with the Yoast SEO plugin v26.6 - https:\/\/yoast.com\/wordpress\/plugins\/seo\/ -->\n<title>Laine card\u00e9e mus\u00e9e filature<\/title>\n<meta name=\"description\" content=\"Id\u00e9ale pour le rembourrage (poup\u00e9es Waldorf) , pour les couvertures piqu\u00e9es... Peut aussi \u00eatre utilis\u00e9e par les d\u00e9butants pour le filage et le feutrage Laine card\u00e9e, en nappe;\" \/>\n<meta name=\"robots\" content=\"index, follow, max-snippet:-1, max-image-preview:large, max-video-preview:-1\" \/>\n<link rel=\"canonical\" href=\"https:\/\/www.musee-filature.com\/site\/shop\/laine-cardee\/\" \/>\n<meta property=\"og:locale\" content=\"fr_FR\" \/>\n<meta property=\"og:type\" content=\"article\" \/>\n<meta property=\"og:title\" content=\"Laine card\u00e9e mus\u00e9e filature\" \/>\n<meta property=\"og:description\" content=\"Id\u00e9ale pour le rembourrage (poup\u00e9es Waldorf) , pour les couvertures piqu\u00e9es... Peut aussi \u00eatre utilis\u00e9e par les d\u00e9butants pour le filage et le feutrage Laine card\u00e9e, en nappe;\" \/>\n<meta property=\"og:url\" content=\"https:\/\/www.musee-filature.com\/site\/shop\/laine-cardee\/\" \/>\n<meta property=\"og:site_name\" content=\"Musee Filature\" \/>\n<meta property=\"article:modified_time\" content=\"2026-01-09T12:43:03+00:00\" \/>\n<meta property=\"og:image\" content=\"https:\/\/www.musee-filature.com\/site\/wp-content\/uploads\/2019\/08\/laine-cardee-6.jpg\" \/>\n\t<meta property=\"og:image:width\" content=\"640\" \/>\n\t<meta property=\"og:image:height\" content=\"480\" \/>\n\t<meta property=\"og:image:type\" content=\"image\/jpeg\" \/>\n<meta name=\"twitter:card\" content=\"summary_large_image\" \/>\n<meta name=\"twitter:label1\" content=\"Dur\u00e9e de lecture estim\u00e9e\" \/>\n\t<meta name=\"twitter:data1\" content=\"1 minute\" \/>\n<script type=\"application\/ld+json\" class=\"yoast-schema-graph\">{\"@context\":\"https:\/\/schema.org\",\"@graph\":[{\"@type\":\"WebPage\",\"@id\":\"https:\/\/www.musee-filature.com\/site\/shop\/laine-cardee\/\",\"url\":\"https:\/\/www.musee-filature.com\/site\/shop\/laine-cardee\/\",\"name\":\"Laine card\u00e9e mus\u00e9e filature\",\"isPartOf\":{\"@id\":\"https:\/\/www.musee-filature.com\/site\/#website\"},\"primaryImageOfPage\":{\"@id\":\"https:\/\/www.musee-filature.com\/site\/shop\/laine-cardee\/#primaryimage\"},\"image\":{\"@id\":\"https:\/\/www.musee-filature.com\/site\/shop\/laine-cardee\/#primaryimage\"},\"thumbnailUrl\":\"https:\/\/www.musee-filature.com\/site\/wp-content\/uploads\/2019\/08\/laine-cardee-6.jpg\",\"datePublished\":\"2019-08-27T12:08:01+00:00\",\"dateModified\":\"2026-01-09T12:43:03+00:00\",\"description\":\"Id\u00e9ale pour le rembourrage (poup\u00e9es Waldorf) , pour les couvertures piqu\u00e9es... Peut aussi \u00eatre utilis\u00e9e par les d\u00e9butants pour le filage et le feutrage Laine card\u00e9e, en nappe;\",\"breadcrumb\":{\"@id\":\"https:\/\/www.musee-filature.com\/site\/shop\/laine-cardee\/#breadcrumb\"},\"inLanguage\":\"fr-FR\",\"potentialAction\":[{\"@type\":\"ReadAction\",\"target\":[\"https:\/\/www.musee-filature.com\/site\/shop\/laine-cardee\/\"]}]},{\"@type\":\"ImageObject\",\"inLanguage\":\"fr-FR\",\"@id\":\"https:\/\/www.musee-filature.com\/site\/shop\/laine-cardee\/#primaryimage\",\"url\":\"https:\/\/www.musee-filature.com\/site\/wp-content\/uploads\/2019\/08\/laine-cardee-6.jpg\",\"contentUrl\":\"https:\/\/www.musee-filature.com\/site\/wp-content\/uploads\/2019\/08\/laine-cardee-6.jpg\",\"width\":640,\"height\":480},{\"@type\":\"BreadcrumbList\",\"@id\":\"https:\/\/www.musee-filature.com\/site\/shop\/laine-cardee\/#breadcrumb\",\"itemListElement\":[{\"@type\":\"ListItem\",\"position\":1,\"name\":\"Accueil\",\"item\":\"https:\/\/www.musee-filature.com\/site\/\"},{\"@type\":\"ListItem\",\"position\":2,\"name\":\"Boutique de vente de laine\",\"item\":\"https:\/\/www.musee-filature.com\/site\/\"},{\"@type\":\"ListItem\",\"position\":3,\"name\":\"Laine card\u00e9e (6)\"}]},{\"@type\":\"WebSite\",\"@id\":\"https:\/\/www.musee-filature.com\/site\/#website\",\"url\":\"https:\/\/www.musee-filature.com\/site\/\",\"name\":\"Musee Filature\",\"description\":\"Les m\u00e9tiers de la laine\",\"potentialAction\":[{\"@type\":\"SearchAction\",\"target\":{\"@type\":\"EntryPoint\",\"urlTemplate\":\"https:\/\/www.musee-filature.com\/site\/?s={search_term_string}\"},\"query-input\":{\"@type\":\"PropertyValueSpecification\",\"valueRequired\":true,\"valueName\":\"search_term_string\"}}],\"inLanguage\":\"fr-FR\"}]}<\/script>\n<!-- \/ Yoast SEO plugin. -->","yoast_head_json":{"title":"Laine card\u00e9e mus\u00e9e filature","description":"Id\u00e9ale pour le rembourrage (poup\u00e9es Waldorf) , pour les couvertures piqu\u00e9es... Peut aussi \u00eatre utilis\u00e9e par les d\u00e9butants pour le filage et le feutrage Laine card\u00e9e, en nappe;","robots":{"index":"index","follow":"follow","max-snippet":"max-snippet:-1","max-image-preview":"max-image-preview:large","max-video-preview":"max-video-preview:-1"},"canonical":"https:\/\/www.musee-filature.com\/site\/shop\/laine-cardee\/","og_locale":"fr_FR","og_type":"article","og_title":"Laine card\u00e9e mus\u00e9e filature","og_description":"Id\u00e9ale pour le rembourrage (poup\u00e9es Waldorf) , pour les couvertures piqu\u00e9es... Peut aussi \u00eatre utilis\u00e9e par les d\u00e9butants pour le filage et le feutrage Laine card\u00e9e, en nappe;","og_url":"https:\/\/www.musee-filature.com\/site\/shop\/laine-cardee\/","og_site_name":"Musee Filature","article_modified_time":"2026-01-09T12:43:03+00:00","og_image":[{"width":640,"height":480,"url":"https:\/\/www.musee-filature.com\/site\/wp-content\/uploads\/2019\/08\/laine-cardee-6.jpg","type":"image\/jpeg"}],"twitter_card":"summary_large_image","twitter_misc":{"Dur\u00e9e de lecture estim\u00e9e":"1 minute"},"schema":{"@context":"https:\/\/schema.org","@graph":[{"@type":"WebPage","@id":"https:\/\/www.musee-filature.com\/site\/shop\/laine-cardee\/","url":"https:\/\/www.musee-filature.com\/site\/shop\/laine-cardee\/","name":"Laine card\u00e9e mus\u00e9e filature","isPartOf":{"@id":"https:\/\/www.musee-filature.com\/site\/#website"},"primaryImageOfPage":{"@id":"https:\/\/www.musee-filature.com\/site\/shop\/laine-cardee\/#primaryimage"},"image":{"@id":"https:\/\/www.musee-filature.com\/site\/shop\/laine-cardee\/#primaryimage"},"thumbnailUrl":"https:\/\/www.musee-filature.com\/site\/wp-content\/uploads\/2019\/08\/laine-cardee-6.jpg","datePublished":"2019-08-27T12:08:01+00:00","dateModified":"2026-01-09T12:43:03+00:00","description":"Id\u00e9ale pour le rembourrage (poup\u00e9es Waldorf) , pour les couvertures piqu\u00e9es... Peut aussi \u00eatre utilis\u00e9e par les d\u00e9butants pour le filage et le feutrage Laine card\u00e9e, en nappe;","breadcrumb":{"@id":"https:\/\/www.musee-filature.com\/site\/shop\/laine-cardee\/#breadcrumb"},"inLanguage":"fr-FR","potentialAction":[{"@type":"ReadAction","target":["https:\/\/www.musee-filature.com\/site\/shop\/laine-cardee\/"]}]},{"@type":"ImageObject","inLanguage":"fr-FR","@id":"https:\/\/www.musee-filature.com\/site\/shop\/laine-cardee\/#primaryimage","url":"https:\/\/www.musee-filature.com\/site\/wp-content\/uploads\/2019\/08\/laine-cardee-6.jpg","contentUrl":"https:\/\/www.musee-filature.com\/site\/wp-content\/uploads\/2019\/08\/laine-cardee-6.jpg","width":640,"height":480},{"@type":"BreadcrumbList","@id":"https:\/\/www.musee-filature.com\/site\/shop\/laine-cardee\/#breadcrumb","itemListElement":[{"@type":"ListItem","position":1,"name":"Accueil","item":"https:\/\/www.musee-filature.com\/site\/"},{"@type":"ListItem","position":2,"name":"Boutique de vente de laine","item":"https:\/\/www.musee-filature.com\/site\/"},{"@type":"ListItem","position":3,"name":"Laine card\u00e9e (6)"}]},{"@type":"WebSite","@id":"https:\/\/www.musee-filature.com\/site\/#website","url":"https:\/\/www.musee-filature.com\/site\/","name":"Musee Filature","description":"Les m\u00e9tiers de la laine","potentialAction":[{"@type":"SearchAction","target":{"@type":"EntryPoint","urlTemplate":"https:\/\/www.musee-filature.com\/site\/?s={search_term_string}"},"query-input":{"@type":"PropertyValueSpecification","valueRequired":true,"valueName":"search_term_string"}}],"inLanguage":"fr-FR"}]}},"jetpack_publicize_connections":[],"jetpack_sharing_enabled":true,"_links":{"self":[{"href":"https:\/\/www.musee-filature.com\/site\/wp-json\/wp\/v2\/product\/7291","targetHints":{"allow":["GET"]}}],"collection":[{"href":"https:\/\/www.musee-filature.com\/site\/wp-json\/wp\/v2\/product"}],"about":[{"href":"https:\/\/www.musee-filature.com\/site\/wp-json\/wp\/v2\/types\/product"}],"wp:featuredmedia":[{"embeddable":true,"href":"https:\/\/www.musee-filature.com\/site\/wp-json\/wp\/v2\/media\/15884"}],"wp:attachment":[{"href":"https:\/\/www.musee-filature.com\/site\/wp-json\/wp\/v2\/media?parent=7291"}],"wp:term":[{"taxonomy":"product_brand","embeddable":true,"href":"https:\/\/www.musee-filature.com\/site\/wp-json\/wp\/v2\/product_brand?post=7291"},{"taxonomy":"product_cat","embeddable":true,"href":"https:\/\/www.musee-filature.com\/site\/wp-json\/wp\/v2\/product_cat?post=7291"},{"taxonomy":"product_tag","embeddable":true,"href":"https:\/\/www.musee-filature.com\/site\/wp-json\/wp\/v2\/product_tag?post=7291"}],"curies":[{"name":"wp","href":"https:\/\/api.w.org\/{rel}","templated":true}]}}