{"id":4029,"date":"2016-02-06T19:40:19","date_gmt":"2016-02-06T19:40:19","guid":{"rendered":"http:\/\/www.musee-filature.com\/site\/shop\/laine-france-violet-n12\/"},"modified":"2025-04-16T06:53:28","modified_gmt":"2025-04-16T05:53:28","slug":"laine-france-violet-n12","status":"publish","type":"product","link":"https:\/\/www.musee-filature.com\/site\/shop\/laine-france-violet-n12\/","title":{"rendered":"Bizet card\u00e9e  \u00ab\u00a0violet\u00a0\u00bb n\u00b012"},"content":{"rendered":"<p><strong>Laine de brebis Bizet, issue d&rsquo;\u00e9levage Fran\u00e7ais.<\/strong><\/p>\n<p><strong> Teint\u00e9e et card\u00e9e en France.<\/strong><\/p>\n<p><strong>Filage et feutrage.<\/strong><\/p>\n<p><strong>Qualit\u00e9 : 30 microns<\/strong><\/p>\n<p>&nbsp;<\/p>\n","protected":false},"excerpt":{"rendered":"<p>Laine de brebis Bizet, issue d&rsquo;\u00e9levage Fran\u00e7ais. Teint\u00e9e et card\u00e9e en France. Filage et feutrage. Qualit\u00e9 : 30 microns &nbsp;<\/p>\n","protected":false},"featured_media":4028,"template":"","meta":{"_acf_changed":false,"jetpack_publicize_message":"","jetpack_publicize_feature_enabled":true,"jetpack_social_post_already_shared":true,"jetpack_social_options":{"image_generator_settings":{"template":"highway","default_image_id":0,"font":"","enabled":false},"version":2}},"product_brand":[],"product_cat":[20],"product_tag":[],"class_list":{"0":"post-4029","1":"product","2":"type-product","3":"status-publish","4":"has-post-thumbnail","6":"product_cat-cardee_bizet","8":"first","9":"instock","10":"sold-individually","11":"shipping-taxable","12":"purchasable","13":"product-type-variable"},"acf":[],"yoast_head":"<!-- This site is optimized with the Yoast SEO plugin v26.6 - https:\/\/yoast.com\/wordpress\/plugins\/seo\/ -->\n<title>Laine de France &quot;bleu&quot;<\/title>\n<meta name=\"description\" content=\"Laine de France issue d&#039;\u00e9levage bio, brebis Bizet. Tr\u00e8s appr\u00e9ci\u00e9e pour son aspect marbr\u00e9, d\u00fb \u00e0 sa couleur d&#039;origine. Card\u00e9e dans notre atelier, sur machines centenaires. Vendue par 100gr, pour filage et feutrage.\" \/>\n<meta name=\"robots\" content=\"index, follow, max-snippet:-1, max-image-preview:large, max-video-preview:-1\" \/>\n<link rel=\"canonical\" href=\"https:\/\/www.musee-filature.com\/site\/shop\/laine-france-violet-n12\/\" \/>\n<meta property=\"og:locale\" content=\"fr_FR\" \/>\n<meta property=\"og:type\" content=\"article\" \/>\n<meta property=\"og:title\" content=\"Laine de France &quot;bleu&quot;\" \/>\n<meta property=\"og:description\" content=\"Laine de France issue d&#039;\u00e9levage bio, brebis Bizet. Tr\u00e8s appr\u00e9ci\u00e9e pour son aspect marbr\u00e9, d\u00fb \u00e0 sa couleur d&#039;origine. Card\u00e9e dans notre atelier, sur machines centenaires. Vendue par 100gr, pour filage et feutrage.\" \/>\n<meta property=\"og:url\" content=\"https:\/\/www.musee-filature.com\/site\/shop\/laine-france-violet-n12\/\" \/>\n<meta property=\"og:site_name\" content=\"Musee Filature\" \/>\n<meta property=\"article:modified_time\" content=\"2025-04-16T05:53:28+00:00\" \/>\n<meta property=\"og:image\" content=\"https:\/\/www.musee-filature.com\/site\/wp-content\/uploads\/2016\/02\/bizet-n\u00b012-violet.jpg\" \/>\n\t<meta property=\"og:image:width\" content=\"640\" \/>\n\t<meta property=\"og:image:height\" content=\"480\" \/>\n\t<meta property=\"og:image:type\" content=\"image\/jpeg\" \/>\n<meta name=\"twitter:card\" content=\"summary_large_image\" \/>\n<meta name=\"twitter:label1\" content=\"Dur\u00e9e de lecture estim\u00e9e\" \/>\n\t<meta name=\"twitter:data1\" content=\"1 minute\" \/>\n<script type=\"application\/ld+json\" class=\"yoast-schema-graph\">{\"@context\":\"https:\/\/schema.org\",\"@graph\":[{\"@type\":\"WebPage\",\"@id\":\"https:\/\/www.musee-filature.com\/site\/shop\/laine-france-violet-n12\/\",\"url\":\"https:\/\/www.musee-filature.com\/site\/shop\/laine-france-violet-n12\/\",\"name\":\"Laine de France \\\"bleu\\\"\",\"isPartOf\":{\"@id\":\"https:\/\/www.musee-filature.com\/site\/#website\"},\"primaryImageOfPage\":{\"@id\":\"https:\/\/www.musee-filature.com\/site\/shop\/laine-france-violet-n12\/#primaryimage\"},\"image\":{\"@id\":\"https:\/\/www.musee-filature.com\/site\/shop\/laine-france-violet-n12\/#primaryimage\"},\"thumbnailUrl\":\"https:\/\/www.musee-filature.com\/site\/wp-content\/uploads\/2016\/02\/bizet-n\u00b012-violet.jpg\",\"datePublished\":\"2016-02-06T19:40:19+00:00\",\"dateModified\":\"2025-04-16T05:53:28+00:00\",\"description\":\"Laine de France issue d'\u00e9levage bio, brebis Bizet. Tr\u00e8s appr\u00e9ci\u00e9e pour son aspect marbr\u00e9, d\u00fb \u00e0 sa couleur d'origine. Card\u00e9e dans notre atelier, sur machines centenaires. Vendue par 100gr, pour filage et feutrage.\",\"breadcrumb\":{\"@id\":\"https:\/\/www.musee-filature.com\/site\/shop\/laine-france-violet-n12\/#breadcrumb\"},\"inLanguage\":\"fr-FR\",\"potentialAction\":[{\"@type\":\"ReadAction\",\"target\":[\"https:\/\/www.musee-filature.com\/site\/shop\/laine-france-violet-n12\/\"]}]},{\"@type\":\"ImageObject\",\"inLanguage\":\"fr-FR\",\"@id\":\"https:\/\/www.musee-filature.com\/site\/shop\/laine-france-violet-n12\/#primaryimage\",\"url\":\"https:\/\/www.musee-filature.com\/site\/wp-content\/uploads\/2016\/02\/bizet-n\u00b012-violet.jpg\",\"contentUrl\":\"https:\/\/www.musee-filature.com\/site\/wp-content\/uploads\/2016\/02\/bizet-n\u00b012-violet.jpg\",\"width\":640,\"height\":480},{\"@type\":\"BreadcrumbList\",\"@id\":\"https:\/\/www.musee-filature.com\/site\/shop\/laine-france-violet-n12\/#breadcrumb\",\"itemListElement\":[{\"@type\":\"ListItem\",\"position\":1,\"name\":\"Accueil\",\"item\":\"https:\/\/www.musee-filature.com\/site\/\"},{\"@type\":\"ListItem\",\"position\":2,\"name\":\"Boutique de vente de laine\",\"item\":\"https:\/\/www.musee-filature.com\/site\/\"},{\"@type\":\"ListItem\",\"position\":3,\"name\":\"Bizet card\u00e9e &#8220;violet&#8221; n\u00b012\"}]},{\"@type\":\"WebSite\",\"@id\":\"https:\/\/www.musee-filature.com\/site\/#website\",\"url\":\"https:\/\/www.musee-filature.com\/site\/\",\"name\":\"Musee Filature\",\"description\":\"Les m\u00e9tiers de la laine\",\"potentialAction\":[{\"@type\":\"SearchAction\",\"target\":{\"@type\":\"EntryPoint\",\"urlTemplate\":\"https:\/\/www.musee-filature.com\/site\/?s={search_term_string}\"},\"query-input\":{\"@type\":\"PropertyValueSpecification\",\"valueRequired\":true,\"valueName\":\"search_term_string\"}}],\"inLanguage\":\"fr-FR\"}]}<\/script>\n<!-- \/ Yoast SEO plugin. -->","yoast_head_json":{"title":"Laine de France \"bleu\"","description":"Laine de France issue d'\u00e9levage bio, brebis Bizet. Tr\u00e8s appr\u00e9ci\u00e9e pour son aspect marbr\u00e9, d\u00fb \u00e0 sa couleur d'origine. Card\u00e9e dans notre atelier, sur machines centenaires. Vendue par 100gr, pour filage et feutrage.","robots":{"index":"index","follow":"follow","max-snippet":"max-snippet:-1","max-image-preview":"max-image-preview:large","max-video-preview":"max-video-preview:-1"},"canonical":"https:\/\/www.musee-filature.com\/site\/shop\/laine-france-violet-n12\/","og_locale":"fr_FR","og_type":"article","og_title":"Laine de France \"bleu\"","og_description":"Laine de France issue d'\u00e9levage bio, brebis Bizet. Tr\u00e8s appr\u00e9ci\u00e9e pour son aspect marbr\u00e9, d\u00fb \u00e0 sa couleur d'origine. Card\u00e9e dans notre atelier, sur machines centenaires. Vendue par 100gr, pour filage et feutrage.","og_url":"https:\/\/www.musee-filature.com\/site\/shop\/laine-france-violet-n12\/","og_site_name":"Musee Filature","article_modified_time":"2025-04-16T05:53:28+00:00","og_image":[{"width":640,"height":480,"url":"https:\/\/www.musee-filature.com\/site\/wp-content\/uploads\/2016\/02\/bizet-n\u00b012-violet.jpg","type":"image\/jpeg"}],"twitter_card":"summary_large_image","twitter_misc":{"Dur\u00e9e de lecture estim\u00e9e":"1 minute"},"schema":{"@context":"https:\/\/schema.org","@graph":[{"@type":"WebPage","@id":"https:\/\/www.musee-filature.com\/site\/shop\/laine-france-violet-n12\/","url":"https:\/\/www.musee-filature.com\/site\/shop\/laine-france-violet-n12\/","name":"Laine de France \"bleu\"","isPartOf":{"@id":"https:\/\/www.musee-filature.com\/site\/#website"},"primaryImageOfPage":{"@id":"https:\/\/www.musee-filature.com\/site\/shop\/laine-france-violet-n12\/#primaryimage"},"image":{"@id":"https:\/\/www.musee-filature.com\/site\/shop\/laine-france-violet-n12\/#primaryimage"},"thumbnailUrl":"https:\/\/www.musee-filature.com\/site\/wp-content\/uploads\/2016\/02\/bizet-n\u00b012-violet.jpg","datePublished":"2016-02-06T19:40:19+00:00","dateModified":"2025-04-16T05:53:28+00:00","description":"Laine de France issue d'\u00e9levage bio, brebis Bizet. Tr\u00e8s appr\u00e9ci\u00e9e pour son aspect marbr\u00e9, d\u00fb \u00e0 sa couleur d'origine. Card\u00e9e dans notre atelier, sur machines centenaires. Vendue par 100gr, pour filage et feutrage.","breadcrumb":{"@id":"https:\/\/www.musee-filature.com\/site\/shop\/laine-france-violet-n12\/#breadcrumb"},"inLanguage":"fr-FR","potentialAction":[{"@type":"ReadAction","target":["https:\/\/www.musee-filature.com\/site\/shop\/laine-france-violet-n12\/"]}]},{"@type":"ImageObject","inLanguage":"fr-FR","@id":"https:\/\/www.musee-filature.com\/site\/shop\/laine-france-violet-n12\/#primaryimage","url":"https:\/\/www.musee-filature.com\/site\/wp-content\/uploads\/2016\/02\/bizet-n\u00b012-violet.jpg","contentUrl":"https:\/\/www.musee-filature.com\/site\/wp-content\/uploads\/2016\/02\/bizet-n\u00b012-violet.jpg","width":640,"height":480},{"@type":"BreadcrumbList","@id":"https:\/\/www.musee-filature.com\/site\/shop\/laine-france-violet-n12\/#breadcrumb","itemListElement":[{"@type":"ListItem","position":1,"name":"Accueil","item":"https:\/\/www.musee-filature.com\/site\/"},{"@type":"ListItem","position":2,"name":"Boutique de vente de laine","item":"https:\/\/www.musee-filature.com\/site\/"},{"@type":"ListItem","position":3,"name":"Bizet card\u00e9e &#8220;violet&#8221; n\u00b012"}]},{"@type":"WebSite","@id":"https:\/\/www.musee-filature.com\/site\/#website","url":"https:\/\/www.musee-filature.com\/site\/","name":"Musee Filature","description":"Les m\u00e9tiers de la laine","potentialAction":[{"@type":"SearchAction","target":{"@type":"EntryPoint","urlTemplate":"https:\/\/www.musee-filature.com\/site\/?s={search_term_string}"},"query-input":{"@type":"PropertyValueSpecification","valueRequired":true,"valueName":"search_term_string"}}],"inLanguage":"fr-FR"}]}},"jetpack_publicize_connections":[],"jetpack_sharing_enabled":true,"_links":{"self":[{"href":"https:\/\/www.musee-filature.com\/site\/wp-json\/wp\/v2\/product\/4029","targetHints":{"allow":["GET"]}}],"collection":[{"href":"https:\/\/www.musee-filature.com\/site\/wp-json\/wp\/v2\/product"}],"about":[{"href":"https:\/\/www.musee-filature.com\/site\/wp-json\/wp\/v2\/types\/product"}],"wp:featuredmedia":[{"embeddable":true,"href":"https:\/\/www.musee-filature.com\/site\/wp-json\/wp\/v2\/media\/4028"}],"wp:attachment":[{"href":"https:\/\/www.musee-filature.com\/site\/wp-json\/wp\/v2\/media?parent=4029"}],"wp:term":[{"taxonomy":"product_brand","embeddable":true,"href":"https:\/\/www.musee-filature.com\/site\/wp-json\/wp\/v2\/product_brand?post=4029"},{"taxonomy":"product_cat","embeddable":true,"href":"https:\/\/www.musee-filature.com\/site\/wp-json\/wp\/v2\/product_cat?post=4029"},{"taxonomy":"product_tag","embeddable":true,"href":"https:\/\/www.musee-filature.com\/site\/wp-json\/wp\/v2\/product_tag?post=4029"}],"curies":[{"name":"wp","href":"https:\/\/api.w.org\/{rel}","templated":true}]}}