{"id":2685,"date":"2015-09-06T07:00:41","date_gmt":"2015-09-06T07:00:41","guid":{"rendered":"http:\/\/www.musee-filature.com\/site\/shop\/merinos-carde-rose-fibres-courtes-n9\/"},"modified":"2025-02-25T06:15:47","modified_gmt":"2025-02-25T05:15:47","slug":"merinos-carde-rose-fibres-courtes-n9","status":"publish","type":"product","link":"https:\/\/www.musee-filature.com\/site\/shop\/merinos-carde-rose-fibres-courtes-n9\/","title":{"rendered":"M\u00e9rinos card\u00e9 rose (fibres courtes) n\u00b09"},"content":{"rendered":"<p><strong>M\u00e9rinos card\u00e9 rose, 27 microns.<\/strong><\/p>\n<p><strong>Laine pour feutrage \u00e0 l&rsquo;eau et \u00e0 l&rsquo;aiguille, filage au fuseau et au rouet.<\/strong><\/p>\n<p>&nbsp;<\/p>\n","protected":false},"excerpt":{"rendered":"<p>M\u00e9rinos card\u00e9 27 microns.<\/p>\n","protected":false},"featured_media":4058,"template":"","meta":{"_acf_changed":false,"jetpack_publicize_message":"","jetpack_publicize_feature_enabled":true,"jetpack_social_post_already_shared":true,"jetpack_social_options":{"image_generator_settings":{"template":"highway","default_image_id":0,"font":"","enabled":false},"version":2}},"product_brand":[],"product_cat":[67],"product_tag":[68],"class_list":{"0":"post-2685","1":"product","2":"type-product","3":"status-publish","4":"has-post-thumbnail","6":"product_cat-merinos-carde","7":"product_tag-merinos-carde-2","9":"first","10":"instock","11":"shipping-taxable","12":"purchasable","13":"product-type-variable"},"acf":[],"yoast_head":"<!-- This site is optimized with the Yoast SEO plugin v26.6 - https:\/\/yoast.com\/wordpress\/plugins\/seo\/ -->\n<title>m\u00e9rinos card\u00e9<\/title>\n<meta name=\"description\" content=\"M\u00e9rinos card\u00e9e. Laine pour feutrage \u00e0 l&#039;eau et \u00e0 l&#039;aiguille, filage au fuseau et au rouet.\" \/>\n<meta name=\"robots\" content=\"index, follow, max-snippet:-1, max-image-preview:large, max-video-preview:-1\" \/>\n<link rel=\"canonical\" href=\"https:\/\/www.musee-filature.com\/site\/shop\/merinos-carde-rose-fibres-courtes-n9\/\" \/>\n<meta property=\"og:locale\" content=\"fr_FR\" \/>\n<meta property=\"og:type\" content=\"article\" \/>\n<meta property=\"og:title\" content=\"m\u00e9rinos card\u00e9\" \/>\n<meta property=\"og:description\" content=\"M\u00e9rinos card\u00e9e. Laine pour feutrage \u00e0 l&#039;eau et \u00e0 l&#039;aiguille, filage au fuseau et au rouet.\" \/>\n<meta property=\"og:url\" content=\"https:\/\/www.musee-filature.com\/site\/shop\/merinos-carde-rose-fibres-courtes-n9\/\" \/>\n<meta property=\"og:site_name\" content=\"Musee Filature\" \/>\n<meta property=\"article:modified_time\" content=\"2025-02-25T05:15:47+00:00\" \/>\n<meta property=\"og:image\" content=\"http:\/\/www.musee-filature.com\/site\/wp-content\/uploads\/2014\/11\/P1040629.jpg\" \/>\n<meta name=\"twitter:card\" content=\"summary_large_image\" \/>\n<meta name=\"twitter:label1\" content=\"Dur\u00e9e de lecture estim\u00e9e\" \/>\n\t<meta name=\"twitter:data1\" content=\"1 minute\" \/>\n<script type=\"application\/ld+json\" class=\"yoast-schema-graph\">{\"@context\":\"https:\/\/schema.org\",\"@graph\":[{\"@type\":\"WebPage\",\"@id\":\"https:\/\/www.musee-filature.com\/site\/shop\/merinos-carde-rose-fibres-courtes-n9\/\",\"url\":\"https:\/\/www.musee-filature.com\/site\/shop\/merinos-carde-rose-fibres-courtes-n9\/\",\"name\":\"m\u00e9rinos card\u00e9\",\"isPartOf\":{\"@id\":\"https:\/\/www.musee-filature.com\/site\/#website\"},\"primaryImageOfPage\":{\"@id\":\"https:\/\/www.musee-filature.com\/site\/shop\/merinos-carde-rose-fibres-courtes-n9\/#primaryimage\"},\"image\":{\"@id\":\"https:\/\/www.musee-filature.com\/site\/shop\/merinos-carde-rose-fibres-courtes-n9\/#primaryimage\"},\"thumbnailUrl\":\"https:\/\/www.musee-filature.com\/site\/wp-content\/uploads\/2015\/09\/card\u00e9e-m\u00e9rinos-n\u00b09-scaled.jpg\",\"datePublished\":\"2015-09-06T07:00:41+00:00\",\"dateModified\":\"2025-02-25T05:15:47+00:00\",\"description\":\"M\u00e9rinos card\u00e9e. Laine pour feutrage \u00e0 l'eau et \u00e0 l'aiguille, filage au fuseau et au rouet.\",\"breadcrumb\":{\"@id\":\"https:\/\/www.musee-filature.com\/site\/shop\/merinos-carde-rose-fibres-courtes-n9\/#breadcrumb\"},\"inLanguage\":\"fr-FR\",\"potentialAction\":[{\"@type\":\"ReadAction\",\"target\":[\"https:\/\/www.musee-filature.com\/site\/shop\/merinos-carde-rose-fibres-courtes-n9\/\"]}]},{\"@type\":\"ImageObject\",\"inLanguage\":\"fr-FR\",\"@id\":\"https:\/\/www.musee-filature.com\/site\/shop\/merinos-carde-rose-fibres-courtes-n9\/#primaryimage\",\"url\":\"https:\/\/www.musee-filature.com\/site\/wp-content\/uploads\/2015\/09\/card\u00e9e-m\u00e9rinos-n\u00b09-scaled.jpg\",\"contentUrl\":\"https:\/\/www.musee-filature.com\/site\/wp-content\/uploads\/2015\/09\/card\u00e9e-m\u00e9rinos-n\u00b09-scaled.jpg\",\"width\":2560,\"height\":1707},{\"@type\":\"BreadcrumbList\",\"@id\":\"https:\/\/www.musee-filature.com\/site\/shop\/merinos-carde-rose-fibres-courtes-n9\/#breadcrumb\",\"itemListElement\":[{\"@type\":\"ListItem\",\"position\":1,\"name\":\"Accueil\",\"item\":\"https:\/\/www.musee-filature.com\/site\/\"},{\"@type\":\"ListItem\",\"position\":2,\"name\":\"Boutique de vente de laine\",\"item\":\"https:\/\/www.musee-filature.com\/site\/\"},{\"@type\":\"ListItem\",\"position\":3,\"name\":\"M\u00e9rinos card\u00e9 rose (fibres courtes) n\u00b09\"}]},{\"@type\":\"WebSite\",\"@id\":\"https:\/\/www.musee-filature.com\/site\/#website\",\"url\":\"https:\/\/www.musee-filature.com\/site\/\",\"name\":\"Musee Filature\",\"description\":\"Les m\u00e9tiers de la laine\",\"potentialAction\":[{\"@type\":\"SearchAction\",\"target\":{\"@type\":\"EntryPoint\",\"urlTemplate\":\"https:\/\/www.musee-filature.com\/site\/?s={search_term_string}\"},\"query-input\":{\"@type\":\"PropertyValueSpecification\",\"valueRequired\":true,\"valueName\":\"search_term_string\"}}],\"inLanguage\":\"fr-FR\"}]}<\/script>\n<!-- \/ Yoast SEO plugin. -->","yoast_head_json":{"title":"m\u00e9rinos card\u00e9","description":"M\u00e9rinos card\u00e9e. Laine pour feutrage \u00e0 l'eau et \u00e0 l'aiguille, filage au fuseau et au rouet.","robots":{"index":"index","follow":"follow","max-snippet":"max-snippet:-1","max-image-preview":"max-image-preview:large","max-video-preview":"max-video-preview:-1"},"canonical":"https:\/\/www.musee-filature.com\/site\/shop\/merinos-carde-rose-fibres-courtes-n9\/","og_locale":"fr_FR","og_type":"article","og_title":"m\u00e9rinos card\u00e9","og_description":"M\u00e9rinos card\u00e9e. Laine pour feutrage \u00e0 l'eau et \u00e0 l'aiguille, filage au fuseau et au rouet.","og_url":"https:\/\/www.musee-filature.com\/site\/shop\/merinos-carde-rose-fibres-courtes-n9\/","og_site_name":"Musee Filature","article_modified_time":"2025-02-25T05:15:47+00:00","og_image":[{"url":"http:\/\/www.musee-filature.com\/site\/wp-content\/uploads\/2014\/11\/P1040629.jpg","type":"","width":"","height":""}],"twitter_card":"summary_large_image","twitter_misc":{"Dur\u00e9e de lecture estim\u00e9e":"1 minute"},"schema":{"@context":"https:\/\/schema.org","@graph":[{"@type":"WebPage","@id":"https:\/\/www.musee-filature.com\/site\/shop\/merinos-carde-rose-fibres-courtes-n9\/","url":"https:\/\/www.musee-filature.com\/site\/shop\/merinos-carde-rose-fibres-courtes-n9\/","name":"m\u00e9rinos card\u00e9","isPartOf":{"@id":"https:\/\/www.musee-filature.com\/site\/#website"},"primaryImageOfPage":{"@id":"https:\/\/www.musee-filature.com\/site\/shop\/merinos-carde-rose-fibres-courtes-n9\/#primaryimage"},"image":{"@id":"https:\/\/www.musee-filature.com\/site\/shop\/merinos-carde-rose-fibres-courtes-n9\/#primaryimage"},"thumbnailUrl":"https:\/\/www.musee-filature.com\/site\/wp-content\/uploads\/2015\/09\/card\u00e9e-m\u00e9rinos-n\u00b09-scaled.jpg","datePublished":"2015-09-06T07:00:41+00:00","dateModified":"2025-02-25T05:15:47+00:00","description":"M\u00e9rinos card\u00e9e. Laine pour feutrage \u00e0 l'eau et \u00e0 l'aiguille, filage au fuseau et au rouet.","breadcrumb":{"@id":"https:\/\/www.musee-filature.com\/site\/shop\/merinos-carde-rose-fibres-courtes-n9\/#breadcrumb"},"inLanguage":"fr-FR","potentialAction":[{"@type":"ReadAction","target":["https:\/\/www.musee-filature.com\/site\/shop\/merinos-carde-rose-fibres-courtes-n9\/"]}]},{"@type":"ImageObject","inLanguage":"fr-FR","@id":"https:\/\/www.musee-filature.com\/site\/shop\/merinos-carde-rose-fibres-courtes-n9\/#primaryimage","url":"https:\/\/www.musee-filature.com\/site\/wp-content\/uploads\/2015\/09\/card\u00e9e-m\u00e9rinos-n\u00b09-scaled.jpg","contentUrl":"https:\/\/www.musee-filature.com\/site\/wp-content\/uploads\/2015\/09\/card\u00e9e-m\u00e9rinos-n\u00b09-scaled.jpg","width":2560,"height":1707},{"@type":"BreadcrumbList","@id":"https:\/\/www.musee-filature.com\/site\/shop\/merinos-carde-rose-fibres-courtes-n9\/#breadcrumb","itemListElement":[{"@type":"ListItem","position":1,"name":"Accueil","item":"https:\/\/www.musee-filature.com\/site\/"},{"@type":"ListItem","position":2,"name":"Boutique de vente de laine","item":"https:\/\/www.musee-filature.com\/site\/"},{"@type":"ListItem","position":3,"name":"M\u00e9rinos card\u00e9 rose (fibres courtes) n\u00b09"}]},{"@type":"WebSite","@id":"https:\/\/www.musee-filature.com\/site\/#website","url":"https:\/\/www.musee-filature.com\/site\/","name":"Musee Filature","description":"Les m\u00e9tiers de la laine","potentialAction":[{"@type":"SearchAction","target":{"@type":"EntryPoint","urlTemplate":"https:\/\/www.musee-filature.com\/site\/?s={search_term_string}"},"query-input":{"@type":"PropertyValueSpecification","valueRequired":true,"valueName":"search_term_string"}}],"inLanguage":"fr-FR"}]}},"jetpack_publicize_connections":[],"jetpack_sharing_enabled":true,"_links":{"self":[{"href":"https:\/\/www.musee-filature.com\/site\/wp-json\/wp\/v2\/product\/2685","targetHints":{"allow":["GET"]}}],"collection":[{"href":"https:\/\/www.musee-filature.com\/site\/wp-json\/wp\/v2\/product"}],"about":[{"href":"https:\/\/www.musee-filature.com\/site\/wp-json\/wp\/v2\/types\/product"}],"wp:featuredmedia":[{"embeddable":true,"href":"https:\/\/www.musee-filature.com\/site\/wp-json\/wp\/v2\/media\/4058"}],"wp:attachment":[{"href":"https:\/\/www.musee-filature.com\/site\/wp-json\/wp\/v2\/media?parent=2685"}],"wp:term":[{"taxonomy":"product_brand","embeddable":true,"href":"https:\/\/www.musee-filature.com\/site\/wp-json\/wp\/v2\/product_brand?post=2685"},{"taxonomy":"product_cat","embeddable":true,"href":"https:\/\/www.musee-filature.com\/site\/wp-json\/wp\/v2\/product_cat?post=2685"},{"taxonomy":"product_tag","embeddable":true,"href":"https:\/\/www.musee-filature.com\/site\/wp-json\/wp\/v2\/product_tag?post=2685"}],"curies":[{"name":"wp","href":"https:\/\/api.w.org\/{rel}","templated":true}]}}