{"id":2348,"date":"2015-04-29T20:03:05","date_gmt":"2015-04-29T20:03:05","guid":{"rendered":"http:\/\/www.musee-filature.com\/site\/shop\/laine-france-orange\/"},"modified":"2025-11-25T16:31:57","modified_gmt":"2025-11-25T15:31:57","slug":"laine-france-orange","status":"publish","type":"product","link":"https:\/\/www.musee-filature.com\/site\/shop\/laine-france-orange\/","title":{"rendered":"Bizet card\u00e9e  \u00ab\u00a0orange\u00a0\u00bb n\u00b02"},"content":{"rendered":"<p><strong>Laine de brebis Bizet, issue d&rsquo;\u00e9levage Fran\u00e7ais.<\/strong><\/p>\n<p><strong> Teint\u00e9e et card\u00e9e en France.<\/strong><\/p>\n<p><strong>Filage et feutrage.<\/strong><\/p>\n<p><strong>Qualit\u00e9 : 30 microns<\/strong><\/p>\n<p>&nbsp;<\/p>\n","protected":false},"excerpt":{"rendered":"<p>Laine de brebis Bizet, issue d&rsquo;\u00e9levage Fran\u00e7ais. Teint\u00e9e et card\u00e9e en France. Filage et feutrage. Qualit\u00e9 : 30 microns &nbsp;<\/p>\n","protected":false},"featured_media":2349,"template":"","meta":{"_acf_changed":false,"jetpack_publicize_message":"","jetpack_publicize_feature_enabled":true,"jetpack_social_post_already_shared":true,"jetpack_social_options":{"image_generator_settings":{"template":"highway","default_image_id":0,"font":"","enabled":false},"version":2}},"product_brand":[],"product_cat":[20],"product_tag":[69],"class_list":{"0":"post-2348","1":"product","2":"type-product","3":"status-publish","4":"has-post-thumbnail","6":"product_cat-cardee_bizet","7":"product_tag-laine-bizet","9":"first","10":"instock","11":"sold-individually","12":"shipping-taxable","13":"purchasable","14":"product-type-variable"},"acf":[],"yoast_head":"<!-- This site is optimized with the Yoast SEO plugin v26.6 - https:\/\/yoast.com\/wordpress\/plugins\/seo\/ -->\n<title>Laine de France &quot;orange&quot; mus\u00e9e filature<\/title>\n<meta name=\"description\" content=\"Laine de brebis Bizet, issue d&#039;\u00e9levage bio; Tr\u00e8s appr\u00e9ci\u00e9e pour son aspect marbr\u00e9, d\u00fb \u00e0 sa couleur d&#039;origine. Filage et feutrage. Vendue par 100gr.\" \/>\n<meta name=\"robots\" content=\"index, follow, max-snippet:-1, max-image-preview:large, max-video-preview:-1\" \/>\n<link rel=\"canonical\" href=\"https:\/\/www.musee-filature.com\/site\/shop\/laine-france-orange\/\" \/>\n<meta property=\"og:locale\" content=\"fr_FR\" \/>\n<meta property=\"og:type\" content=\"article\" \/>\n<meta property=\"og:title\" content=\"Laine de France &quot;orange&quot; mus\u00e9e filature\" \/>\n<meta property=\"og:description\" content=\"Laine de brebis Bizet, issue d&#039;\u00e9levage bio; Tr\u00e8s appr\u00e9ci\u00e9e pour son aspect marbr\u00e9, d\u00fb \u00e0 sa couleur d&#039;origine. Filage et feutrage. Vendue par 100gr.\" \/>\n<meta property=\"og:url\" content=\"https:\/\/www.musee-filature.com\/site\/shop\/laine-france-orange\/\" \/>\n<meta property=\"og:site_name\" content=\"Musee Filature\" \/>\n<meta property=\"article:modified_time\" content=\"2025-11-25T15:31:57+00:00\" \/>\n<meta property=\"og:image\" content=\"https:\/\/www.musee-filature.com\/site\/wp-content\/uploads\/2015\/04\/bizet-orange-2-e1603730921832.jpg\" \/>\n\t<meta property=\"og:image:width\" content=\"640\" \/>\n\t<meta property=\"og:image:height\" content=\"480\" \/>\n\t<meta property=\"og:image:type\" content=\"image\/jpeg\" \/>\n<meta name=\"twitter:card\" content=\"summary_large_image\" \/>\n<meta name=\"twitter:label1\" content=\"Dur\u00e9e de lecture estim\u00e9e\" \/>\n\t<meta name=\"twitter:data1\" content=\"1 minute\" \/>\n<script type=\"application\/ld+json\" class=\"yoast-schema-graph\">{\"@context\":\"https:\/\/schema.org\",\"@graph\":[{\"@type\":\"WebPage\",\"@id\":\"https:\/\/www.musee-filature.com\/site\/shop\/laine-france-orange\/\",\"url\":\"https:\/\/www.musee-filature.com\/site\/shop\/laine-france-orange\/\",\"name\":\"Laine de France \\\"orange\\\" mus\u00e9e filature\",\"isPartOf\":{\"@id\":\"https:\/\/www.musee-filature.com\/site\/#website\"},\"primaryImageOfPage\":{\"@id\":\"https:\/\/www.musee-filature.com\/site\/shop\/laine-france-orange\/#primaryimage\"},\"image\":{\"@id\":\"https:\/\/www.musee-filature.com\/site\/shop\/laine-france-orange\/#primaryimage\"},\"thumbnailUrl\":\"https:\/\/www.musee-filature.com\/site\/wp-content\/uploads\/2015\/04\/bizet-orange-2-e1603730921832.jpg\",\"datePublished\":\"2015-04-29T20:03:05+00:00\",\"dateModified\":\"2025-11-25T15:31:57+00:00\",\"description\":\"Laine de brebis Bizet, issue d'\u00e9levage bio; Tr\u00e8s appr\u00e9ci\u00e9e pour son aspect marbr\u00e9, d\u00fb \u00e0 sa couleur d'origine. Filage et feutrage. Vendue par 100gr.\",\"breadcrumb\":{\"@id\":\"https:\/\/www.musee-filature.com\/site\/shop\/laine-france-orange\/#breadcrumb\"},\"inLanguage\":\"fr-FR\",\"potentialAction\":[{\"@type\":\"ReadAction\",\"target\":[\"https:\/\/www.musee-filature.com\/site\/shop\/laine-france-orange\/\"]}]},{\"@type\":\"ImageObject\",\"inLanguage\":\"fr-FR\",\"@id\":\"https:\/\/www.musee-filature.com\/site\/shop\/laine-france-orange\/#primaryimage\",\"url\":\"https:\/\/www.musee-filature.com\/site\/wp-content\/uploads\/2015\/04\/bizet-orange-2-e1603730921832.jpg\",\"contentUrl\":\"https:\/\/www.musee-filature.com\/site\/wp-content\/uploads\/2015\/04\/bizet-orange-2-e1603730921832.jpg\",\"width\":640,\"height\":480,\"caption\":\"laine bizet filage feutrage\"},{\"@type\":\"BreadcrumbList\",\"@id\":\"https:\/\/www.musee-filature.com\/site\/shop\/laine-france-orange\/#breadcrumb\",\"itemListElement\":[{\"@type\":\"ListItem\",\"position\":1,\"name\":\"Accueil\",\"item\":\"https:\/\/www.musee-filature.com\/site\/\"},{\"@type\":\"ListItem\",\"position\":2,\"name\":\"Boutique de vente de laine\",\"item\":\"https:\/\/www.musee-filature.com\/site\/\"},{\"@type\":\"ListItem\",\"position\":3,\"name\":\"Bizet card\u00e9e &#8220;orange&#8221; n\u00b02\"}]},{\"@type\":\"WebSite\",\"@id\":\"https:\/\/www.musee-filature.com\/site\/#website\",\"url\":\"https:\/\/www.musee-filature.com\/site\/\",\"name\":\"Musee Filature\",\"description\":\"Les m\u00e9tiers de la laine\",\"potentialAction\":[{\"@type\":\"SearchAction\",\"target\":{\"@type\":\"EntryPoint\",\"urlTemplate\":\"https:\/\/www.musee-filature.com\/site\/?s={search_term_string}\"},\"query-input\":{\"@type\":\"PropertyValueSpecification\",\"valueRequired\":true,\"valueName\":\"search_term_string\"}}],\"inLanguage\":\"fr-FR\"}]}<\/script>\n<!-- \/ Yoast SEO plugin. -->","yoast_head_json":{"title":"Laine de France \"orange\" mus\u00e9e filature","description":"Laine de brebis Bizet, issue d'\u00e9levage bio; Tr\u00e8s appr\u00e9ci\u00e9e pour son aspect marbr\u00e9, d\u00fb \u00e0 sa couleur d'origine. Filage et feutrage. Vendue par 100gr.","robots":{"index":"index","follow":"follow","max-snippet":"max-snippet:-1","max-image-preview":"max-image-preview:large","max-video-preview":"max-video-preview:-1"},"canonical":"https:\/\/www.musee-filature.com\/site\/shop\/laine-france-orange\/","og_locale":"fr_FR","og_type":"article","og_title":"Laine de France \"orange\" mus\u00e9e filature","og_description":"Laine de brebis Bizet, issue d'\u00e9levage bio; Tr\u00e8s appr\u00e9ci\u00e9e pour son aspect marbr\u00e9, d\u00fb \u00e0 sa couleur d'origine. Filage et feutrage. Vendue par 100gr.","og_url":"https:\/\/www.musee-filature.com\/site\/shop\/laine-france-orange\/","og_site_name":"Musee Filature","article_modified_time":"2025-11-25T15:31:57+00:00","og_image":[{"width":640,"height":480,"url":"https:\/\/www.musee-filature.com\/site\/wp-content\/uploads\/2015\/04\/bizet-orange-2-e1603730921832.jpg","type":"image\/jpeg"}],"twitter_card":"summary_large_image","twitter_misc":{"Dur\u00e9e de lecture estim\u00e9e":"1 minute"},"schema":{"@context":"https:\/\/schema.org","@graph":[{"@type":"WebPage","@id":"https:\/\/www.musee-filature.com\/site\/shop\/laine-france-orange\/","url":"https:\/\/www.musee-filature.com\/site\/shop\/laine-france-orange\/","name":"Laine de France \"orange\" mus\u00e9e filature","isPartOf":{"@id":"https:\/\/www.musee-filature.com\/site\/#website"},"primaryImageOfPage":{"@id":"https:\/\/www.musee-filature.com\/site\/shop\/laine-france-orange\/#primaryimage"},"image":{"@id":"https:\/\/www.musee-filature.com\/site\/shop\/laine-france-orange\/#primaryimage"},"thumbnailUrl":"https:\/\/www.musee-filature.com\/site\/wp-content\/uploads\/2015\/04\/bizet-orange-2-e1603730921832.jpg","datePublished":"2015-04-29T20:03:05+00:00","dateModified":"2025-11-25T15:31:57+00:00","description":"Laine de brebis Bizet, issue d'\u00e9levage bio; Tr\u00e8s appr\u00e9ci\u00e9e pour son aspect marbr\u00e9, d\u00fb \u00e0 sa couleur d'origine. Filage et feutrage. Vendue par 100gr.","breadcrumb":{"@id":"https:\/\/www.musee-filature.com\/site\/shop\/laine-france-orange\/#breadcrumb"},"inLanguage":"fr-FR","potentialAction":[{"@type":"ReadAction","target":["https:\/\/www.musee-filature.com\/site\/shop\/laine-france-orange\/"]}]},{"@type":"ImageObject","inLanguage":"fr-FR","@id":"https:\/\/www.musee-filature.com\/site\/shop\/laine-france-orange\/#primaryimage","url":"https:\/\/www.musee-filature.com\/site\/wp-content\/uploads\/2015\/04\/bizet-orange-2-e1603730921832.jpg","contentUrl":"https:\/\/www.musee-filature.com\/site\/wp-content\/uploads\/2015\/04\/bizet-orange-2-e1603730921832.jpg","width":640,"height":480,"caption":"laine bizet filage feutrage"},{"@type":"BreadcrumbList","@id":"https:\/\/www.musee-filature.com\/site\/shop\/laine-france-orange\/#breadcrumb","itemListElement":[{"@type":"ListItem","position":1,"name":"Accueil","item":"https:\/\/www.musee-filature.com\/site\/"},{"@type":"ListItem","position":2,"name":"Boutique de vente de laine","item":"https:\/\/www.musee-filature.com\/site\/"},{"@type":"ListItem","position":3,"name":"Bizet card\u00e9e &#8220;orange&#8221; n\u00b02"}]},{"@type":"WebSite","@id":"https:\/\/www.musee-filature.com\/site\/#website","url":"https:\/\/www.musee-filature.com\/site\/","name":"Musee Filature","description":"Les m\u00e9tiers de la laine","potentialAction":[{"@type":"SearchAction","target":{"@type":"EntryPoint","urlTemplate":"https:\/\/www.musee-filature.com\/site\/?s={search_term_string}"},"query-input":{"@type":"PropertyValueSpecification","valueRequired":true,"valueName":"search_term_string"}}],"inLanguage":"fr-FR"}]}},"jetpack_publicize_connections":[],"jetpack_sharing_enabled":true,"_links":{"self":[{"href":"https:\/\/www.musee-filature.com\/site\/wp-json\/wp\/v2\/product\/2348","targetHints":{"allow":["GET"]}}],"collection":[{"href":"https:\/\/www.musee-filature.com\/site\/wp-json\/wp\/v2\/product"}],"about":[{"href":"https:\/\/www.musee-filature.com\/site\/wp-json\/wp\/v2\/types\/product"}],"wp:featuredmedia":[{"embeddable":true,"href":"https:\/\/www.musee-filature.com\/site\/wp-json\/wp\/v2\/media\/2349"}],"wp:attachment":[{"href":"https:\/\/www.musee-filature.com\/site\/wp-json\/wp\/v2\/media?parent=2348"}],"wp:term":[{"taxonomy":"product_brand","embeddable":true,"href":"https:\/\/www.musee-filature.com\/site\/wp-json\/wp\/v2\/product_brand?post=2348"},{"taxonomy":"product_cat","embeddable":true,"href":"https:\/\/www.musee-filature.com\/site\/wp-json\/wp\/v2\/product_cat?post=2348"},{"taxonomy":"product_tag","embeddable":true,"href":"https:\/\/www.musee-filature.com\/site\/wp-json\/wp\/v2\/product_tag?post=2348"}],"curies":[{"name":"wp","href":"https:\/\/api.w.org\/{rel}","templated":true}]}}