{"id":19630,"date":"2025-12-16T12:14:49","date_gmt":"2025-12-16T11:14:49","guid":{"rendered":"https:\/\/www.musee-filature.com\/site\/?post_type=product&#038;p=19630"},"modified":"2026-01-25T10:12:38","modified_gmt":"2026-01-25T09:12:38","slug":"laine-de-pays-mourerous","status":"publish","type":"product","link":"https:\/\/www.musee-filature.com\/site\/shop\/laine-de-pays-mourerous\/","title":{"rendered":"Laine de pays \u00ab\u00a0Mour\u00e9rous\u00a0\u00bb"},"content":{"rendered":"<p><strong>Laine card\u00e9e de brebis Mour\u00e9rous issue d&rsquo;\u00e9levage Fran\u00e7ais.<\/strong><br \/>\n<strong>Caract\u00e9ristiques de la laine : M\u00e8ches courtes, mi-longues, douces, de couleur beige &#8211; roux clair avec du jarre roux.<\/strong><br \/>\n<strong>Qualit\u00e9s au feutrage : Cette laine feutre tr\u00e8s bien et relativement vite. Elle se pose et se mouille facilement, se masse m\u00eame directement avec les mains. Son feutre fait ressortir sa structure ; le feutre n&rsquo;est pas lisse et est d&rsquo;une couleur globalement d&rsquo;un doux beige-roux. Elle fait un feutre tr\u00e8s souple, cette laine est donc id\u00e9ale pour des v\u00eatements au rendu \u00ab campagne chic \u00bb. Laine parfaite pour les d\u00e9butants aux grandes ambitions !<\/strong><\/p>\n<p><strong>Usages possibles en feutre :\u00a0v\u00eatements\u00a0; tours de cou, bonnets, robes, jupes, gilets, &#8230;<\/strong><\/p>\n<p><strong>Pour le feutrage ou filage au rouet.<\/strong><\/p>\n<p><strong>Qualit\u00e9 : 26\/28 microns.<\/strong><\/p>\n","protected":false},"excerpt":{"rendered":"<p>Laine card\u00e9e de brebis Mour\u00e9rous issue d&rsquo;\u00e9levage Fran\u00e7ais. Caract\u00e9ristiques de la laine : M\u00e8ches courtes, mi-longues, douces, de couleur beige &#8211; roux clair avec du jarre roux. Qualit\u00e9s au feutrage : Cette laine feutre tr\u00e8s bien et relativement vite. Elle se pose et se mouille facilement, se masse m\u00eame directement avec les mains. Son feutre&#8230;  <a class=\"excerpt-read-more\" href=\"https:\/\/www.musee-filature.com\/site\/shop\/laine-de-pays-mourerous\/\" title=\"ReadLaine de pays \u00ab\u00a0Mour\u00e9rous\u00a0\u00bb\">Read more &raquo;<\/a><\/p>\n","protected":false},"featured_media":19682,"template":"","meta":{"_acf_changed":false,"jetpack_publicize_message":"","jetpack_publicize_feature_enabled":true,"jetpack_social_post_already_shared":true,"jetpack_social_options":{"image_generator_settings":{"template":"highway","default_image_id":0,"font":"","enabled":false},"version":2}},"product_brand":[],"product_cat":[21],"product_tag":[],"class_list":{"0":"post-19630","1":"product","2":"type-product","3":"status-publish","4":"has-post-thumbnail","6":"product_cat-laine_pays","8":"first","9":"instock","10":"shipping-taxable","11":"purchasable","12":"product-type-variable"},"acf":[],"yoast_head":"<!-- This site is optimized with the Yoast SEO plugin v26.6 - https:\/\/yoast.com\/wordpress\/plugins\/seo\/ -->\n<title>laine de France mus\u00e9e filature<\/title>\n<meta name=\"description\" content=\"Laine de France de brebis mour\u00e9rous. Laine pour le feutrage, filage et le rembourrage. Lav\u00e9e et card\u00e9e en France. Vendu \u00e0 partir de 50 gr.\" \/>\n<meta name=\"robots\" content=\"index, follow, max-snippet:-1, max-image-preview:large, max-video-preview:-1\" \/>\n<link rel=\"canonical\" href=\"https:\/\/www.musee-filature.com\/site\/shop\/laine-de-pays-mourerous\/\" \/>\n<meta property=\"og:locale\" content=\"fr_FR\" \/>\n<meta property=\"og:type\" content=\"article\" \/>\n<meta property=\"og:title\" content=\"laine de France mus\u00e9e filature\" \/>\n<meta property=\"og:description\" content=\"Laine de France de brebis mour\u00e9rous. Laine pour le feutrage, filage et le rembourrage. Lav\u00e9e et card\u00e9e en France. Vendu \u00e0 partir de 50 gr.\" \/>\n<meta property=\"og:url\" content=\"https:\/\/www.musee-filature.com\/site\/shop\/laine-de-pays-mourerous\/\" \/>\n<meta property=\"og:site_name\" content=\"Musee Filature\" \/>\n<meta property=\"article:modified_time\" content=\"2026-01-25T09:12:38+00:00\" \/>\n<meta property=\"og:image\" content=\"https:\/\/www.musee-filature.com\/site\/wp-content\/uploads\/2025\/12\/Mourerous-.jpg\" \/>\n\t<meta property=\"og:image:width\" content=\"640\" \/>\n\t<meta property=\"og:image:height\" content=\"480\" \/>\n\t<meta property=\"og:image:type\" content=\"image\/jpeg\" \/>\n<meta name=\"twitter:card\" content=\"summary_large_image\" \/>\n<meta name=\"twitter:label1\" content=\"Dur\u00e9e de lecture estim\u00e9e\" \/>\n\t<meta name=\"twitter:data1\" content=\"1 minute\" \/>\n<script type=\"application\/ld+json\" class=\"yoast-schema-graph\">{\"@context\":\"https:\/\/schema.org\",\"@graph\":[{\"@type\":\"WebPage\",\"@id\":\"https:\/\/www.musee-filature.com\/site\/shop\/laine-de-pays-mourerous\/\",\"url\":\"https:\/\/www.musee-filature.com\/site\/shop\/laine-de-pays-mourerous\/\",\"name\":\"laine de France mus\u00e9e filature\",\"isPartOf\":{\"@id\":\"https:\/\/www.musee-filature.com\/site\/#website\"},\"primaryImageOfPage\":{\"@id\":\"https:\/\/www.musee-filature.com\/site\/shop\/laine-de-pays-mourerous\/#primaryimage\"},\"image\":{\"@id\":\"https:\/\/www.musee-filature.com\/site\/shop\/laine-de-pays-mourerous\/#primaryimage\"},\"thumbnailUrl\":\"https:\/\/www.musee-filature.com\/site\/wp-content\/uploads\/2025\/12\/Mourerous-.jpg\",\"datePublished\":\"2025-12-16T11:14:49+00:00\",\"dateModified\":\"2026-01-25T09:12:38+00:00\",\"description\":\"Laine de France de brebis mour\u00e9rous. Laine pour le feutrage, filage et le rembourrage. Lav\u00e9e et card\u00e9e en France. Vendu \u00e0 partir de 50 gr.\",\"breadcrumb\":{\"@id\":\"https:\/\/www.musee-filature.com\/site\/shop\/laine-de-pays-mourerous\/#breadcrumb\"},\"inLanguage\":\"fr-FR\",\"potentialAction\":[{\"@type\":\"ReadAction\",\"target\":[\"https:\/\/www.musee-filature.com\/site\/shop\/laine-de-pays-mourerous\/\"]}]},{\"@type\":\"ImageObject\",\"inLanguage\":\"fr-FR\",\"@id\":\"https:\/\/www.musee-filature.com\/site\/shop\/laine-de-pays-mourerous\/#primaryimage\",\"url\":\"https:\/\/www.musee-filature.com\/site\/wp-content\/uploads\/2025\/12\/Mourerous-.jpg\",\"contentUrl\":\"https:\/\/www.musee-filature.com\/site\/wp-content\/uploads\/2025\/12\/Mourerous-.jpg\",\"width\":640,\"height\":480},{\"@type\":\"BreadcrumbList\",\"@id\":\"https:\/\/www.musee-filature.com\/site\/shop\/laine-de-pays-mourerous\/#breadcrumb\",\"itemListElement\":[{\"@type\":\"ListItem\",\"position\":1,\"name\":\"Accueil\",\"item\":\"https:\/\/www.musee-filature.com\/site\/\"},{\"@type\":\"ListItem\",\"position\":2,\"name\":\"Boutique de vente de laine\",\"item\":\"https:\/\/www.musee-filature.com\/site\/\"},{\"@type\":\"ListItem\",\"position\":3,\"name\":\"Laine de pays \u00ab\u00a0Mour\u00e9rous\u00a0\u00bb\"}]},{\"@type\":\"WebSite\",\"@id\":\"https:\/\/www.musee-filature.com\/site\/#website\",\"url\":\"https:\/\/www.musee-filature.com\/site\/\",\"name\":\"Musee Filature\",\"description\":\"Les m\u00e9tiers de la laine\",\"potentialAction\":[{\"@type\":\"SearchAction\",\"target\":{\"@type\":\"EntryPoint\",\"urlTemplate\":\"https:\/\/www.musee-filature.com\/site\/?s={search_term_string}\"},\"query-input\":{\"@type\":\"PropertyValueSpecification\",\"valueRequired\":true,\"valueName\":\"search_term_string\"}}],\"inLanguage\":\"fr-FR\"}]}<\/script>\n<!-- \/ Yoast SEO plugin. -->","yoast_head_json":{"title":"laine de France mus\u00e9e filature","description":"Laine de France de brebis mour\u00e9rous. Laine pour le feutrage, filage et le rembourrage. Lav\u00e9e et card\u00e9e en France. Vendu \u00e0 partir de 50 gr.","robots":{"index":"index","follow":"follow","max-snippet":"max-snippet:-1","max-image-preview":"max-image-preview:large","max-video-preview":"max-video-preview:-1"},"canonical":"https:\/\/www.musee-filature.com\/site\/shop\/laine-de-pays-mourerous\/","og_locale":"fr_FR","og_type":"article","og_title":"laine de France mus\u00e9e filature","og_description":"Laine de France de brebis mour\u00e9rous. Laine pour le feutrage, filage et le rembourrage. Lav\u00e9e et card\u00e9e en France. Vendu \u00e0 partir de 50 gr.","og_url":"https:\/\/www.musee-filature.com\/site\/shop\/laine-de-pays-mourerous\/","og_site_name":"Musee Filature","article_modified_time":"2026-01-25T09:12:38+00:00","og_image":[{"width":640,"height":480,"url":"https:\/\/www.musee-filature.com\/site\/wp-content\/uploads\/2025\/12\/Mourerous-.jpg","type":"image\/jpeg"}],"twitter_card":"summary_large_image","twitter_misc":{"Dur\u00e9e de lecture estim\u00e9e":"1 minute"},"schema":{"@context":"https:\/\/schema.org","@graph":[{"@type":"WebPage","@id":"https:\/\/www.musee-filature.com\/site\/shop\/laine-de-pays-mourerous\/","url":"https:\/\/www.musee-filature.com\/site\/shop\/laine-de-pays-mourerous\/","name":"laine de France mus\u00e9e filature","isPartOf":{"@id":"https:\/\/www.musee-filature.com\/site\/#website"},"primaryImageOfPage":{"@id":"https:\/\/www.musee-filature.com\/site\/shop\/laine-de-pays-mourerous\/#primaryimage"},"image":{"@id":"https:\/\/www.musee-filature.com\/site\/shop\/laine-de-pays-mourerous\/#primaryimage"},"thumbnailUrl":"https:\/\/www.musee-filature.com\/site\/wp-content\/uploads\/2025\/12\/Mourerous-.jpg","datePublished":"2025-12-16T11:14:49+00:00","dateModified":"2026-01-25T09:12:38+00:00","description":"Laine de France de brebis mour\u00e9rous. Laine pour le feutrage, filage et le rembourrage. Lav\u00e9e et card\u00e9e en France. Vendu \u00e0 partir de 50 gr.","breadcrumb":{"@id":"https:\/\/www.musee-filature.com\/site\/shop\/laine-de-pays-mourerous\/#breadcrumb"},"inLanguage":"fr-FR","potentialAction":[{"@type":"ReadAction","target":["https:\/\/www.musee-filature.com\/site\/shop\/laine-de-pays-mourerous\/"]}]},{"@type":"ImageObject","inLanguage":"fr-FR","@id":"https:\/\/www.musee-filature.com\/site\/shop\/laine-de-pays-mourerous\/#primaryimage","url":"https:\/\/www.musee-filature.com\/site\/wp-content\/uploads\/2025\/12\/Mourerous-.jpg","contentUrl":"https:\/\/www.musee-filature.com\/site\/wp-content\/uploads\/2025\/12\/Mourerous-.jpg","width":640,"height":480},{"@type":"BreadcrumbList","@id":"https:\/\/www.musee-filature.com\/site\/shop\/laine-de-pays-mourerous\/#breadcrumb","itemListElement":[{"@type":"ListItem","position":1,"name":"Accueil","item":"https:\/\/www.musee-filature.com\/site\/"},{"@type":"ListItem","position":2,"name":"Boutique de vente de laine","item":"https:\/\/www.musee-filature.com\/site\/"},{"@type":"ListItem","position":3,"name":"Laine de pays \u00ab\u00a0Mour\u00e9rous\u00a0\u00bb"}]},{"@type":"WebSite","@id":"https:\/\/www.musee-filature.com\/site\/#website","url":"https:\/\/www.musee-filature.com\/site\/","name":"Musee Filature","description":"Les m\u00e9tiers de la laine","potentialAction":[{"@type":"SearchAction","target":{"@type":"EntryPoint","urlTemplate":"https:\/\/www.musee-filature.com\/site\/?s={search_term_string}"},"query-input":{"@type":"PropertyValueSpecification","valueRequired":true,"valueName":"search_term_string"}}],"inLanguage":"fr-FR"}]}},"jetpack_publicize_connections":[],"jetpack_sharing_enabled":true,"_links":{"self":[{"href":"https:\/\/www.musee-filature.com\/site\/wp-json\/wp\/v2\/product\/19630","targetHints":{"allow":["GET"]}}],"collection":[{"href":"https:\/\/www.musee-filature.com\/site\/wp-json\/wp\/v2\/product"}],"about":[{"href":"https:\/\/www.musee-filature.com\/site\/wp-json\/wp\/v2\/types\/product"}],"wp:featuredmedia":[{"embeddable":true,"href":"https:\/\/www.musee-filature.com\/site\/wp-json\/wp\/v2\/media\/19682"}],"wp:attachment":[{"href":"https:\/\/www.musee-filature.com\/site\/wp-json\/wp\/v2\/media?parent=19630"}],"wp:term":[{"taxonomy":"product_brand","embeddable":true,"href":"https:\/\/www.musee-filature.com\/site\/wp-json\/wp\/v2\/product_brand?post=19630"},{"taxonomy":"product_cat","embeddable":true,"href":"https:\/\/www.musee-filature.com\/site\/wp-json\/wp\/v2\/product_cat?post=19630"},{"taxonomy":"product_tag","embeddable":true,"href":"https:\/\/www.musee-filature.com\/site\/wp-json\/wp\/v2\/product_tag?post=19630"}],"curies":[{"name":"wp","href":"https:\/\/api.w.org\/{rel}","templated":true}]}}