{"id":19600,"date":"2025-12-07T15:42:47","date_gmt":"2025-12-07T14:42:47","guid":{"rendered":"https:\/\/www.musee-filature.com\/site\/?post_type=product&#038;p=19600"},"modified":"2026-03-25T13:45:01","modified_gmt":"2026-03-25T12:45:01","slug":"jacob-cardee-n0","status":"publish","type":"product","link":"https:\/\/www.musee-filature.com\/site\/shop\/jacob-cardee-n0\/","title":{"rendered":"jacob card\u00e9e n\u00b000"},"content":{"rendered":"<p><strong>Laine rustique multicolore de brebis jacob sur des tons noirs, blancs et gris.<\/strong><\/p>\n<p>&nbsp;<\/p>\n<p>&nbsp;<\/p>\n<p><strong>Qualit\u00e9s au feutrage : Facile \u00e0 travailler.<br \/>\nLe rendu est souple m\u00eame si le feutre est pouss\u00e9 au bout.<br \/>\nLe feutre obtenu poss\u00e8de un l\u00e9ger rendu cr\u00eapu ondul\u00e9 qui lui donne un certain charme, il est relativement doux mais peut \u201cgratter\u201d les peaux fines les plus sensibles s\u2019il est proche du cou par exemple.<\/strong><\/p>\n<p><strong>Usages possibles en feutre : Cette laine est parfaite pour des chapeaux, des vestes, des gilets, \u2026 des confections n\u00e9cessitant de la souplesse et solidit\u00e9.<\/strong><\/p>\n","protected":false},"excerpt":{"rendered":"<p>Laine rustique multicolore de brebis jacob sur des tons noirs, blancs et gris. &nbsp; &nbsp; Qualit\u00e9s au feutrage : Facile \u00e0 travailler. Le rendu est souple m\u00eame si le feutre est pouss\u00e9 au bout. Le feutre obtenu poss\u00e8de un l\u00e9ger rendu cr\u00eapu ondul\u00e9 qui lui donne un certain charme, il est relativement doux mais peut&#8230;  <a class=\"excerpt-read-more\" href=\"https:\/\/www.musee-filature.com\/site\/shop\/jacob-cardee-n0\/\" title=\"Readjacob card\u00e9e n\u00b000\">Read more &raquo;<\/a><\/p>\n","protected":false},"featured_media":19612,"template":"","meta":{"_acf_changed":false,"jetpack_publicize_message":"","jetpack_publicize_feature_enabled":true,"jetpack_social_post_already_shared":true,"jetpack_social_options":{"image_generator_settings":{"template":"highway","default_image_id":0,"font":"","enabled":false},"version":2}},"product_brand":[],"product_cat":[132],"product_tag":[],"class_list":{"0":"post-19600","1":"product","2":"type-product","3":"status-publish","4":"has-post-thumbnail","6":"product_cat-laine-cardee-jacob","8":"first","9":"instock","10":"shipping-taxable","11":"purchasable","12":"product-type-variable"},"acf":[],"yoast_head":"<!-- This site is optimized with the Yoast SEO plugin v26.6 - https:\/\/yoast.com\/wordpress\/plugins\/seo\/ -->\n<title>Laine de France Jacob<\/title>\n<meta name=\"description\" content=\"Laine de France brebis Jacob. Laine \u00e0 filer, feutrer et rembourrage. Lav\u00e9e et card\u00e9e dans notre atelier. Vendue \u00e0 partir de 50 gr. %\" \/>\n<meta name=\"robots\" content=\"index, follow, max-snippet:-1, max-image-preview:large, max-video-preview:-1\" \/>\n<link rel=\"canonical\" href=\"https:\/\/www.musee-filature.com\/site\/shop\/jacob-cardee-n0\/\" \/>\n<meta property=\"og:locale\" content=\"fr_FR\" \/>\n<meta property=\"og:type\" content=\"article\" \/>\n<meta property=\"og:title\" content=\"Laine de France Jacob\" \/>\n<meta property=\"og:description\" content=\"Laine de France brebis Jacob. Laine \u00e0 filer, feutrer et rembourrage. Lav\u00e9e et card\u00e9e dans notre atelier. Vendue \u00e0 partir de 50 gr. %\" \/>\n<meta property=\"og:url\" content=\"https:\/\/www.musee-filature.com\/site\/shop\/jacob-cardee-n0\/\" \/>\n<meta property=\"og:site_name\" content=\"Musee Filature\" \/>\n<meta property=\"article:modified_time\" content=\"2026-03-25T12:45:01+00:00\" \/>\n<meta property=\"og:image\" content=\"https:\/\/www.musee-filature.com\/site\/wp-content\/uploads\/2025\/12\/jacob-00.jpg\" \/>\n\t<meta property=\"og:image:width\" content=\"640\" \/>\n\t<meta property=\"og:image:height\" content=\"480\" \/>\n\t<meta property=\"og:image:type\" content=\"image\/jpeg\" \/>\n<meta name=\"twitter:card\" content=\"summary_large_image\" \/>\n<meta name=\"twitter:label1\" content=\"Dur\u00e9e de lecture estim\u00e9e\" \/>\n\t<meta name=\"twitter:data1\" content=\"1 minute\" \/>\n<script type=\"application\/ld+json\" class=\"yoast-schema-graph\">{\"@context\":\"https:\/\/schema.org\",\"@graph\":[{\"@type\":\"WebPage\",\"@id\":\"https:\/\/www.musee-filature.com\/site\/shop\/jacob-cardee-n0\/\",\"url\":\"https:\/\/www.musee-filature.com\/site\/shop\/jacob-cardee-n0\/\",\"name\":\"Laine de France Jacob\",\"isPartOf\":{\"@id\":\"https:\/\/www.musee-filature.com\/site\/#website\"},\"primaryImageOfPage\":{\"@id\":\"https:\/\/www.musee-filature.com\/site\/shop\/jacob-cardee-n0\/#primaryimage\"},\"image\":{\"@id\":\"https:\/\/www.musee-filature.com\/site\/shop\/jacob-cardee-n0\/#primaryimage\"},\"thumbnailUrl\":\"https:\/\/www.musee-filature.com\/site\/wp-content\/uploads\/2025\/12\/jacob-00.jpg\",\"datePublished\":\"2025-12-07T14:42:47+00:00\",\"dateModified\":\"2026-03-25T12:45:01+00:00\",\"description\":\"Laine de France brebis Jacob. Laine \u00e0 filer, feutrer et rembourrage. Lav\u00e9e et card\u00e9e dans notre atelier. Vendue \u00e0 partir de 50 gr. %\",\"breadcrumb\":{\"@id\":\"https:\/\/www.musee-filature.com\/site\/shop\/jacob-cardee-n0\/#breadcrumb\"},\"inLanguage\":\"fr-FR\",\"potentialAction\":[{\"@type\":\"ReadAction\",\"target\":[\"https:\/\/www.musee-filature.com\/site\/shop\/jacob-cardee-n0\/\"]}]},{\"@type\":\"ImageObject\",\"inLanguage\":\"fr-FR\",\"@id\":\"https:\/\/www.musee-filature.com\/site\/shop\/jacob-cardee-n0\/#primaryimage\",\"url\":\"https:\/\/www.musee-filature.com\/site\/wp-content\/uploads\/2025\/12\/jacob-00.jpg\",\"contentUrl\":\"https:\/\/www.musee-filature.com\/site\/wp-content\/uploads\/2025\/12\/jacob-00.jpg\",\"width\":640,\"height\":480},{\"@type\":\"BreadcrumbList\",\"@id\":\"https:\/\/www.musee-filature.com\/site\/shop\/jacob-cardee-n0\/#breadcrumb\",\"itemListElement\":[{\"@type\":\"ListItem\",\"position\":1,\"name\":\"Accueil\",\"item\":\"https:\/\/www.musee-filature.com\/site\/\"},{\"@type\":\"ListItem\",\"position\":2,\"name\":\"Boutique de vente de laine\",\"item\":\"https:\/\/www.musee-filature.com\/site\/\"},{\"@type\":\"ListItem\",\"position\":3,\"name\":\"jacob card\u00e9e n\u00b000\"}]},{\"@type\":\"WebSite\",\"@id\":\"https:\/\/www.musee-filature.com\/site\/#website\",\"url\":\"https:\/\/www.musee-filature.com\/site\/\",\"name\":\"Musee Filature\",\"description\":\"Les m\u00e9tiers de la laine\",\"potentialAction\":[{\"@type\":\"SearchAction\",\"target\":{\"@type\":\"EntryPoint\",\"urlTemplate\":\"https:\/\/www.musee-filature.com\/site\/?s={search_term_string}\"},\"query-input\":{\"@type\":\"PropertyValueSpecification\",\"valueRequired\":true,\"valueName\":\"search_term_string\"}}],\"inLanguage\":\"fr-FR\"}]}<\/script>\n<!-- \/ Yoast SEO plugin. -->","yoast_head_json":{"title":"Laine de France Jacob","description":"Laine de France brebis Jacob. Laine \u00e0 filer, feutrer et rembourrage. Lav\u00e9e et card\u00e9e dans notre atelier. Vendue \u00e0 partir de 50 gr. %","robots":{"index":"index","follow":"follow","max-snippet":"max-snippet:-1","max-image-preview":"max-image-preview:large","max-video-preview":"max-video-preview:-1"},"canonical":"https:\/\/www.musee-filature.com\/site\/shop\/jacob-cardee-n0\/","og_locale":"fr_FR","og_type":"article","og_title":"Laine de France Jacob","og_description":"Laine de France brebis Jacob. Laine \u00e0 filer, feutrer et rembourrage. Lav\u00e9e et card\u00e9e dans notre atelier. Vendue \u00e0 partir de 50 gr. %","og_url":"https:\/\/www.musee-filature.com\/site\/shop\/jacob-cardee-n0\/","og_site_name":"Musee Filature","article_modified_time":"2026-03-25T12:45:01+00:00","og_image":[{"width":640,"height":480,"url":"https:\/\/www.musee-filature.com\/site\/wp-content\/uploads\/2025\/12\/jacob-00.jpg","type":"image\/jpeg"}],"twitter_card":"summary_large_image","twitter_misc":{"Dur\u00e9e de lecture estim\u00e9e":"1 minute"},"schema":{"@context":"https:\/\/schema.org","@graph":[{"@type":"WebPage","@id":"https:\/\/www.musee-filature.com\/site\/shop\/jacob-cardee-n0\/","url":"https:\/\/www.musee-filature.com\/site\/shop\/jacob-cardee-n0\/","name":"Laine de France Jacob","isPartOf":{"@id":"https:\/\/www.musee-filature.com\/site\/#website"},"primaryImageOfPage":{"@id":"https:\/\/www.musee-filature.com\/site\/shop\/jacob-cardee-n0\/#primaryimage"},"image":{"@id":"https:\/\/www.musee-filature.com\/site\/shop\/jacob-cardee-n0\/#primaryimage"},"thumbnailUrl":"https:\/\/www.musee-filature.com\/site\/wp-content\/uploads\/2025\/12\/jacob-00.jpg","datePublished":"2025-12-07T14:42:47+00:00","dateModified":"2026-03-25T12:45:01+00:00","description":"Laine de France brebis Jacob. Laine \u00e0 filer, feutrer et rembourrage. Lav\u00e9e et card\u00e9e dans notre atelier. Vendue \u00e0 partir de 50 gr. %","breadcrumb":{"@id":"https:\/\/www.musee-filature.com\/site\/shop\/jacob-cardee-n0\/#breadcrumb"},"inLanguage":"fr-FR","potentialAction":[{"@type":"ReadAction","target":["https:\/\/www.musee-filature.com\/site\/shop\/jacob-cardee-n0\/"]}]},{"@type":"ImageObject","inLanguage":"fr-FR","@id":"https:\/\/www.musee-filature.com\/site\/shop\/jacob-cardee-n0\/#primaryimage","url":"https:\/\/www.musee-filature.com\/site\/wp-content\/uploads\/2025\/12\/jacob-00.jpg","contentUrl":"https:\/\/www.musee-filature.com\/site\/wp-content\/uploads\/2025\/12\/jacob-00.jpg","width":640,"height":480},{"@type":"BreadcrumbList","@id":"https:\/\/www.musee-filature.com\/site\/shop\/jacob-cardee-n0\/#breadcrumb","itemListElement":[{"@type":"ListItem","position":1,"name":"Accueil","item":"https:\/\/www.musee-filature.com\/site\/"},{"@type":"ListItem","position":2,"name":"Boutique de vente de laine","item":"https:\/\/www.musee-filature.com\/site\/"},{"@type":"ListItem","position":3,"name":"jacob card\u00e9e n\u00b000"}]},{"@type":"WebSite","@id":"https:\/\/www.musee-filature.com\/site\/#website","url":"https:\/\/www.musee-filature.com\/site\/","name":"Musee Filature","description":"Les m\u00e9tiers de la laine","potentialAction":[{"@type":"SearchAction","target":{"@type":"EntryPoint","urlTemplate":"https:\/\/www.musee-filature.com\/site\/?s={search_term_string}"},"query-input":{"@type":"PropertyValueSpecification","valueRequired":true,"valueName":"search_term_string"}}],"inLanguage":"fr-FR"}]}},"jetpack_publicize_connections":[],"jetpack_sharing_enabled":true,"_links":{"self":[{"href":"https:\/\/www.musee-filature.com\/site\/wp-json\/wp\/v2\/product\/19600","targetHints":{"allow":["GET"]}}],"collection":[{"href":"https:\/\/www.musee-filature.com\/site\/wp-json\/wp\/v2\/product"}],"about":[{"href":"https:\/\/www.musee-filature.com\/site\/wp-json\/wp\/v2\/types\/product"}],"wp:featuredmedia":[{"embeddable":true,"href":"https:\/\/www.musee-filature.com\/site\/wp-json\/wp\/v2\/media\/19612"}],"wp:attachment":[{"href":"https:\/\/www.musee-filature.com\/site\/wp-json\/wp\/v2\/media?parent=19600"}],"wp:term":[{"taxonomy":"product_brand","embeddable":true,"href":"https:\/\/www.musee-filature.com\/site\/wp-json\/wp\/v2\/product_brand?post=19600"},{"taxonomy":"product_cat","embeddable":true,"href":"https:\/\/www.musee-filature.com\/site\/wp-json\/wp\/v2\/product_cat?post=19600"},{"taxonomy":"product_tag","embeddable":true,"href":"https:\/\/www.musee-filature.com\/site\/wp-json\/wp\/v2\/product_tag?post=19600"}],"curies":[{"name":"wp","href":"https:\/\/api.w.org\/{rel}","templated":true}]}}