{"id":19331,"date":"2025-09-26T17:41:02","date_gmt":"2025-09-26T16:41:02","guid":{"rendered":"https:\/\/www.musee-filature.com\/site\/?post_type=product&#038;p=19331"},"modified":"2025-09-26T17:43:02","modified_gmt":"2025-09-26T16:43:02","slug":"romane-cardee-n08","status":"publish","type":"product","link":"https:\/\/www.musee-filature.com\/site\/shop\/romane-cardee-n08\/","title":{"rendered":"Romane card\u00e9e n\u00b008"},"content":{"rendered":"<p><strong>Laine card\u00e9e de brebis Romane, douce et courte pour le feutrage et le filage.<\/strong><\/p>\n<p><strong>Lav\u00e9e, teint\u00e9e et card\u00e9e en France.<\/strong><\/p>\n<p><strong>Qualit\u00e9 :\u00a0 25-26 microns<\/strong><\/p>\n<p><strong>Caract\u00e9ristiques de la laine : M\u00e8ches courtes \u00e0 moyennes, tr\u00e8s fines et douces. Poss\u00e8de des bouclettes, est l\u00e9g\u00e8rement gaufr\u00e9e selon les individus.\u00a0<\/strong><br \/>\n<strong>Qualit\u00e9s au feutrage : Tr\u00e8s facile \u00e0 travailler. Laine qui feutre bien et tr\u00e8s vite. Peut donner un rendu souple et fin ou dense, \u00e9pais et tr\u00e8s solide. Le feutre obtenu est lisse et tr\u00e8s doux. <\/strong><br \/>\n<strong>Les bouclettes pr\u00e9sentes sur la laine n\u2019apparaissent plus apr\u00e8s cardage et feutrage. Cette laine est \u201cla reine des douceurs\u201d parmi les laines rustiques fran\u00e7aises. <\/strong><br \/>\n<strong>Usages possibles en feutre : Fonctionne pour beaucoup de projets : v\u00eatements, <\/strong><br \/>\n<strong>accessoires, sculptures, tapis, \u2026 <\/strong><\/p>\n","protected":false},"excerpt":{"rendered":"<p>Laine card\u00e9e de brebis Romane, douce et courte pour le feutrage et le filage. Lav\u00e9e, teint\u00e9e et card\u00e9e en France. Qualit\u00e9 :\u00a0 25-26 microns Caract\u00e9ristiques de la laine : M\u00e8ches courtes \u00e0 moyennes, tr\u00e8s fines et douces. Poss\u00e8de des bouclettes, est l\u00e9g\u00e8rement gaufr\u00e9e selon les individus.\u00a0 Qualit\u00e9s au feutrage : Tr\u00e8s facile \u00e0 travailler. Laine&#8230;  <a class=\"excerpt-read-more\" href=\"https:\/\/www.musee-filature.com\/site\/shop\/romane-cardee-n08\/\" title=\"ReadRomane card\u00e9e n\u00b008\">Read more &raquo;<\/a><\/p>\n","protected":false},"featured_media":19337,"template":"","meta":{"_acf_changed":false,"jetpack_publicize_message":"","jetpack_publicize_feature_enabled":true,"jetpack_social_post_already_shared":true,"jetpack_social_options":{"image_generator_settings":{"template":"highway","default_image_id":0,"font":"","enabled":false},"version":2}},"product_brand":[],"product_cat":[133],"product_tag":[],"class_list":{"0":"post-19331","1":"product","2":"type-product","3":"status-publish","4":"has-post-thumbnail","6":"product_cat-laine-cardee-romane","8":"first","9":"instock","10":"sold-individually","11":"shipping-taxable","12":"purchasable","13":"product-type-variable"},"acf":[],"yoast_head":"<!-- This site is optimized with the Yoast SEO plugin v26.6 - https:\/\/yoast.com\/wordpress\/plugins\/seo\/ -->\n<title>Romane card\u00e9e n\u00b008 - Musee Filature<\/title>\n<meta name=\"robots\" content=\"index, follow, max-snippet:-1, max-image-preview:large, max-video-preview:-1\" \/>\n<link rel=\"canonical\" href=\"https:\/\/www.musee-filature.com\/site\/shop\/romane-cardee-n08\/\" \/>\n<meta property=\"og:locale\" content=\"fr_FR\" \/>\n<meta property=\"og:type\" content=\"article\" \/>\n<meta property=\"og:title\" content=\"Romane card\u00e9e n\u00b008 - Musee Filature\" \/>\n<meta property=\"og:description\" content=\"Laine card\u00e9e de brebis Romane, douce et courte pour le feutrage et le filage. Lav\u00e9e, teint\u00e9e et card\u00e9e en France. Qualit\u00e9 :\u00a0 25-26 microns Caract\u00e9ristiques de la laine : M\u00e8ches courtes \u00e0 moyennes, tr\u00e8s fines et douces. Poss\u00e8de des bouclettes, est l\u00e9g\u00e8rement gaufr\u00e9e selon les individus.\u00a0 Qualit\u00e9s au feutrage : Tr\u00e8s facile \u00e0 travailler. Laine... Read more &raquo;\" \/>\n<meta property=\"og:url\" content=\"https:\/\/www.musee-filature.com\/site\/shop\/romane-cardee-n08\/\" \/>\n<meta property=\"og:site_name\" content=\"Musee Filature\" \/>\n<meta property=\"article:modified_time\" content=\"2025-09-26T16:43:02+00:00\" \/>\n<meta property=\"og:image\" content=\"https:\/\/www.musee-filature.com\/site\/wp-content\/uploads\/2025\/09\/romane-n\u00b008.jpg\" \/>\n\t<meta property=\"og:image:width\" content=\"640\" \/>\n\t<meta property=\"og:image:height\" content=\"480\" \/>\n\t<meta property=\"og:image:type\" content=\"image\/jpeg\" \/>\n<meta name=\"twitter:card\" content=\"summary_large_image\" \/>\n<meta name=\"twitter:label1\" content=\"Dur\u00e9e de lecture estim\u00e9e\" \/>\n\t<meta name=\"twitter:data1\" content=\"1 minute\" \/>\n<script type=\"application\/ld+json\" class=\"yoast-schema-graph\">{\"@context\":\"https:\/\/schema.org\",\"@graph\":[{\"@type\":\"WebPage\",\"@id\":\"https:\/\/www.musee-filature.com\/site\/shop\/romane-cardee-n08\/\",\"url\":\"https:\/\/www.musee-filature.com\/site\/shop\/romane-cardee-n08\/\",\"name\":\"Romane card\u00e9e n\u00b008 - Musee Filature\",\"isPartOf\":{\"@id\":\"https:\/\/www.musee-filature.com\/site\/#website\"},\"primaryImageOfPage\":{\"@id\":\"https:\/\/www.musee-filature.com\/site\/shop\/romane-cardee-n08\/#primaryimage\"},\"image\":{\"@id\":\"https:\/\/www.musee-filature.com\/site\/shop\/romane-cardee-n08\/#primaryimage\"},\"thumbnailUrl\":\"https:\/\/www.musee-filature.com\/site\/wp-content\/uploads\/2025\/09\/romane-n\u00b008.jpg\",\"datePublished\":\"2025-09-26T16:41:02+00:00\",\"dateModified\":\"2025-09-26T16:43:02+00:00\",\"breadcrumb\":{\"@id\":\"https:\/\/www.musee-filature.com\/site\/shop\/romane-cardee-n08\/#breadcrumb\"},\"inLanguage\":\"fr-FR\",\"potentialAction\":[{\"@type\":\"ReadAction\",\"target\":[\"https:\/\/www.musee-filature.com\/site\/shop\/romane-cardee-n08\/\"]}]},{\"@type\":\"ImageObject\",\"inLanguage\":\"fr-FR\",\"@id\":\"https:\/\/www.musee-filature.com\/site\/shop\/romane-cardee-n08\/#primaryimage\",\"url\":\"https:\/\/www.musee-filature.com\/site\/wp-content\/uploads\/2025\/09\/romane-n\u00b008.jpg\",\"contentUrl\":\"https:\/\/www.musee-filature.com\/site\/wp-content\/uploads\/2025\/09\/romane-n\u00b008.jpg\",\"width\":640,\"height\":480},{\"@type\":\"BreadcrumbList\",\"@id\":\"https:\/\/www.musee-filature.com\/site\/shop\/romane-cardee-n08\/#breadcrumb\",\"itemListElement\":[{\"@type\":\"ListItem\",\"position\":1,\"name\":\"Accueil\",\"item\":\"https:\/\/www.musee-filature.com\/site\/\"},{\"@type\":\"ListItem\",\"position\":2,\"name\":\"Boutique de vente de laine\",\"item\":\"https:\/\/www.musee-filature.com\/site\/\"},{\"@type\":\"ListItem\",\"position\":3,\"name\":\"Romane card\u00e9e n\u00b008\"}]},{\"@type\":\"WebSite\",\"@id\":\"https:\/\/www.musee-filature.com\/site\/#website\",\"url\":\"https:\/\/www.musee-filature.com\/site\/\",\"name\":\"Musee Filature\",\"description\":\"Les m\u00e9tiers de la laine\",\"potentialAction\":[{\"@type\":\"SearchAction\",\"target\":{\"@type\":\"EntryPoint\",\"urlTemplate\":\"https:\/\/www.musee-filature.com\/site\/?s={search_term_string}\"},\"query-input\":{\"@type\":\"PropertyValueSpecification\",\"valueRequired\":true,\"valueName\":\"search_term_string\"}}],\"inLanguage\":\"fr-FR\"}]}<\/script>\n<!-- \/ Yoast SEO plugin. -->","yoast_head_json":{"title":"Romane card\u00e9e n\u00b008 - Musee Filature","robots":{"index":"index","follow":"follow","max-snippet":"max-snippet:-1","max-image-preview":"max-image-preview:large","max-video-preview":"max-video-preview:-1"},"canonical":"https:\/\/www.musee-filature.com\/site\/shop\/romane-cardee-n08\/","og_locale":"fr_FR","og_type":"article","og_title":"Romane card\u00e9e n\u00b008 - Musee Filature","og_description":"Laine card\u00e9e de brebis Romane, douce et courte pour le feutrage et le filage. Lav\u00e9e, teint\u00e9e et card\u00e9e en France. Qualit\u00e9 :\u00a0 25-26 microns Caract\u00e9ristiques de la laine : M\u00e8ches courtes \u00e0 moyennes, tr\u00e8s fines et douces. Poss\u00e8de des bouclettes, est l\u00e9g\u00e8rement gaufr\u00e9e selon les individus.\u00a0 Qualit\u00e9s au feutrage : Tr\u00e8s facile \u00e0 travailler. Laine... Read more &raquo;","og_url":"https:\/\/www.musee-filature.com\/site\/shop\/romane-cardee-n08\/","og_site_name":"Musee Filature","article_modified_time":"2025-09-26T16:43:02+00:00","og_image":[{"width":640,"height":480,"url":"https:\/\/www.musee-filature.com\/site\/wp-content\/uploads\/2025\/09\/romane-n\u00b008.jpg","type":"image\/jpeg"}],"twitter_card":"summary_large_image","twitter_misc":{"Dur\u00e9e de lecture estim\u00e9e":"1 minute"},"schema":{"@context":"https:\/\/schema.org","@graph":[{"@type":"WebPage","@id":"https:\/\/www.musee-filature.com\/site\/shop\/romane-cardee-n08\/","url":"https:\/\/www.musee-filature.com\/site\/shop\/romane-cardee-n08\/","name":"Romane card\u00e9e n\u00b008 - Musee Filature","isPartOf":{"@id":"https:\/\/www.musee-filature.com\/site\/#website"},"primaryImageOfPage":{"@id":"https:\/\/www.musee-filature.com\/site\/shop\/romane-cardee-n08\/#primaryimage"},"image":{"@id":"https:\/\/www.musee-filature.com\/site\/shop\/romane-cardee-n08\/#primaryimage"},"thumbnailUrl":"https:\/\/www.musee-filature.com\/site\/wp-content\/uploads\/2025\/09\/romane-n\u00b008.jpg","datePublished":"2025-09-26T16:41:02+00:00","dateModified":"2025-09-26T16:43:02+00:00","breadcrumb":{"@id":"https:\/\/www.musee-filature.com\/site\/shop\/romane-cardee-n08\/#breadcrumb"},"inLanguage":"fr-FR","potentialAction":[{"@type":"ReadAction","target":["https:\/\/www.musee-filature.com\/site\/shop\/romane-cardee-n08\/"]}]},{"@type":"ImageObject","inLanguage":"fr-FR","@id":"https:\/\/www.musee-filature.com\/site\/shop\/romane-cardee-n08\/#primaryimage","url":"https:\/\/www.musee-filature.com\/site\/wp-content\/uploads\/2025\/09\/romane-n\u00b008.jpg","contentUrl":"https:\/\/www.musee-filature.com\/site\/wp-content\/uploads\/2025\/09\/romane-n\u00b008.jpg","width":640,"height":480},{"@type":"BreadcrumbList","@id":"https:\/\/www.musee-filature.com\/site\/shop\/romane-cardee-n08\/#breadcrumb","itemListElement":[{"@type":"ListItem","position":1,"name":"Accueil","item":"https:\/\/www.musee-filature.com\/site\/"},{"@type":"ListItem","position":2,"name":"Boutique de vente de laine","item":"https:\/\/www.musee-filature.com\/site\/"},{"@type":"ListItem","position":3,"name":"Romane card\u00e9e n\u00b008"}]},{"@type":"WebSite","@id":"https:\/\/www.musee-filature.com\/site\/#website","url":"https:\/\/www.musee-filature.com\/site\/","name":"Musee Filature","description":"Les m\u00e9tiers de la laine","potentialAction":[{"@type":"SearchAction","target":{"@type":"EntryPoint","urlTemplate":"https:\/\/www.musee-filature.com\/site\/?s={search_term_string}"},"query-input":{"@type":"PropertyValueSpecification","valueRequired":true,"valueName":"search_term_string"}}],"inLanguage":"fr-FR"}]}},"jetpack_publicize_connections":[],"jetpack_sharing_enabled":true,"_links":{"self":[{"href":"https:\/\/www.musee-filature.com\/site\/wp-json\/wp\/v2\/product\/19331","targetHints":{"allow":["GET"]}}],"collection":[{"href":"https:\/\/www.musee-filature.com\/site\/wp-json\/wp\/v2\/product"}],"about":[{"href":"https:\/\/www.musee-filature.com\/site\/wp-json\/wp\/v2\/types\/product"}],"wp:featuredmedia":[{"embeddable":true,"href":"https:\/\/www.musee-filature.com\/site\/wp-json\/wp\/v2\/media\/19337"}],"wp:attachment":[{"href":"https:\/\/www.musee-filature.com\/site\/wp-json\/wp\/v2\/media?parent=19331"}],"wp:term":[{"taxonomy":"product_brand","embeddable":true,"href":"https:\/\/www.musee-filature.com\/site\/wp-json\/wp\/v2\/product_brand?post=19331"},{"taxonomy":"product_cat","embeddable":true,"href":"https:\/\/www.musee-filature.com\/site\/wp-json\/wp\/v2\/product_cat?post=19331"},{"taxonomy":"product_tag","embeddable":true,"href":"https:\/\/www.musee-filature.com\/site\/wp-json\/wp\/v2\/product_tag?post=19331"}],"curies":[{"name":"wp","href":"https:\/\/api.w.org\/{rel}","templated":true}]}}