{"id":19282,"date":"2025-09-24T17:26:47","date_gmt":"2025-09-24T16:26:47","guid":{"rendered":"https:\/\/www.musee-filature.com\/site\/?post_type=product&#038;p=19282"},"modified":"2025-09-24T17:26:47","modified_gmt":"2025-09-24T16:26:47","slug":"est-a-laine-merinos-n06","status":"publish","type":"product","link":"https:\/\/www.musee-filature.com\/site\/shop\/est-a-laine-merinos-n06\/","title":{"rendered":"Est \u00e0 laine m\u00e9rinos n\u00b006"},"content":{"rendered":"<p><strong>Laine de brebis Est \u00e0 laine m\u00e9rinos en nappe card\u00e9e, fibres courtes.<br \/>\nLaine pour feutrage \u00e0 l&rsquo;eau et \u00e0 l&rsquo;aiguille ainsi que le filage.<br \/>\nQualit\u00e9 : 26\/28 microns<\/strong><\/p>\n","protected":false},"excerpt":{"rendered":"<p>Laine de brebis Est \u00e0 laine m\u00e9rinos en nappe card\u00e9e, fibres courtes. Laine pour feutrage \u00e0 l&rsquo;eau et \u00e0 l&rsquo;aiguille ainsi que le filage. Qualit\u00e9 : 26\/28 microns<\/p>\n","protected":false},"featured_media":19283,"template":"","meta":{"_acf_changed":false,"jetpack_publicize_message":"","jetpack_publicize_feature_enabled":true,"jetpack_social_post_already_shared":true,"jetpack_social_options":{"image_generator_settings":{"template":"highway","default_image_id":0,"font":"","enabled":false},"version":2}},"product_brand":[],"product_cat":[134],"product_tag":[],"class_list":{"0":"post-19282","1":"product","2":"type-product","3":"status-publish","4":"has-post-thumbnail","6":"product_cat-laine-cardee-est-a-laine-merinos","8":"first","9":"instock","10":"sold-individually","11":"shipping-taxable","12":"purchasable","13":"product-type-variable"},"acf":[],"yoast_head":"<!-- This site is optimized with the Yoast SEO plugin v26.6 - https:\/\/yoast.com\/wordpress\/plugins\/seo\/ -->\n<title>Est \u00e0 laine m\u00e9rinos n\u00b006 - Musee Filature<\/title>\n<meta name=\"robots\" content=\"index, follow, max-snippet:-1, max-image-preview:large, max-video-preview:-1\" \/>\n<link rel=\"canonical\" href=\"https:\/\/www.musee-filature.com\/site\/shop\/est-a-laine-merinos-n06\/\" \/>\n<meta property=\"og:locale\" content=\"fr_FR\" \/>\n<meta property=\"og:type\" content=\"article\" \/>\n<meta property=\"og:title\" content=\"Est \u00e0 laine m\u00e9rinos n\u00b006 - Musee Filature\" \/>\n<meta property=\"og:description\" content=\"Laine de brebis Est \u00e0 laine m\u00e9rinos en nappe card\u00e9e, fibres courtes. Laine pour feutrage \u00e0 l&rsquo;eau et \u00e0 l&rsquo;aiguille ainsi que le filage. Qualit\u00e9 : 26\/28 microns\" \/>\n<meta property=\"og:url\" content=\"https:\/\/www.musee-filature.com\/site\/shop\/est-a-laine-merinos-n06\/\" \/>\n<meta property=\"og:site_name\" content=\"Musee Filature\" \/>\n<meta property=\"og:image\" content=\"https:\/\/www.musee-filature.com\/site\/wp-content\/uploads\/2025\/09\/Est-a-laine-n\u00b006.jpg\" \/>\n\t<meta property=\"og:image:width\" content=\"640\" \/>\n\t<meta property=\"og:image:height\" content=\"480\" \/>\n\t<meta property=\"og:image:type\" content=\"image\/jpeg\" \/>\n<meta name=\"twitter:card\" content=\"summary_large_image\" \/>\n<meta name=\"twitter:label1\" content=\"Dur\u00e9e de lecture estim\u00e9e\" \/>\n\t<meta name=\"twitter:data1\" content=\"1 minute\" \/>\n<script type=\"application\/ld+json\" class=\"yoast-schema-graph\">{\"@context\":\"https:\/\/schema.org\",\"@graph\":[{\"@type\":\"WebPage\",\"@id\":\"https:\/\/www.musee-filature.com\/site\/shop\/est-a-laine-merinos-n06\/\",\"url\":\"https:\/\/www.musee-filature.com\/site\/shop\/est-a-laine-merinos-n06\/\",\"name\":\"Est \u00e0 laine m\u00e9rinos n\u00b006 - Musee Filature\",\"isPartOf\":{\"@id\":\"https:\/\/www.musee-filature.com\/site\/#website\"},\"primaryImageOfPage\":{\"@id\":\"https:\/\/www.musee-filature.com\/site\/shop\/est-a-laine-merinos-n06\/#primaryimage\"},\"image\":{\"@id\":\"https:\/\/www.musee-filature.com\/site\/shop\/est-a-laine-merinos-n06\/#primaryimage\"},\"thumbnailUrl\":\"https:\/\/www.musee-filature.com\/site\/wp-content\/uploads\/2025\/09\/Est-a-laine-n\u00b006.jpg\",\"datePublished\":\"2025-09-24T16:26:47+00:00\",\"breadcrumb\":{\"@id\":\"https:\/\/www.musee-filature.com\/site\/shop\/est-a-laine-merinos-n06\/#breadcrumb\"},\"inLanguage\":\"fr-FR\",\"potentialAction\":[{\"@type\":\"ReadAction\",\"target\":[\"https:\/\/www.musee-filature.com\/site\/shop\/est-a-laine-merinos-n06\/\"]}]},{\"@type\":\"ImageObject\",\"inLanguage\":\"fr-FR\",\"@id\":\"https:\/\/www.musee-filature.com\/site\/shop\/est-a-laine-merinos-n06\/#primaryimage\",\"url\":\"https:\/\/www.musee-filature.com\/site\/wp-content\/uploads\/2025\/09\/Est-a-laine-n\u00b006.jpg\",\"contentUrl\":\"https:\/\/www.musee-filature.com\/site\/wp-content\/uploads\/2025\/09\/Est-a-laine-n\u00b006.jpg\",\"width\":640,\"height\":480},{\"@type\":\"BreadcrumbList\",\"@id\":\"https:\/\/www.musee-filature.com\/site\/shop\/est-a-laine-merinos-n06\/#breadcrumb\",\"itemListElement\":[{\"@type\":\"ListItem\",\"position\":1,\"name\":\"Accueil\",\"item\":\"https:\/\/www.musee-filature.com\/site\/\"},{\"@type\":\"ListItem\",\"position\":2,\"name\":\"Boutique de vente de laine\",\"item\":\"https:\/\/www.musee-filature.com\/site\/\"},{\"@type\":\"ListItem\",\"position\":3,\"name\":\"Est \u00e0 laine m\u00e9rinos n\u00b006\"}]},{\"@type\":\"WebSite\",\"@id\":\"https:\/\/www.musee-filature.com\/site\/#website\",\"url\":\"https:\/\/www.musee-filature.com\/site\/\",\"name\":\"Musee Filature\",\"description\":\"Les m\u00e9tiers de la laine\",\"potentialAction\":[{\"@type\":\"SearchAction\",\"target\":{\"@type\":\"EntryPoint\",\"urlTemplate\":\"https:\/\/www.musee-filature.com\/site\/?s={search_term_string}\"},\"query-input\":{\"@type\":\"PropertyValueSpecification\",\"valueRequired\":true,\"valueName\":\"search_term_string\"}}],\"inLanguage\":\"fr-FR\"}]}<\/script>\n<!-- \/ Yoast SEO plugin. -->","yoast_head_json":{"title":"Est \u00e0 laine m\u00e9rinos n\u00b006 - Musee Filature","robots":{"index":"index","follow":"follow","max-snippet":"max-snippet:-1","max-image-preview":"max-image-preview:large","max-video-preview":"max-video-preview:-1"},"canonical":"https:\/\/www.musee-filature.com\/site\/shop\/est-a-laine-merinos-n06\/","og_locale":"fr_FR","og_type":"article","og_title":"Est \u00e0 laine m\u00e9rinos n\u00b006 - Musee Filature","og_description":"Laine de brebis Est \u00e0 laine m\u00e9rinos en nappe card\u00e9e, fibres courtes. Laine pour feutrage \u00e0 l&rsquo;eau et \u00e0 l&rsquo;aiguille ainsi que le filage. Qualit\u00e9 : 26\/28 microns","og_url":"https:\/\/www.musee-filature.com\/site\/shop\/est-a-laine-merinos-n06\/","og_site_name":"Musee Filature","og_image":[{"width":640,"height":480,"url":"https:\/\/www.musee-filature.com\/site\/wp-content\/uploads\/2025\/09\/Est-a-laine-n\u00b006.jpg","type":"image\/jpeg"}],"twitter_card":"summary_large_image","twitter_misc":{"Dur\u00e9e de lecture estim\u00e9e":"1 minute"},"schema":{"@context":"https:\/\/schema.org","@graph":[{"@type":"WebPage","@id":"https:\/\/www.musee-filature.com\/site\/shop\/est-a-laine-merinos-n06\/","url":"https:\/\/www.musee-filature.com\/site\/shop\/est-a-laine-merinos-n06\/","name":"Est \u00e0 laine m\u00e9rinos n\u00b006 - Musee Filature","isPartOf":{"@id":"https:\/\/www.musee-filature.com\/site\/#website"},"primaryImageOfPage":{"@id":"https:\/\/www.musee-filature.com\/site\/shop\/est-a-laine-merinos-n06\/#primaryimage"},"image":{"@id":"https:\/\/www.musee-filature.com\/site\/shop\/est-a-laine-merinos-n06\/#primaryimage"},"thumbnailUrl":"https:\/\/www.musee-filature.com\/site\/wp-content\/uploads\/2025\/09\/Est-a-laine-n\u00b006.jpg","datePublished":"2025-09-24T16:26:47+00:00","breadcrumb":{"@id":"https:\/\/www.musee-filature.com\/site\/shop\/est-a-laine-merinos-n06\/#breadcrumb"},"inLanguage":"fr-FR","potentialAction":[{"@type":"ReadAction","target":["https:\/\/www.musee-filature.com\/site\/shop\/est-a-laine-merinos-n06\/"]}]},{"@type":"ImageObject","inLanguage":"fr-FR","@id":"https:\/\/www.musee-filature.com\/site\/shop\/est-a-laine-merinos-n06\/#primaryimage","url":"https:\/\/www.musee-filature.com\/site\/wp-content\/uploads\/2025\/09\/Est-a-laine-n\u00b006.jpg","contentUrl":"https:\/\/www.musee-filature.com\/site\/wp-content\/uploads\/2025\/09\/Est-a-laine-n\u00b006.jpg","width":640,"height":480},{"@type":"BreadcrumbList","@id":"https:\/\/www.musee-filature.com\/site\/shop\/est-a-laine-merinos-n06\/#breadcrumb","itemListElement":[{"@type":"ListItem","position":1,"name":"Accueil","item":"https:\/\/www.musee-filature.com\/site\/"},{"@type":"ListItem","position":2,"name":"Boutique de vente de laine","item":"https:\/\/www.musee-filature.com\/site\/"},{"@type":"ListItem","position":3,"name":"Est \u00e0 laine m\u00e9rinos n\u00b006"}]},{"@type":"WebSite","@id":"https:\/\/www.musee-filature.com\/site\/#website","url":"https:\/\/www.musee-filature.com\/site\/","name":"Musee Filature","description":"Les m\u00e9tiers de la laine","potentialAction":[{"@type":"SearchAction","target":{"@type":"EntryPoint","urlTemplate":"https:\/\/www.musee-filature.com\/site\/?s={search_term_string}"},"query-input":{"@type":"PropertyValueSpecification","valueRequired":true,"valueName":"search_term_string"}}],"inLanguage":"fr-FR"}]}},"jetpack_publicize_connections":[],"jetpack_sharing_enabled":true,"_links":{"self":[{"href":"https:\/\/www.musee-filature.com\/site\/wp-json\/wp\/v2\/product\/19282","targetHints":{"allow":["GET"]}}],"collection":[{"href":"https:\/\/www.musee-filature.com\/site\/wp-json\/wp\/v2\/product"}],"about":[{"href":"https:\/\/www.musee-filature.com\/site\/wp-json\/wp\/v2\/types\/product"}],"wp:featuredmedia":[{"embeddable":true,"href":"https:\/\/www.musee-filature.com\/site\/wp-json\/wp\/v2\/media\/19283"}],"wp:attachment":[{"href":"https:\/\/www.musee-filature.com\/site\/wp-json\/wp\/v2\/media?parent=19282"}],"wp:term":[{"taxonomy":"product_brand","embeddable":true,"href":"https:\/\/www.musee-filature.com\/site\/wp-json\/wp\/v2\/product_brand?post=19282"},{"taxonomy":"product_cat","embeddable":true,"href":"https:\/\/www.musee-filature.com\/site\/wp-json\/wp\/v2\/product_cat?post=19282"},{"taxonomy":"product_tag","embeddable":true,"href":"https:\/\/www.musee-filature.com\/site\/wp-json\/wp\/v2\/product_tag?post=19282"}],"curies":[{"name":"wp","href":"https:\/\/api.w.org\/{rel}","templated":true}]}}