{"id":18807,"date":"2025-07-13T11:00:01","date_gmt":"2025-07-13T10:00:01","guid":{"rendered":"https:\/\/www.musee-filature.com\/site\/?post_type=product&#038;p=18807"},"modified":"2026-02-24T15:30:18","modified_gmt":"2026-02-24T14:30:18","slug":"laine-de-pays-est-a-laine-merinos","status":"publish","type":"product","link":"https:\/\/www.musee-filature.com\/site\/shop\/laine-de-pays-est-a-laine-merinos\/","title":{"rendered":"Laine de pays \u00ab\u00a0Est \u00e0 laine M\u00e9rinos\u00a0\u00bb"},"content":{"rendered":"<p><strong>Laine de brebis Est \u00e0 laine m\u00e9rinos en nappe card\u00e9e.<\/strong><br \/>\n<strong><br \/>\nCaract\u00e9ristiques de la laine :<strong>\u00a0M\u00e8ches courtes, mi-longues, fines, douces, de couleur blanc \u00e9clatant.<\/strong><br \/>\n<strong><br \/>\nQualit\u00e9s au feutrage :\u00a0<strong>Cette laine de qualit\u00e9 est r\u00e9serv\u00e9e \u00e0 celles et ceux qui aiment poser la laine avec pr\u00e9cision et finesse. Si fine, elle ne se masse pas directement avec les mains au d\u00e9marrage et il ne faut r\u00e2ter aucune \u00e9tape de feutrage pour un rendu parfait. La M\u00e9rinos Est \u00e0 laine est fine, tr\u00e8s douce et souple.<\/strong><b>Usages possibles en feutre :\u00a0<\/b><strong>v\u00eatements proches du corps type \u00e9charpes, bonnets, robes, sculptures avec d\u00e9coupes, d\u00e9tails et pliages pr\u00e9cis, &#8230;<\/strong><\/strong><\/strong><\/p>\n<p><strong>Laine pour feutrage \u00e0 l&rsquo;eau et \u00e0 l&rsquo;aiguille ainsi que le filage.<br \/>\nQualit\u00e9 : 26\/28 microns<\/strong><\/p>\n","protected":false},"excerpt":{"rendered":"<p>Est \u00e0 laine m\u00e9rinos.<\/p>\n","protected":false},"featured_media":4274,"template":"","meta":{"_acf_changed":false,"jetpack_publicize_message":"","jetpack_publicize_feature_enabled":true,"jetpack_social_post_already_shared":true,"jetpack_social_options":{"image_generator_settings":{"template":"highway","default_image_id":0,"font":"","enabled":false},"version":2}},"product_brand":[],"product_cat":[21,134],"product_tag":[],"class_list":{"0":"post-18807","1":"product","2":"type-product","3":"status-publish","4":"has-post-thumbnail","6":"product_cat-laine_pays","7":"product_cat-laine-cardee-est-a-laine-merinos","9":"first","10":"instock","11":"sold-individually","12":"shipping-taxable","13":"purchasable","14":"product-type-variable"},"acf":[],"yoast_head":"<!-- This site is optimized with the Yoast SEO plugin v26.6 - https:\/\/yoast.com\/wordpress\/plugins\/seo\/ -->\n<title>Laine de pays &quot;Est \u00e0 laine M\u00e9rinos&quot; - Musee Filature<\/title>\n<meta name=\"description\" content=\"Laine de france, brebis Est \u00e0 laine. Filage, feutrage et rembourrage. Lav\u00e9e et card\u00e9e en France. Vendu \u00e0 partir de 50 gr.\" \/>\n<meta name=\"robots\" content=\"index, follow, max-snippet:-1, max-image-preview:large, max-video-preview:-1\" \/>\n<link rel=\"canonical\" href=\"https:\/\/www.musee-filature.com\/site\/shop\/laine-de-pays-est-a-laine-merinos\/\" \/>\n<meta property=\"og:locale\" content=\"fr_FR\" \/>\n<meta property=\"og:type\" content=\"article\" \/>\n<meta property=\"og:title\" content=\"Laine de pays &quot;Est \u00e0 laine M\u00e9rinos&quot; - Musee Filature\" \/>\n<meta property=\"og:description\" content=\"Laine de france, brebis Est \u00e0 laine. Filage, feutrage et rembourrage. Lav\u00e9e et card\u00e9e en France. Vendu \u00e0 partir de 50 gr.\" \/>\n<meta property=\"og:url\" content=\"https:\/\/www.musee-filature.com\/site\/shop\/laine-de-pays-est-a-laine-merinos\/\" \/>\n<meta property=\"og:site_name\" content=\"Musee Filature\" \/>\n<meta property=\"article:modified_time\" content=\"2026-02-24T14:30:18+00:00\" \/>\n<meta property=\"og:image\" content=\"https:\/\/www.musee-filature.com\/site\/wp-content\/uploads\/2016\/02\/card\u00e9-m\u00e9rinos-blanc.jpg\" \/>\n\t<meta property=\"og:image:width\" content=\"640\" \/>\n\t<meta property=\"og:image:height\" content=\"480\" \/>\n\t<meta property=\"og:image:type\" content=\"image\/jpeg\" \/>\n<meta name=\"twitter:card\" content=\"summary_large_image\" \/>\n<meta name=\"twitter:label1\" content=\"Dur\u00e9e de lecture estim\u00e9e\" \/>\n\t<meta name=\"twitter:data1\" content=\"1 minute\" \/>\n<script type=\"application\/ld+json\" class=\"yoast-schema-graph\">{\"@context\":\"https:\/\/schema.org\",\"@graph\":[{\"@type\":\"WebPage\",\"@id\":\"https:\/\/www.musee-filature.com\/site\/shop\/laine-de-pays-est-a-laine-merinos\/\",\"url\":\"https:\/\/www.musee-filature.com\/site\/shop\/laine-de-pays-est-a-laine-merinos\/\",\"name\":\"Laine de pays \\\"Est \u00e0 laine M\u00e9rinos\\\" - Musee Filature\",\"isPartOf\":{\"@id\":\"https:\/\/www.musee-filature.com\/site\/#website\"},\"primaryImageOfPage\":{\"@id\":\"https:\/\/www.musee-filature.com\/site\/shop\/laine-de-pays-est-a-laine-merinos\/#primaryimage\"},\"image\":{\"@id\":\"https:\/\/www.musee-filature.com\/site\/shop\/laine-de-pays-est-a-laine-merinos\/#primaryimage\"},\"thumbnailUrl\":\"https:\/\/www.musee-filature.com\/site\/wp-content\/uploads\/2016\/02\/card\u00e9-m\u00e9rinos-blanc.jpg\",\"datePublished\":\"2025-07-13T10:00:01+00:00\",\"dateModified\":\"2026-02-24T14:30:18+00:00\",\"description\":\"Laine de france, brebis Est \u00e0 laine. Filage, feutrage et rembourrage. Lav\u00e9e et card\u00e9e en France. Vendu \u00e0 partir de 50 gr.\",\"breadcrumb\":{\"@id\":\"https:\/\/www.musee-filature.com\/site\/shop\/laine-de-pays-est-a-laine-merinos\/#breadcrumb\"},\"inLanguage\":\"fr-FR\",\"potentialAction\":[{\"@type\":\"ReadAction\",\"target\":[\"https:\/\/www.musee-filature.com\/site\/shop\/laine-de-pays-est-a-laine-merinos\/\"]}]},{\"@type\":\"ImageObject\",\"inLanguage\":\"fr-FR\",\"@id\":\"https:\/\/www.musee-filature.com\/site\/shop\/laine-de-pays-est-a-laine-merinos\/#primaryimage\",\"url\":\"https:\/\/www.musee-filature.com\/site\/wp-content\/uploads\/2016\/02\/card\u00e9-m\u00e9rinos-blanc.jpg\",\"contentUrl\":\"https:\/\/www.musee-filature.com\/site\/wp-content\/uploads\/2016\/02\/card\u00e9-m\u00e9rinos-blanc.jpg\",\"width\":640,\"height\":480},{\"@type\":\"BreadcrumbList\",\"@id\":\"https:\/\/www.musee-filature.com\/site\/shop\/laine-de-pays-est-a-laine-merinos\/#breadcrumb\",\"itemListElement\":[{\"@type\":\"ListItem\",\"position\":1,\"name\":\"Accueil\",\"item\":\"https:\/\/www.musee-filature.com\/site\/\"},{\"@type\":\"ListItem\",\"position\":2,\"name\":\"Boutique de vente de laine\",\"item\":\"https:\/\/www.musee-filature.com\/site\/\"},{\"@type\":\"ListItem\",\"position\":3,\"name\":\"Laine de pays \u00ab\u00a0Est \u00e0 laine M\u00e9rinos\u00a0\u00bb\"}]},{\"@type\":\"WebSite\",\"@id\":\"https:\/\/www.musee-filature.com\/site\/#website\",\"url\":\"https:\/\/www.musee-filature.com\/site\/\",\"name\":\"Musee Filature\",\"description\":\"Les m\u00e9tiers de la laine\",\"potentialAction\":[{\"@type\":\"SearchAction\",\"target\":{\"@type\":\"EntryPoint\",\"urlTemplate\":\"https:\/\/www.musee-filature.com\/site\/?s={search_term_string}\"},\"query-input\":{\"@type\":\"PropertyValueSpecification\",\"valueRequired\":true,\"valueName\":\"search_term_string\"}}],\"inLanguage\":\"fr-FR\"}]}<\/script>\n<!-- \/ Yoast SEO plugin. -->","yoast_head_json":{"title":"Laine de pays \"Est \u00e0 laine M\u00e9rinos\" - Musee Filature","description":"Laine de france, brebis Est \u00e0 laine. Filage, feutrage et rembourrage. Lav\u00e9e et card\u00e9e en France. Vendu \u00e0 partir de 50 gr.","robots":{"index":"index","follow":"follow","max-snippet":"max-snippet:-1","max-image-preview":"max-image-preview:large","max-video-preview":"max-video-preview:-1"},"canonical":"https:\/\/www.musee-filature.com\/site\/shop\/laine-de-pays-est-a-laine-merinos\/","og_locale":"fr_FR","og_type":"article","og_title":"Laine de pays \"Est \u00e0 laine M\u00e9rinos\" - Musee Filature","og_description":"Laine de france, brebis Est \u00e0 laine. Filage, feutrage et rembourrage. Lav\u00e9e et card\u00e9e en France. Vendu \u00e0 partir de 50 gr.","og_url":"https:\/\/www.musee-filature.com\/site\/shop\/laine-de-pays-est-a-laine-merinos\/","og_site_name":"Musee Filature","article_modified_time":"2026-02-24T14:30:18+00:00","og_image":[{"width":640,"height":480,"url":"https:\/\/www.musee-filature.com\/site\/wp-content\/uploads\/2016\/02\/card\u00e9-m\u00e9rinos-blanc.jpg","type":"image\/jpeg"}],"twitter_card":"summary_large_image","twitter_misc":{"Dur\u00e9e de lecture estim\u00e9e":"1 minute"},"schema":{"@context":"https:\/\/schema.org","@graph":[{"@type":"WebPage","@id":"https:\/\/www.musee-filature.com\/site\/shop\/laine-de-pays-est-a-laine-merinos\/","url":"https:\/\/www.musee-filature.com\/site\/shop\/laine-de-pays-est-a-laine-merinos\/","name":"Laine de pays \"Est \u00e0 laine M\u00e9rinos\" - Musee Filature","isPartOf":{"@id":"https:\/\/www.musee-filature.com\/site\/#website"},"primaryImageOfPage":{"@id":"https:\/\/www.musee-filature.com\/site\/shop\/laine-de-pays-est-a-laine-merinos\/#primaryimage"},"image":{"@id":"https:\/\/www.musee-filature.com\/site\/shop\/laine-de-pays-est-a-laine-merinos\/#primaryimage"},"thumbnailUrl":"https:\/\/www.musee-filature.com\/site\/wp-content\/uploads\/2016\/02\/card\u00e9-m\u00e9rinos-blanc.jpg","datePublished":"2025-07-13T10:00:01+00:00","dateModified":"2026-02-24T14:30:18+00:00","description":"Laine de france, brebis Est \u00e0 laine. Filage, feutrage et rembourrage. Lav\u00e9e et card\u00e9e en France. Vendu \u00e0 partir de 50 gr.","breadcrumb":{"@id":"https:\/\/www.musee-filature.com\/site\/shop\/laine-de-pays-est-a-laine-merinos\/#breadcrumb"},"inLanguage":"fr-FR","potentialAction":[{"@type":"ReadAction","target":["https:\/\/www.musee-filature.com\/site\/shop\/laine-de-pays-est-a-laine-merinos\/"]}]},{"@type":"ImageObject","inLanguage":"fr-FR","@id":"https:\/\/www.musee-filature.com\/site\/shop\/laine-de-pays-est-a-laine-merinos\/#primaryimage","url":"https:\/\/www.musee-filature.com\/site\/wp-content\/uploads\/2016\/02\/card\u00e9-m\u00e9rinos-blanc.jpg","contentUrl":"https:\/\/www.musee-filature.com\/site\/wp-content\/uploads\/2016\/02\/card\u00e9-m\u00e9rinos-blanc.jpg","width":640,"height":480},{"@type":"BreadcrumbList","@id":"https:\/\/www.musee-filature.com\/site\/shop\/laine-de-pays-est-a-laine-merinos\/#breadcrumb","itemListElement":[{"@type":"ListItem","position":1,"name":"Accueil","item":"https:\/\/www.musee-filature.com\/site\/"},{"@type":"ListItem","position":2,"name":"Boutique de vente de laine","item":"https:\/\/www.musee-filature.com\/site\/"},{"@type":"ListItem","position":3,"name":"Laine de pays \u00ab\u00a0Est \u00e0 laine M\u00e9rinos\u00a0\u00bb"}]},{"@type":"WebSite","@id":"https:\/\/www.musee-filature.com\/site\/#website","url":"https:\/\/www.musee-filature.com\/site\/","name":"Musee Filature","description":"Les m\u00e9tiers de la laine","potentialAction":[{"@type":"SearchAction","target":{"@type":"EntryPoint","urlTemplate":"https:\/\/www.musee-filature.com\/site\/?s={search_term_string}"},"query-input":{"@type":"PropertyValueSpecification","valueRequired":true,"valueName":"search_term_string"}}],"inLanguage":"fr-FR"}]}},"jetpack_publicize_connections":[],"jetpack_sharing_enabled":true,"_links":{"self":[{"href":"https:\/\/www.musee-filature.com\/site\/wp-json\/wp\/v2\/product\/18807","targetHints":{"allow":["GET"]}}],"collection":[{"href":"https:\/\/www.musee-filature.com\/site\/wp-json\/wp\/v2\/product"}],"about":[{"href":"https:\/\/www.musee-filature.com\/site\/wp-json\/wp\/v2\/types\/product"}],"wp:featuredmedia":[{"embeddable":true,"href":"https:\/\/www.musee-filature.com\/site\/wp-json\/wp\/v2\/media\/4274"}],"wp:attachment":[{"href":"https:\/\/www.musee-filature.com\/site\/wp-json\/wp\/v2\/media?parent=18807"}],"wp:term":[{"taxonomy":"product_brand","embeddable":true,"href":"https:\/\/www.musee-filature.com\/site\/wp-json\/wp\/v2\/product_brand?post=18807"},{"taxonomy":"product_cat","embeddable":true,"href":"https:\/\/www.musee-filature.com\/site\/wp-json\/wp\/v2\/product_cat?post=18807"},{"taxonomy":"product_tag","embeddable":true,"href":"https:\/\/www.musee-filature.com\/site\/wp-json\/wp\/v2\/product_tag?post=18807"}],"curies":[{"name":"wp","href":"https:\/\/api.w.org\/{rel}","templated":true}]}}