{"id":18592,"date":"2025-06-13T05:57:37","date_gmt":"2025-06-13T04:57:37","guid":{"rendered":"https:\/\/www.musee-filature.com\/site\/?post_type=product&#038;p=18592"},"modified":"2026-02-07T20:13:13","modified_gmt":"2026-02-07T19:13:13","slug":"laine-de-pays-clun-forest","status":"publish","type":"product","link":"https:\/\/www.musee-filature.com\/site\/shop\/laine-de-pays-clun-forest\/","title":{"rendered":"Laine de pays   \u00ab\u00a0Clun forest\u00a0\u00bb"},"content":{"rendered":"<p><strong>Laine card\u00e9e de brebis Clun forest issus d&rsquo;\u00e9levage Fran\u00e7ais.<\/strong><br \/>\n<strong>Caract\u00e9ristiques de la laine : M\u00e8ches courtes, de couleur blanche avec du volume.<\/strong><br \/>\n<strong>Qualit\u00e9s au feutrage :\u00a0Laine \u00e9tonnamment gonflante. Se pose et se mouille facilement.<\/strong><br \/>\n<strong>Posez autant de couches qu&rsquo;\u00e0 votre habitude, car cette laine a beaucoup de gonflant, l&rsquo;\u00e9paisseur avant feutrage peut para\u00eetre impressionnante.<\/strong><br \/>\n<strong>Elle feutre relativement vite et fera un textile tr\u00e8s souple et ultra moelleux avec du volume.\u00a0<\/strong><br \/>\n<strong> Elle peut \u00eatre tr\u00e8s int\u00e9ressante \u00ab coinc\u00e9e \u00bb entre des couches de laine \u00e0 feutre plus dense.<\/strong><br \/>\n<strong>Usages possibles en feutre :\u00a0Des plaids, des molletons int\u00e9rieurs de veste, \u2026 A vos id\u00e9es\u00a0!\u00a0<\/strong><\/p>\n<p><strong>Lav\u00e9e et card\u00e9e en France.<\/strong><\/p>\n<p><strong>Qualit\u00e9 :  26-28 microns<\/strong><\/p>\n<p>&nbsp;<\/p>\n<p>&nbsp;<\/p>\n","protected":false},"excerpt":{"rendered":"<p>Laine card\u00e9e de brebis Clun forest issus d&rsquo;\u00e9levage Fran\u00e7ais. Caract\u00e9ristiques de la laine : M\u00e8ches courtes, de couleur blanche avec du volume. Qualit\u00e9s au feutrage :\u00a0Laine \u00e9tonnamment gonflante. Se pose et se mouille facilement. Posez autant de couches qu&rsquo;\u00e0 votre habitude, car cette laine a beaucoup de gonflant, l&rsquo;\u00e9paisseur avant feutrage peut para\u00eetre impressionnante. Elle&#8230;  <a class=\"excerpt-read-more\" href=\"https:\/\/www.musee-filature.com\/site\/shop\/laine-de-pays-clun-forest\/\" title=\"ReadLaine de pays   \u00ab\u00a0Clun forest\u00a0\u00bb\">Read more &raquo;<\/a><\/p>\n","protected":false},"featured_media":8451,"template":"","meta":{"_acf_changed":false,"jetpack_publicize_message":"","jetpack_publicize_feature_enabled":true,"jetpack_social_post_already_shared":true,"jetpack_social_options":{"image_generator_settings":{"template":"highway","default_image_id":0,"font":"","enabled":false},"version":2}},"product_brand":[],"product_cat":[21],"product_tag":[],"class_list":{"0":"post-18592","1":"product","2":"type-product","3":"status-publish","4":"has-post-thumbnail","6":"product_cat-laine_pays","8":"first","9":"instock","10":"shipping-taxable","11":"purchasable","12":"product-type-variable"},"acf":[],"yoast_head":"<!-- This site is optimized with the Yoast SEO plugin v26.6 - https:\/\/yoast.com\/wordpress\/plugins\/seo\/ -->\n<title>Laine de France Clun forest<\/title>\n<meta name=\"description\" content=\"Laine de France brebis clun forest. Laine \u00e0 filer et \u00e0 feutrer. Lav\u00e9e et card\u00e9e dans notre atelier. Vendue \u00e0 partir de 50 gr.\" \/>\n<meta name=\"robots\" content=\"index, follow, max-snippet:-1, max-image-preview:large, max-video-preview:-1\" \/>\n<link rel=\"canonical\" href=\"https:\/\/www.musee-filature.com\/site\/shop\/laine-de-pays-clun-forest\/\" \/>\n<meta property=\"og:locale\" content=\"fr_FR\" \/>\n<meta property=\"og:type\" content=\"article\" \/>\n<meta property=\"og:title\" content=\"Laine de France Clun forest\" \/>\n<meta property=\"og:description\" content=\"Laine de France brebis clun forest. Laine \u00e0 filer et \u00e0 feutrer. Lav\u00e9e et card\u00e9e dans notre atelier. Vendue \u00e0 partir de 50 gr.\" \/>\n<meta property=\"og:url\" content=\"https:\/\/www.musee-filature.com\/site\/shop\/laine-de-pays-clun-forest\/\" \/>\n<meta property=\"og:site_name\" content=\"Musee Filature\" \/>\n<meta property=\"article:modified_time\" content=\"2026-02-07T19:13:13+00:00\" \/>\n<meta property=\"og:image\" content=\"https:\/\/www.musee-filature.com\/site\/wp-content\/uploads\/2018\/04\/merinos-21-microns.jpg\" \/>\n\t<meta property=\"og:image:width\" content=\"640\" \/>\n\t<meta property=\"og:image:height\" content=\"480\" \/>\n\t<meta property=\"og:image:type\" content=\"image\/jpeg\" \/>\n<meta name=\"twitter:card\" content=\"summary_large_image\" \/>\n<meta name=\"twitter:label1\" content=\"Dur\u00e9e de lecture estim\u00e9e\" \/>\n\t<meta name=\"twitter:data1\" content=\"1 minute\" \/>\n<script type=\"application\/ld+json\" class=\"yoast-schema-graph\">{\"@context\":\"https:\/\/schema.org\",\"@graph\":[{\"@type\":\"WebPage\",\"@id\":\"https:\/\/www.musee-filature.com\/site\/shop\/laine-de-pays-clun-forest\/\",\"url\":\"https:\/\/www.musee-filature.com\/site\/shop\/laine-de-pays-clun-forest\/\",\"name\":\"Laine de France Clun forest\",\"isPartOf\":{\"@id\":\"https:\/\/www.musee-filature.com\/site\/#website\"},\"primaryImageOfPage\":{\"@id\":\"https:\/\/www.musee-filature.com\/site\/shop\/laine-de-pays-clun-forest\/#primaryimage\"},\"image\":{\"@id\":\"https:\/\/www.musee-filature.com\/site\/shop\/laine-de-pays-clun-forest\/#primaryimage\"},\"thumbnailUrl\":\"https:\/\/www.musee-filature.com\/site\/wp-content\/uploads\/2018\/04\/merinos-21-microns.jpg\",\"datePublished\":\"2025-06-13T04:57:37+00:00\",\"dateModified\":\"2026-02-07T19:13:13+00:00\",\"description\":\"Laine de France brebis clun forest. Laine \u00e0 filer et \u00e0 feutrer. Lav\u00e9e et card\u00e9e dans notre atelier. Vendue \u00e0 partir de 50 gr.\",\"breadcrumb\":{\"@id\":\"https:\/\/www.musee-filature.com\/site\/shop\/laine-de-pays-clun-forest\/#breadcrumb\"},\"inLanguage\":\"fr-FR\",\"potentialAction\":[{\"@type\":\"ReadAction\",\"target\":[\"https:\/\/www.musee-filature.com\/site\/shop\/laine-de-pays-clun-forest\/\"]}]},{\"@type\":\"ImageObject\",\"inLanguage\":\"fr-FR\",\"@id\":\"https:\/\/www.musee-filature.com\/site\/shop\/laine-de-pays-clun-forest\/#primaryimage\",\"url\":\"https:\/\/www.musee-filature.com\/site\/wp-content\/uploads\/2018\/04\/merinos-21-microns.jpg\",\"contentUrl\":\"https:\/\/www.musee-filature.com\/site\/wp-content\/uploads\/2018\/04\/merinos-21-microns.jpg\",\"width\":640,\"height\":480},{\"@type\":\"BreadcrumbList\",\"@id\":\"https:\/\/www.musee-filature.com\/site\/shop\/laine-de-pays-clun-forest\/#breadcrumb\",\"itemListElement\":[{\"@type\":\"ListItem\",\"position\":1,\"name\":\"Accueil\",\"item\":\"https:\/\/www.musee-filature.com\/site\/\"},{\"@type\":\"ListItem\",\"position\":2,\"name\":\"Boutique de vente de laine\",\"item\":\"https:\/\/www.musee-filature.com\/site\/\"},{\"@type\":\"ListItem\",\"position\":3,\"name\":\"Laine de pays \u00ab\u00a0Clun forest\u00a0\u00bb\"}]},{\"@type\":\"WebSite\",\"@id\":\"https:\/\/www.musee-filature.com\/site\/#website\",\"url\":\"https:\/\/www.musee-filature.com\/site\/\",\"name\":\"Musee Filature\",\"description\":\"Les m\u00e9tiers de la laine\",\"potentialAction\":[{\"@type\":\"SearchAction\",\"target\":{\"@type\":\"EntryPoint\",\"urlTemplate\":\"https:\/\/www.musee-filature.com\/site\/?s={search_term_string}\"},\"query-input\":{\"@type\":\"PropertyValueSpecification\",\"valueRequired\":true,\"valueName\":\"search_term_string\"}}],\"inLanguage\":\"fr-FR\"}]}<\/script>\n<!-- \/ Yoast SEO plugin. -->","yoast_head_json":{"title":"Laine de France Clun forest","description":"Laine de France brebis clun forest. Laine \u00e0 filer et \u00e0 feutrer. Lav\u00e9e et card\u00e9e dans notre atelier. Vendue \u00e0 partir de 50 gr.","robots":{"index":"index","follow":"follow","max-snippet":"max-snippet:-1","max-image-preview":"max-image-preview:large","max-video-preview":"max-video-preview:-1"},"canonical":"https:\/\/www.musee-filature.com\/site\/shop\/laine-de-pays-clun-forest\/","og_locale":"fr_FR","og_type":"article","og_title":"Laine de France Clun forest","og_description":"Laine de France brebis clun forest. Laine \u00e0 filer et \u00e0 feutrer. Lav\u00e9e et card\u00e9e dans notre atelier. Vendue \u00e0 partir de 50 gr.","og_url":"https:\/\/www.musee-filature.com\/site\/shop\/laine-de-pays-clun-forest\/","og_site_name":"Musee Filature","article_modified_time":"2026-02-07T19:13:13+00:00","og_image":[{"width":640,"height":480,"url":"https:\/\/www.musee-filature.com\/site\/wp-content\/uploads\/2018\/04\/merinos-21-microns.jpg","type":"image\/jpeg"}],"twitter_card":"summary_large_image","twitter_misc":{"Dur\u00e9e de lecture estim\u00e9e":"1 minute"},"schema":{"@context":"https:\/\/schema.org","@graph":[{"@type":"WebPage","@id":"https:\/\/www.musee-filature.com\/site\/shop\/laine-de-pays-clun-forest\/","url":"https:\/\/www.musee-filature.com\/site\/shop\/laine-de-pays-clun-forest\/","name":"Laine de France Clun forest","isPartOf":{"@id":"https:\/\/www.musee-filature.com\/site\/#website"},"primaryImageOfPage":{"@id":"https:\/\/www.musee-filature.com\/site\/shop\/laine-de-pays-clun-forest\/#primaryimage"},"image":{"@id":"https:\/\/www.musee-filature.com\/site\/shop\/laine-de-pays-clun-forest\/#primaryimage"},"thumbnailUrl":"https:\/\/www.musee-filature.com\/site\/wp-content\/uploads\/2018\/04\/merinos-21-microns.jpg","datePublished":"2025-06-13T04:57:37+00:00","dateModified":"2026-02-07T19:13:13+00:00","description":"Laine de France brebis clun forest. Laine \u00e0 filer et \u00e0 feutrer. Lav\u00e9e et card\u00e9e dans notre atelier. Vendue \u00e0 partir de 50 gr.","breadcrumb":{"@id":"https:\/\/www.musee-filature.com\/site\/shop\/laine-de-pays-clun-forest\/#breadcrumb"},"inLanguage":"fr-FR","potentialAction":[{"@type":"ReadAction","target":["https:\/\/www.musee-filature.com\/site\/shop\/laine-de-pays-clun-forest\/"]}]},{"@type":"ImageObject","inLanguage":"fr-FR","@id":"https:\/\/www.musee-filature.com\/site\/shop\/laine-de-pays-clun-forest\/#primaryimage","url":"https:\/\/www.musee-filature.com\/site\/wp-content\/uploads\/2018\/04\/merinos-21-microns.jpg","contentUrl":"https:\/\/www.musee-filature.com\/site\/wp-content\/uploads\/2018\/04\/merinos-21-microns.jpg","width":640,"height":480},{"@type":"BreadcrumbList","@id":"https:\/\/www.musee-filature.com\/site\/shop\/laine-de-pays-clun-forest\/#breadcrumb","itemListElement":[{"@type":"ListItem","position":1,"name":"Accueil","item":"https:\/\/www.musee-filature.com\/site\/"},{"@type":"ListItem","position":2,"name":"Boutique de vente de laine","item":"https:\/\/www.musee-filature.com\/site\/"},{"@type":"ListItem","position":3,"name":"Laine de pays \u00ab\u00a0Clun forest\u00a0\u00bb"}]},{"@type":"WebSite","@id":"https:\/\/www.musee-filature.com\/site\/#website","url":"https:\/\/www.musee-filature.com\/site\/","name":"Musee Filature","description":"Les m\u00e9tiers de la laine","potentialAction":[{"@type":"SearchAction","target":{"@type":"EntryPoint","urlTemplate":"https:\/\/www.musee-filature.com\/site\/?s={search_term_string}"},"query-input":{"@type":"PropertyValueSpecification","valueRequired":true,"valueName":"search_term_string"}}],"inLanguage":"fr-FR"}]}},"jetpack_publicize_connections":[],"jetpack_sharing_enabled":true,"_links":{"self":[{"href":"https:\/\/www.musee-filature.com\/site\/wp-json\/wp\/v2\/product\/18592","targetHints":{"allow":["GET"]}}],"collection":[{"href":"https:\/\/www.musee-filature.com\/site\/wp-json\/wp\/v2\/product"}],"about":[{"href":"https:\/\/www.musee-filature.com\/site\/wp-json\/wp\/v2\/types\/product"}],"wp:featuredmedia":[{"embeddable":true,"href":"https:\/\/www.musee-filature.com\/site\/wp-json\/wp\/v2\/media\/8451"}],"wp:attachment":[{"href":"https:\/\/www.musee-filature.com\/site\/wp-json\/wp\/v2\/media?parent=18592"}],"wp:term":[{"taxonomy":"product_brand","embeddable":true,"href":"https:\/\/www.musee-filature.com\/site\/wp-json\/wp\/v2\/product_brand?post=18592"},{"taxonomy":"product_cat","embeddable":true,"href":"https:\/\/www.musee-filature.com\/site\/wp-json\/wp\/v2\/product_cat?post=18592"},{"taxonomy":"product_tag","embeddable":true,"href":"https:\/\/www.musee-filature.com\/site\/wp-json\/wp\/v2\/product_tag?post=18592"}],"curies":[{"name":"wp","href":"https:\/\/api.w.org\/{rel}","templated":true}]}}