{"id":16001,"date":"2024-05-24T12:15:17","date_gmt":"2024-05-24T11:15:17","guid":{"rendered":"https:\/\/www.musee-filature.com\/site\/?post_type=product&#038;p=16001"},"modified":"2025-12-31T13:52:35","modified_gmt":"2025-12-31T12:52:35","slug":"laine-de-pays-jacob","status":"publish","type":"product","link":"https:\/\/www.musee-filature.com\/site\/shop\/laine-de-pays-jacob\/","title":{"rendered":"Laine de pays   \u00ab\u00a0Jacob\u00a0\u00bb"},"content":{"rendered":"<p><strong>Laine card\u00e9e de brebis jacob pour le feutrage, filage et rembourrage.<\/strong><\/p>\n<p><strong>Lav\u00e9e et card\u00e9e en France.<\/strong><\/p>\n<p><strong>Qualit\u00e9 : 30 microns<\/strong><\/p>\n<p><strong>Caract\u00e9ristiques de la laine : M\u00e8ches moyennes, cr\u00e9pues. La toison est une gamme de gris incroyables, blancs, noirs et de bruns en moins grande proportion. Une fois card\u00e9e, la laine est grise assez uniforme : un gris tirant sur le bleu\/marron. <\/strong><br \/>\n<strong>Qualit\u00e9s au feutrage : Facile \u00e0 travailler. Laine qui feutre bien. Le rendu est souple m\u00eame si le feutre est pouss\u00e9 au bout. Le feutre obtenu poss\u00e8de un l\u00e9ger rendu cr\u00e9pu ondul\u00e9 qui lui donne un certain charme, il est relativement doux mais peut \u201cgratter\u201d les peaux fines les plus sensibles s\u2019il est proche du cou par exemple. <\/strong><br \/>\n<strong>Usages possibles en feutre : Cette laine est parfaite pour des chapeaux, des vestes, des gilets, \u2026 des confections n\u00e9cessitant de la souplesse et solidit\u00e9. <\/strong><\/p>\n","protected":false},"excerpt":{"rendered":"<p>Laine card\u00e9e de brebis jacob pour le feutrage, filage et rembourrage. Lav\u00e9e et card\u00e9e en France. Qualit\u00e9 : 30 microns Caract\u00e9ristiques de la laine : M\u00e8ches moyennes, cr\u00e9pues. La toison est une gamme de gris incroyables, blancs, noirs et de bruns en moins grande proportion. Une fois card\u00e9e, la laine est grise assez uniforme :&#8230;  <a class=\"excerpt-read-more\" href=\"https:\/\/www.musee-filature.com\/site\/shop\/laine-de-pays-jacob\/\" title=\"ReadLaine de pays   \u00ab\u00a0Jacob\u00a0\u00bb\">Read more &raquo;<\/a><\/p>\n","protected":false},"featured_media":16015,"template":"","meta":{"_acf_changed":false,"jetpack_publicize_message":"","jetpack_publicize_feature_enabled":true,"jetpack_social_post_already_shared":true,"jetpack_social_options":{"image_generator_settings":{"template":"highway","default_image_id":0,"font":"","enabled":false},"version":2}},"product_brand":[],"product_cat":[21],"product_tag":[],"class_list":{"0":"post-16001","1":"product","2":"type-product","3":"status-publish","4":"has-post-thumbnail","6":"product_cat-laine_pays","8":"first","9":"instock","10":"shipping-taxable","11":"purchasable","12":"product-type-variable"},"acf":[],"yoast_head":"<!-- This site is optimized with the Yoast SEO plugin v26.6 - https:\/\/yoast.com\/wordpress\/plugins\/seo\/ -->\n<title>Laine de France Jacob<\/title>\n<meta name=\"description\" content=\"Laine de France brebis Jacob. Laine \u00e0 filer, feutrer et rembourrage. Lav\u00e9e et card\u00e9e dans notre atelier. Vendue \u00e0 partir de 50 gr. %\" \/>\n<meta name=\"robots\" content=\"index, follow, max-snippet:-1, max-image-preview:large, max-video-preview:-1\" \/>\n<link rel=\"canonical\" href=\"https:\/\/www.musee-filature.com\/site\/shop\/laine-de-pays-jacob\/\" \/>\n<meta property=\"og:locale\" content=\"fr_FR\" \/>\n<meta property=\"og:type\" content=\"article\" \/>\n<meta property=\"og:title\" content=\"Laine de France Jacob\" \/>\n<meta property=\"og:description\" content=\"Laine de France brebis Jacob. Laine \u00e0 filer, feutrer et rembourrage. Lav\u00e9e et card\u00e9e dans notre atelier. Vendue \u00e0 partir de 50 gr. %\" \/>\n<meta property=\"og:url\" content=\"https:\/\/www.musee-filature.com\/site\/shop\/laine-de-pays-jacob\/\" \/>\n<meta property=\"og:site_name\" content=\"Musee Filature\" \/>\n<meta property=\"article:modified_time\" content=\"2025-12-31T12:52:35+00:00\" \/>\n<meta property=\"og:image\" content=\"https:\/\/www.musee-filature.com\/site\/wp-content\/uploads\/2024\/05\/jacob-1.jpg\" \/>\n\t<meta property=\"og:image:width\" content=\"640\" \/>\n\t<meta property=\"og:image:height\" content=\"480\" \/>\n\t<meta property=\"og:image:type\" content=\"image\/jpeg\" \/>\n<meta name=\"twitter:card\" content=\"summary_large_image\" \/>\n<meta name=\"twitter:label1\" content=\"Dur\u00e9e de lecture estim\u00e9e\" \/>\n\t<meta name=\"twitter:data1\" content=\"1 minute\" \/>\n<script type=\"application\/ld+json\" class=\"yoast-schema-graph\">{\"@context\":\"https:\/\/schema.org\",\"@graph\":[{\"@type\":\"WebPage\",\"@id\":\"https:\/\/www.musee-filature.com\/site\/shop\/laine-de-pays-jacob\/\",\"url\":\"https:\/\/www.musee-filature.com\/site\/shop\/laine-de-pays-jacob\/\",\"name\":\"Laine de France Jacob\",\"isPartOf\":{\"@id\":\"https:\/\/www.musee-filature.com\/site\/#website\"},\"primaryImageOfPage\":{\"@id\":\"https:\/\/www.musee-filature.com\/site\/shop\/laine-de-pays-jacob\/#primaryimage\"},\"image\":{\"@id\":\"https:\/\/www.musee-filature.com\/site\/shop\/laine-de-pays-jacob\/#primaryimage\"},\"thumbnailUrl\":\"https:\/\/www.musee-filature.com\/site\/wp-content\/uploads\/2024\/05\/jacob-1.jpg\",\"datePublished\":\"2024-05-24T11:15:17+00:00\",\"dateModified\":\"2025-12-31T12:52:35+00:00\",\"description\":\"Laine de France brebis Jacob. Laine \u00e0 filer, feutrer et rembourrage. Lav\u00e9e et card\u00e9e dans notre atelier. Vendue \u00e0 partir de 50 gr. %\",\"breadcrumb\":{\"@id\":\"https:\/\/www.musee-filature.com\/site\/shop\/laine-de-pays-jacob\/#breadcrumb\"},\"inLanguage\":\"fr-FR\",\"potentialAction\":[{\"@type\":\"ReadAction\",\"target\":[\"https:\/\/www.musee-filature.com\/site\/shop\/laine-de-pays-jacob\/\"]}]},{\"@type\":\"ImageObject\",\"inLanguage\":\"fr-FR\",\"@id\":\"https:\/\/www.musee-filature.com\/site\/shop\/laine-de-pays-jacob\/#primaryimage\",\"url\":\"https:\/\/www.musee-filature.com\/site\/wp-content\/uploads\/2024\/05\/jacob-1.jpg\",\"contentUrl\":\"https:\/\/www.musee-filature.com\/site\/wp-content\/uploads\/2024\/05\/jacob-1.jpg\",\"width\":640,\"height\":480},{\"@type\":\"BreadcrumbList\",\"@id\":\"https:\/\/www.musee-filature.com\/site\/shop\/laine-de-pays-jacob\/#breadcrumb\",\"itemListElement\":[{\"@type\":\"ListItem\",\"position\":1,\"name\":\"Accueil\",\"item\":\"https:\/\/www.musee-filature.com\/site\/\"},{\"@type\":\"ListItem\",\"position\":2,\"name\":\"Boutique de vente de laine\",\"item\":\"https:\/\/www.musee-filature.com\/site\/\"},{\"@type\":\"ListItem\",\"position\":3,\"name\":\"Laine de pays \u00ab\u00a0Jacob\u00a0\u00bb\"}]},{\"@type\":\"WebSite\",\"@id\":\"https:\/\/www.musee-filature.com\/site\/#website\",\"url\":\"https:\/\/www.musee-filature.com\/site\/\",\"name\":\"Musee Filature\",\"description\":\"Les m\u00e9tiers de la laine\",\"potentialAction\":[{\"@type\":\"SearchAction\",\"target\":{\"@type\":\"EntryPoint\",\"urlTemplate\":\"https:\/\/www.musee-filature.com\/site\/?s={search_term_string}\"},\"query-input\":{\"@type\":\"PropertyValueSpecification\",\"valueRequired\":true,\"valueName\":\"search_term_string\"}}],\"inLanguage\":\"fr-FR\"}]}<\/script>\n<!-- \/ Yoast SEO plugin. -->","yoast_head_json":{"title":"Laine de France Jacob","description":"Laine de France brebis Jacob. Laine \u00e0 filer, feutrer et rembourrage. Lav\u00e9e et card\u00e9e dans notre atelier. Vendue \u00e0 partir de 50 gr. %","robots":{"index":"index","follow":"follow","max-snippet":"max-snippet:-1","max-image-preview":"max-image-preview:large","max-video-preview":"max-video-preview:-1"},"canonical":"https:\/\/www.musee-filature.com\/site\/shop\/laine-de-pays-jacob\/","og_locale":"fr_FR","og_type":"article","og_title":"Laine de France Jacob","og_description":"Laine de France brebis Jacob. Laine \u00e0 filer, feutrer et rembourrage. Lav\u00e9e et card\u00e9e dans notre atelier. Vendue \u00e0 partir de 50 gr. %","og_url":"https:\/\/www.musee-filature.com\/site\/shop\/laine-de-pays-jacob\/","og_site_name":"Musee Filature","article_modified_time":"2025-12-31T12:52:35+00:00","og_image":[{"width":640,"height":480,"url":"https:\/\/www.musee-filature.com\/site\/wp-content\/uploads\/2024\/05\/jacob-1.jpg","type":"image\/jpeg"}],"twitter_card":"summary_large_image","twitter_misc":{"Dur\u00e9e de lecture estim\u00e9e":"1 minute"},"schema":{"@context":"https:\/\/schema.org","@graph":[{"@type":"WebPage","@id":"https:\/\/www.musee-filature.com\/site\/shop\/laine-de-pays-jacob\/","url":"https:\/\/www.musee-filature.com\/site\/shop\/laine-de-pays-jacob\/","name":"Laine de France Jacob","isPartOf":{"@id":"https:\/\/www.musee-filature.com\/site\/#website"},"primaryImageOfPage":{"@id":"https:\/\/www.musee-filature.com\/site\/shop\/laine-de-pays-jacob\/#primaryimage"},"image":{"@id":"https:\/\/www.musee-filature.com\/site\/shop\/laine-de-pays-jacob\/#primaryimage"},"thumbnailUrl":"https:\/\/www.musee-filature.com\/site\/wp-content\/uploads\/2024\/05\/jacob-1.jpg","datePublished":"2024-05-24T11:15:17+00:00","dateModified":"2025-12-31T12:52:35+00:00","description":"Laine de France brebis Jacob. Laine \u00e0 filer, feutrer et rembourrage. Lav\u00e9e et card\u00e9e dans notre atelier. Vendue \u00e0 partir de 50 gr. %","breadcrumb":{"@id":"https:\/\/www.musee-filature.com\/site\/shop\/laine-de-pays-jacob\/#breadcrumb"},"inLanguage":"fr-FR","potentialAction":[{"@type":"ReadAction","target":["https:\/\/www.musee-filature.com\/site\/shop\/laine-de-pays-jacob\/"]}]},{"@type":"ImageObject","inLanguage":"fr-FR","@id":"https:\/\/www.musee-filature.com\/site\/shop\/laine-de-pays-jacob\/#primaryimage","url":"https:\/\/www.musee-filature.com\/site\/wp-content\/uploads\/2024\/05\/jacob-1.jpg","contentUrl":"https:\/\/www.musee-filature.com\/site\/wp-content\/uploads\/2024\/05\/jacob-1.jpg","width":640,"height":480},{"@type":"BreadcrumbList","@id":"https:\/\/www.musee-filature.com\/site\/shop\/laine-de-pays-jacob\/#breadcrumb","itemListElement":[{"@type":"ListItem","position":1,"name":"Accueil","item":"https:\/\/www.musee-filature.com\/site\/"},{"@type":"ListItem","position":2,"name":"Boutique de vente de laine","item":"https:\/\/www.musee-filature.com\/site\/"},{"@type":"ListItem","position":3,"name":"Laine de pays \u00ab\u00a0Jacob\u00a0\u00bb"}]},{"@type":"WebSite","@id":"https:\/\/www.musee-filature.com\/site\/#website","url":"https:\/\/www.musee-filature.com\/site\/","name":"Musee Filature","description":"Les m\u00e9tiers de la laine","potentialAction":[{"@type":"SearchAction","target":{"@type":"EntryPoint","urlTemplate":"https:\/\/www.musee-filature.com\/site\/?s={search_term_string}"},"query-input":{"@type":"PropertyValueSpecification","valueRequired":true,"valueName":"search_term_string"}}],"inLanguage":"fr-FR"}]}},"jetpack_publicize_connections":[],"jetpack_sharing_enabled":true,"_links":{"self":[{"href":"https:\/\/www.musee-filature.com\/site\/wp-json\/wp\/v2\/product\/16001","targetHints":{"allow":["GET"]}}],"collection":[{"href":"https:\/\/www.musee-filature.com\/site\/wp-json\/wp\/v2\/product"}],"about":[{"href":"https:\/\/www.musee-filature.com\/site\/wp-json\/wp\/v2\/types\/product"}],"wp:featuredmedia":[{"embeddable":true,"href":"https:\/\/www.musee-filature.com\/site\/wp-json\/wp\/v2\/media\/16015"}],"wp:attachment":[{"href":"https:\/\/www.musee-filature.com\/site\/wp-json\/wp\/v2\/media?parent=16001"}],"wp:term":[{"taxonomy":"product_brand","embeddable":true,"href":"https:\/\/www.musee-filature.com\/site\/wp-json\/wp\/v2\/product_brand?post=16001"},{"taxonomy":"product_cat","embeddable":true,"href":"https:\/\/www.musee-filature.com\/site\/wp-json\/wp\/v2\/product_cat?post=16001"},{"taxonomy":"product_tag","embeddable":true,"href":"https:\/\/www.musee-filature.com\/site\/wp-json\/wp\/v2\/product_tag?post=16001"}],"curies":[{"name":"wp","href":"https:\/\/api.w.org\/{rel}","templated":true}]}}