{"id":15983,"date":"2024-05-23T16:45:31","date_gmt":"2024-05-23T15:45:31","guid":{"rendered":"https:\/\/www.musee-filature.com\/site\/?post_type=product&#038;p=15983"},"modified":"2025-12-31T13:59:31","modified_gmt":"2025-12-31T12:59:31","slug":"laine-de-pays-texel","status":"publish","type":"product","link":"https:\/\/www.musee-filature.com\/site\/shop\/laine-de-pays-texel\/","title":{"rendered":"Laine de pays   \u00ab\u00a0Texel\u00a0\u00bb"},"content":{"rendered":"<p><strong>Laine card\u00e9e de brebis texel pour le rembourrage, feutrage et le filage.<\/strong><\/p>\n<p><strong>Lav\u00e9e et card\u00e9e en France.<\/strong><\/p>\n<p><strong>Qualit\u00e9 : 30 microns<\/strong><\/p>\n<p><strong>Caract\u00e9ristiques de la laine : M\u00e8ches longues, ondul\u00e9es ou gaufr\u00e9es pour certaines toisons. De couleur blanche. <\/strong><br \/>\n<strong>Qualit\u00e9s au feutrage : L&rsquo;une des laines les plus techniques \u00e0 travailler au feutrage. Laine qui est tr\u00e8s difficile \u00e0 mouiller au d\u00e9marrage. N\u00e9cessite d\u2019avoir d\u00e9j\u00e0 feutr\u00e9 auparavant pour aller vite dans les gestes. Le rendu de cette laine est en revanche incroyable une fois feutr\u00e9. Les gaufres et belles ondulations apparaissent sur le feutre final. Ce qui en fait un feutre joli, unique et moelleux. Laine ni douce, ni r\u00eache, ni piquante. Pour feutrer la laine de texel, il faut avoir du temps devant soi\u2026 <\/strong><br \/>\n<strong>Usages possibles en feutre : D\u00e9coration avec des m\u00e8ches de laine de texel, semelles de chaussures, .. <\/strong><\/p>\n","protected":false},"excerpt":{"rendered":"<p>Laine card\u00e9e de brebis texel pour le rembourrage, feutrage et le filage. Lav\u00e9e et card\u00e9e en France. Qualit\u00e9 : 30 microns Caract\u00e9ristiques de la laine : M\u00e8ches longues, ondul\u00e9es ou gaufr\u00e9es pour certaines toisons. De couleur blanche. Qualit\u00e9s au feutrage : L&rsquo;une des laines les plus techniques \u00e0 travailler au feutrage. Laine qui est tr\u00e8s&#8230;  <a class=\"excerpt-read-more\" href=\"https:\/\/www.musee-filature.com\/site\/shop\/laine-de-pays-texel\/\" title=\"ReadLaine de pays   \u00ab\u00a0Texel\u00a0\u00bb\">Read more &raquo;<\/a><\/p>\n","protected":false},"featured_media":16016,"template":"","meta":{"_acf_changed":false,"jetpack_publicize_message":"","jetpack_publicize_feature_enabled":true,"jetpack_social_post_already_shared":true,"jetpack_social_options":{"image_generator_settings":{"template":"highway","default_image_id":0,"font":"","enabled":false},"version":2}},"product_brand":[],"product_cat":[21],"product_tag":[],"class_list":{"0":"post-15983","1":"product","2":"type-product","3":"status-publish","4":"has-post-thumbnail","6":"product_cat-laine_pays","8":"first","9":"instock","10":"shipping-taxable","11":"purchasable","12":"product-type-variable"},"acf":[],"yoast_head":"<!-- This site is optimized with the Yoast SEO plugin v26.6 - https:\/\/yoast.com\/wordpress\/plugins\/seo\/ -->\n<title>Laine de France Texel<\/title>\n<meta name=\"description\" content=\"Laine de France brebis texel. Laine \u00e0 filer, feutrer et rembourrage. Lav\u00e9e et card\u00e9e dans notre atelier. Vendue \u00e0 partir de 50 gr.\" \/>\n<meta name=\"robots\" content=\"index, follow, max-snippet:-1, max-image-preview:large, max-video-preview:-1\" \/>\n<link rel=\"canonical\" href=\"https:\/\/www.musee-filature.com\/site\/shop\/laine-de-pays-texel\/\" \/>\n<meta property=\"og:locale\" content=\"fr_FR\" \/>\n<meta property=\"og:type\" content=\"article\" \/>\n<meta property=\"og:title\" content=\"Laine de France Texel\" \/>\n<meta property=\"og:description\" content=\"Laine de France brebis texel. Laine \u00e0 filer, feutrer et rembourrage. Lav\u00e9e et card\u00e9e dans notre atelier. Vendue \u00e0 partir de 50 gr.\" \/>\n<meta property=\"og:url\" content=\"https:\/\/www.musee-filature.com\/site\/shop\/laine-de-pays-texel\/\" \/>\n<meta property=\"og:site_name\" content=\"Musee Filature\" \/>\n<meta property=\"article:modified_time\" content=\"2025-12-31T12:59:31+00:00\" \/>\n<meta property=\"og:image\" content=\"https:\/\/www.musee-filature.com\/site\/wp-content\/uploads\/2024\/05\/texel-1.jpg\" \/>\n\t<meta property=\"og:image:width\" content=\"640\" \/>\n\t<meta property=\"og:image:height\" content=\"480\" \/>\n\t<meta property=\"og:image:type\" content=\"image\/jpeg\" \/>\n<meta name=\"twitter:card\" content=\"summary_large_image\" \/>\n<meta name=\"twitter:label1\" content=\"Dur\u00e9e de lecture estim\u00e9e\" \/>\n\t<meta name=\"twitter:data1\" content=\"1 minute\" \/>\n<script type=\"application\/ld+json\" class=\"yoast-schema-graph\">{\"@context\":\"https:\/\/schema.org\",\"@graph\":[{\"@type\":\"WebPage\",\"@id\":\"https:\/\/www.musee-filature.com\/site\/shop\/laine-de-pays-texel\/\",\"url\":\"https:\/\/www.musee-filature.com\/site\/shop\/laine-de-pays-texel\/\",\"name\":\"Laine de France Texel\",\"isPartOf\":{\"@id\":\"https:\/\/www.musee-filature.com\/site\/#website\"},\"primaryImageOfPage\":{\"@id\":\"https:\/\/www.musee-filature.com\/site\/shop\/laine-de-pays-texel\/#primaryimage\"},\"image\":{\"@id\":\"https:\/\/www.musee-filature.com\/site\/shop\/laine-de-pays-texel\/#primaryimage\"},\"thumbnailUrl\":\"https:\/\/www.musee-filature.com\/site\/wp-content\/uploads\/2024\/05\/texel-1.jpg\",\"datePublished\":\"2024-05-23T15:45:31+00:00\",\"dateModified\":\"2025-12-31T12:59:31+00:00\",\"description\":\"Laine de France brebis texel. Laine \u00e0 filer, feutrer et rembourrage. Lav\u00e9e et card\u00e9e dans notre atelier. Vendue \u00e0 partir de 50 gr.\",\"breadcrumb\":{\"@id\":\"https:\/\/www.musee-filature.com\/site\/shop\/laine-de-pays-texel\/#breadcrumb\"},\"inLanguage\":\"fr-FR\",\"potentialAction\":[{\"@type\":\"ReadAction\",\"target\":[\"https:\/\/www.musee-filature.com\/site\/shop\/laine-de-pays-texel\/\"]}]},{\"@type\":\"ImageObject\",\"inLanguage\":\"fr-FR\",\"@id\":\"https:\/\/www.musee-filature.com\/site\/shop\/laine-de-pays-texel\/#primaryimage\",\"url\":\"https:\/\/www.musee-filature.com\/site\/wp-content\/uploads\/2024\/05\/texel-1.jpg\",\"contentUrl\":\"https:\/\/www.musee-filature.com\/site\/wp-content\/uploads\/2024\/05\/texel-1.jpg\",\"width\":640,\"height\":480},{\"@type\":\"BreadcrumbList\",\"@id\":\"https:\/\/www.musee-filature.com\/site\/shop\/laine-de-pays-texel\/#breadcrumb\",\"itemListElement\":[{\"@type\":\"ListItem\",\"position\":1,\"name\":\"Accueil\",\"item\":\"https:\/\/www.musee-filature.com\/site\/\"},{\"@type\":\"ListItem\",\"position\":2,\"name\":\"Boutique de vente de laine\",\"item\":\"https:\/\/www.musee-filature.com\/site\/\"},{\"@type\":\"ListItem\",\"position\":3,\"name\":\"Laine de pays \u00ab\u00a0Texel\u00a0\u00bb\"}]},{\"@type\":\"WebSite\",\"@id\":\"https:\/\/www.musee-filature.com\/site\/#website\",\"url\":\"https:\/\/www.musee-filature.com\/site\/\",\"name\":\"Musee Filature\",\"description\":\"Les m\u00e9tiers de la laine\",\"potentialAction\":[{\"@type\":\"SearchAction\",\"target\":{\"@type\":\"EntryPoint\",\"urlTemplate\":\"https:\/\/www.musee-filature.com\/site\/?s={search_term_string}\"},\"query-input\":{\"@type\":\"PropertyValueSpecification\",\"valueRequired\":true,\"valueName\":\"search_term_string\"}}],\"inLanguage\":\"fr-FR\"}]}<\/script>\n<!-- \/ Yoast SEO plugin. -->","yoast_head_json":{"title":"Laine de France Texel","description":"Laine de France brebis texel. Laine \u00e0 filer, feutrer et rembourrage. Lav\u00e9e et card\u00e9e dans notre atelier. Vendue \u00e0 partir de 50 gr.","robots":{"index":"index","follow":"follow","max-snippet":"max-snippet:-1","max-image-preview":"max-image-preview:large","max-video-preview":"max-video-preview:-1"},"canonical":"https:\/\/www.musee-filature.com\/site\/shop\/laine-de-pays-texel\/","og_locale":"fr_FR","og_type":"article","og_title":"Laine de France Texel","og_description":"Laine de France brebis texel. Laine \u00e0 filer, feutrer et rembourrage. Lav\u00e9e et card\u00e9e dans notre atelier. Vendue \u00e0 partir de 50 gr.","og_url":"https:\/\/www.musee-filature.com\/site\/shop\/laine-de-pays-texel\/","og_site_name":"Musee Filature","article_modified_time":"2025-12-31T12:59:31+00:00","og_image":[{"width":640,"height":480,"url":"https:\/\/www.musee-filature.com\/site\/wp-content\/uploads\/2024\/05\/texel-1.jpg","type":"image\/jpeg"}],"twitter_card":"summary_large_image","twitter_misc":{"Dur\u00e9e de lecture estim\u00e9e":"1 minute"},"schema":{"@context":"https:\/\/schema.org","@graph":[{"@type":"WebPage","@id":"https:\/\/www.musee-filature.com\/site\/shop\/laine-de-pays-texel\/","url":"https:\/\/www.musee-filature.com\/site\/shop\/laine-de-pays-texel\/","name":"Laine de France Texel","isPartOf":{"@id":"https:\/\/www.musee-filature.com\/site\/#website"},"primaryImageOfPage":{"@id":"https:\/\/www.musee-filature.com\/site\/shop\/laine-de-pays-texel\/#primaryimage"},"image":{"@id":"https:\/\/www.musee-filature.com\/site\/shop\/laine-de-pays-texel\/#primaryimage"},"thumbnailUrl":"https:\/\/www.musee-filature.com\/site\/wp-content\/uploads\/2024\/05\/texel-1.jpg","datePublished":"2024-05-23T15:45:31+00:00","dateModified":"2025-12-31T12:59:31+00:00","description":"Laine de France brebis texel. Laine \u00e0 filer, feutrer et rembourrage. Lav\u00e9e et card\u00e9e dans notre atelier. Vendue \u00e0 partir de 50 gr.","breadcrumb":{"@id":"https:\/\/www.musee-filature.com\/site\/shop\/laine-de-pays-texel\/#breadcrumb"},"inLanguage":"fr-FR","potentialAction":[{"@type":"ReadAction","target":["https:\/\/www.musee-filature.com\/site\/shop\/laine-de-pays-texel\/"]}]},{"@type":"ImageObject","inLanguage":"fr-FR","@id":"https:\/\/www.musee-filature.com\/site\/shop\/laine-de-pays-texel\/#primaryimage","url":"https:\/\/www.musee-filature.com\/site\/wp-content\/uploads\/2024\/05\/texel-1.jpg","contentUrl":"https:\/\/www.musee-filature.com\/site\/wp-content\/uploads\/2024\/05\/texel-1.jpg","width":640,"height":480},{"@type":"BreadcrumbList","@id":"https:\/\/www.musee-filature.com\/site\/shop\/laine-de-pays-texel\/#breadcrumb","itemListElement":[{"@type":"ListItem","position":1,"name":"Accueil","item":"https:\/\/www.musee-filature.com\/site\/"},{"@type":"ListItem","position":2,"name":"Boutique de vente de laine","item":"https:\/\/www.musee-filature.com\/site\/"},{"@type":"ListItem","position":3,"name":"Laine de pays \u00ab\u00a0Texel\u00a0\u00bb"}]},{"@type":"WebSite","@id":"https:\/\/www.musee-filature.com\/site\/#website","url":"https:\/\/www.musee-filature.com\/site\/","name":"Musee Filature","description":"Les m\u00e9tiers de la laine","potentialAction":[{"@type":"SearchAction","target":{"@type":"EntryPoint","urlTemplate":"https:\/\/www.musee-filature.com\/site\/?s={search_term_string}"},"query-input":{"@type":"PropertyValueSpecification","valueRequired":true,"valueName":"search_term_string"}}],"inLanguage":"fr-FR"}]}},"jetpack_publicize_connections":[],"jetpack_sharing_enabled":true,"_links":{"self":[{"href":"https:\/\/www.musee-filature.com\/site\/wp-json\/wp\/v2\/product\/15983","targetHints":{"allow":["GET"]}}],"collection":[{"href":"https:\/\/www.musee-filature.com\/site\/wp-json\/wp\/v2\/product"}],"about":[{"href":"https:\/\/www.musee-filature.com\/site\/wp-json\/wp\/v2\/types\/product"}],"wp:featuredmedia":[{"embeddable":true,"href":"https:\/\/www.musee-filature.com\/site\/wp-json\/wp\/v2\/media\/16016"}],"wp:attachment":[{"href":"https:\/\/www.musee-filature.com\/site\/wp-json\/wp\/v2\/media?parent=15983"}],"wp:term":[{"taxonomy":"product_brand","embeddable":true,"href":"https:\/\/www.musee-filature.com\/site\/wp-json\/wp\/v2\/product_brand?post=15983"},{"taxonomy":"product_cat","embeddable":true,"href":"https:\/\/www.musee-filature.com\/site\/wp-json\/wp\/v2\/product_cat?post=15983"},{"taxonomy":"product_tag","embeddable":true,"href":"https:\/\/www.musee-filature.com\/site\/wp-json\/wp\/v2\/product_tag?post=15983"}],"curies":[{"name":"wp","href":"https:\/\/api.w.org\/{rel}","templated":true}]}}