{"id":1429,"date":"2014-05-27T19:45:07","date_gmt":"2014-05-27T19:45:07","guid":{"rendered":"http:\/\/www.musee-filature.com\/site\/shop\/pre-feutre-vert\/"},"modified":"2026-01-28T18:32:26","modified_gmt":"2026-01-28T17:32:26","slug":"pre-feutre-vert","status":"publish","type":"product","link":"https:\/\/www.musee-filature.com\/site\/shop\/pre-feutre-vert\/","title":{"rendered":"pr\u00e9-feutre n\u00b0 08"},"content":{"rendered":"<p><strong><span id=\"result_box\" lang=\"fr\"><span class=\"hps\">Le pr\u00e9-feutre non-tiss\u00e9<\/span> est fait de <span class=\"hps\">laine<\/span> <span class=\"hps\">fine (m\u00e9rinos 19,5 microns)<\/span> aiguillet\u00e9e en une nappe mince (3 mm) qui, entre autres, peut \u00eatre utilis\u00e9 <span class=\"hps\">comme base pour<\/span> le feutrage <span class=\"hps\">ou<\/span> pour r\u00e9aliser diff\u00e9rents motifs et <span class=\"hps\">formes graphiques.<\/span><\/span><\/strong><\/p>\n<p><strong>Le temps de pose de laine et de feutrage sont r\u00e9duits.<\/strong><\/p>\n<p><strong>Tr\u00e8s pratique pour les personnes ne pouvant pas feutrer longtemps (enfants, personnes \u00e2g\u00e9es ou handicap\u00e9es&#8230;), et pour les ateliers en temps r\u00e9duit (\u00e9coles&#8230;).<\/strong><\/p>\n","protected":false},"excerpt":{"rendered":"<p><strong>Laine m\u00e9rinos aiguillet\u00e9e vert pomme .<br \/>\n<\/strong><\/p>\n","protected":false},"featured_media":1270,"template":"","meta":{"_acf_changed":false,"jetpack_publicize_message":"","jetpack_publicize_feature_enabled":true,"jetpack_social_post_already_shared":false,"jetpack_social_options":{"image_generator_settings":{"template":"highway","default_image_id":0,"font":"","enabled":false},"version":2}},"product_brand":[],"product_cat":[36],"product_tag":[],"class_list":{"0":"post-1429","1":"product","2":"type-product","3":"status-publish","4":"has-post-thumbnail","6":"product_cat-pre-feutre","8":"first","9":"instock","10":"sold-individually","11":"shipping-taxable","12":"purchasable","13":"product-type-variable"},"acf":[],"yoast_head":"<!-- This site is optimized with the Yoast SEO plugin v26.6 - https:\/\/yoast.com\/wordpress\/plugins\/seo\/ -->\n<title>pr\u00e9-feutre vert musee-filature<\/title>\n<meta name=\"description\" content=\"Le pr\u00e9-feutre non-tiss\u00e9 est fait de laine fine (m\u00e9rinos 19,5 microns) aiguillet\u00e9e en une nappe mince qui est utilis\u00e9e comme base pour le feutrage.\" \/>\n<meta name=\"robots\" content=\"index, follow, max-snippet:-1, max-image-preview:large, max-video-preview:-1\" \/>\n<link rel=\"canonical\" href=\"https:\/\/www.musee-filature.com\/site\/shop\/pre-feutre-vert\/\" \/>\n<meta property=\"og:locale\" content=\"fr_FR\" \/>\n<meta property=\"og:type\" content=\"article\" \/>\n<meta property=\"og:title\" content=\"pr\u00e9-feutre vert musee-filature\" \/>\n<meta property=\"og:description\" content=\"Le pr\u00e9-feutre non-tiss\u00e9 est fait de laine fine (m\u00e9rinos 19,5 microns) aiguillet\u00e9e en une nappe mince qui est utilis\u00e9e comme base pour le feutrage.\" \/>\n<meta property=\"og:url\" content=\"https:\/\/www.musee-filature.com\/site\/shop\/pre-feutre-vert\/\" \/>\n<meta property=\"og:site_name\" content=\"Musee Filature\" \/>\n<meta property=\"article:modified_time\" content=\"2026-01-28T17:32:26+00:00\" \/>\n<meta property=\"og:image\" content=\"https:\/\/www.musee-filature.com\/site\/wp-content\/uploads\/2014\/05\/P1040178-1024x768.jpg\" \/>\n\t<meta property=\"og:image:width\" content=\"1024\" \/>\n\t<meta property=\"og:image:height\" content=\"768\" \/>\n\t<meta property=\"og:image:type\" content=\"image\/jpeg\" \/>\n<meta name=\"twitter:card\" content=\"summary_large_image\" \/>\n<meta name=\"twitter:label1\" content=\"Dur\u00e9e de lecture estim\u00e9e\" \/>\n\t<meta name=\"twitter:data1\" content=\"1 minute\" \/>\n<script type=\"application\/ld+json\" class=\"yoast-schema-graph\">{\"@context\":\"https:\/\/schema.org\",\"@graph\":[{\"@type\":\"WebPage\",\"@id\":\"https:\/\/www.musee-filature.com\/site\/shop\/pre-feutre-vert\/\",\"url\":\"https:\/\/www.musee-filature.com\/site\/shop\/pre-feutre-vert\/\",\"name\":\"pr\u00e9-feutre vert musee-filature\",\"isPartOf\":{\"@id\":\"https:\/\/www.musee-filature.com\/site\/#website\"},\"primaryImageOfPage\":{\"@id\":\"https:\/\/www.musee-filature.com\/site\/shop\/pre-feutre-vert\/#primaryimage\"},\"image\":{\"@id\":\"https:\/\/www.musee-filature.com\/site\/shop\/pre-feutre-vert\/#primaryimage\"},\"thumbnailUrl\":\"https:\/\/www.musee-filature.com\/site\/wp-content\/uploads\/2014\/05\/P1040178.jpg\",\"datePublished\":\"2014-05-27T19:45:07+00:00\",\"dateModified\":\"2026-01-28T17:32:26+00:00\",\"description\":\"Le pr\u00e9-feutre non-tiss\u00e9 est fait de laine fine (m\u00e9rinos 19,5 microns) aiguillet\u00e9e en une nappe mince qui est utilis\u00e9e comme base pour le feutrage.\",\"breadcrumb\":{\"@id\":\"https:\/\/www.musee-filature.com\/site\/shop\/pre-feutre-vert\/#breadcrumb\"},\"inLanguage\":\"fr-FR\",\"potentialAction\":[{\"@type\":\"ReadAction\",\"target\":[\"https:\/\/www.musee-filature.com\/site\/shop\/pre-feutre-vert\/\"]}]},{\"@type\":\"ImageObject\",\"inLanguage\":\"fr-FR\",\"@id\":\"https:\/\/www.musee-filature.com\/site\/shop\/pre-feutre-vert\/#primaryimage\",\"url\":\"https:\/\/www.musee-filature.com\/site\/wp-content\/uploads\/2014\/05\/P1040178.jpg\",\"contentUrl\":\"https:\/\/www.musee-filature.com\/site\/wp-content\/uploads\/2014\/05\/P1040178.jpg\",\"width\":2560,\"height\":1920,\"caption\":\"pr\u00e9-feutre\"},{\"@type\":\"BreadcrumbList\",\"@id\":\"https:\/\/www.musee-filature.com\/site\/shop\/pre-feutre-vert\/#breadcrumb\",\"itemListElement\":[{\"@type\":\"ListItem\",\"position\":1,\"name\":\"Accueil\",\"item\":\"https:\/\/www.musee-filature.com\/site\/\"},{\"@type\":\"ListItem\",\"position\":2,\"name\":\"Boutique de vente de laine\",\"item\":\"https:\/\/www.musee-filature.com\/site\/\"},{\"@type\":\"ListItem\",\"position\":3,\"name\":\"pr\u00e9-feutre n\u00b0 08\"}]},{\"@type\":\"WebSite\",\"@id\":\"https:\/\/www.musee-filature.com\/site\/#website\",\"url\":\"https:\/\/www.musee-filature.com\/site\/\",\"name\":\"Musee Filature\",\"description\":\"Les m\u00e9tiers de la laine\",\"potentialAction\":[{\"@type\":\"SearchAction\",\"target\":{\"@type\":\"EntryPoint\",\"urlTemplate\":\"https:\/\/www.musee-filature.com\/site\/?s={search_term_string}\"},\"query-input\":{\"@type\":\"PropertyValueSpecification\",\"valueRequired\":true,\"valueName\":\"search_term_string\"}}],\"inLanguage\":\"fr-FR\"}]}<\/script>\n<!-- \/ Yoast SEO plugin. -->","yoast_head_json":{"title":"pr\u00e9-feutre vert musee-filature","description":"Le pr\u00e9-feutre non-tiss\u00e9 est fait de laine fine (m\u00e9rinos 19,5 microns) aiguillet\u00e9e en une nappe mince qui est utilis\u00e9e comme base pour le feutrage.","robots":{"index":"index","follow":"follow","max-snippet":"max-snippet:-1","max-image-preview":"max-image-preview:large","max-video-preview":"max-video-preview:-1"},"canonical":"https:\/\/www.musee-filature.com\/site\/shop\/pre-feutre-vert\/","og_locale":"fr_FR","og_type":"article","og_title":"pr\u00e9-feutre vert musee-filature","og_description":"Le pr\u00e9-feutre non-tiss\u00e9 est fait de laine fine (m\u00e9rinos 19,5 microns) aiguillet\u00e9e en une nappe mince qui est utilis\u00e9e comme base pour le feutrage.","og_url":"https:\/\/www.musee-filature.com\/site\/shop\/pre-feutre-vert\/","og_site_name":"Musee Filature","article_modified_time":"2026-01-28T17:32:26+00:00","og_image":[{"width":1024,"height":768,"url":"https:\/\/www.musee-filature.com\/site\/wp-content\/uploads\/2014\/05\/P1040178-1024x768.jpg","type":"image\/jpeg"}],"twitter_card":"summary_large_image","twitter_misc":{"Dur\u00e9e de lecture estim\u00e9e":"1 minute"},"schema":{"@context":"https:\/\/schema.org","@graph":[{"@type":"WebPage","@id":"https:\/\/www.musee-filature.com\/site\/shop\/pre-feutre-vert\/","url":"https:\/\/www.musee-filature.com\/site\/shop\/pre-feutre-vert\/","name":"pr\u00e9-feutre vert musee-filature","isPartOf":{"@id":"https:\/\/www.musee-filature.com\/site\/#website"},"primaryImageOfPage":{"@id":"https:\/\/www.musee-filature.com\/site\/shop\/pre-feutre-vert\/#primaryimage"},"image":{"@id":"https:\/\/www.musee-filature.com\/site\/shop\/pre-feutre-vert\/#primaryimage"},"thumbnailUrl":"https:\/\/www.musee-filature.com\/site\/wp-content\/uploads\/2014\/05\/P1040178.jpg","datePublished":"2014-05-27T19:45:07+00:00","dateModified":"2026-01-28T17:32:26+00:00","description":"Le pr\u00e9-feutre non-tiss\u00e9 est fait de laine fine (m\u00e9rinos 19,5 microns) aiguillet\u00e9e en une nappe mince qui est utilis\u00e9e comme base pour le feutrage.","breadcrumb":{"@id":"https:\/\/www.musee-filature.com\/site\/shop\/pre-feutre-vert\/#breadcrumb"},"inLanguage":"fr-FR","potentialAction":[{"@type":"ReadAction","target":["https:\/\/www.musee-filature.com\/site\/shop\/pre-feutre-vert\/"]}]},{"@type":"ImageObject","inLanguage":"fr-FR","@id":"https:\/\/www.musee-filature.com\/site\/shop\/pre-feutre-vert\/#primaryimage","url":"https:\/\/www.musee-filature.com\/site\/wp-content\/uploads\/2014\/05\/P1040178.jpg","contentUrl":"https:\/\/www.musee-filature.com\/site\/wp-content\/uploads\/2014\/05\/P1040178.jpg","width":2560,"height":1920,"caption":"pr\u00e9-feutre"},{"@type":"BreadcrumbList","@id":"https:\/\/www.musee-filature.com\/site\/shop\/pre-feutre-vert\/#breadcrumb","itemListElement":[{"@type":"ListItem","position":1,"name":"Accueil","item":"https:\/\/www.musee-filature.com\/site\/"},{"@type":"ListItem","position":2,"name":"Boutique de vente de laine","item":"https:\/\/www.musee-filature.com\/site\/"},{"@type":"ListItem","position":3,"name":"pr\u00e9-feutre n\u00b0 08"}]},{"@type":"WebSite","@id":"https:\/\/www.musee-filature.com\/site\/#website","url":"https:\/\/www.musee-filature.com\/site\/","name":"Musee Filature","description":"Les m\u00e9tiers de la laine","potentialAction":[{"@type":"SearchAction","target":{"@type":"EntryPoint","urlTemplate":"https:\/\/www.musee-filature.com\/site\/?s={search_term_string}"},"query-input":{"@type":"PropertyValueSpecification","valueRequired":true,"valueName":"search_term_string"}}],"inLanguage":"fr-FR"}]}},"jetpack_publicize_connections":[],"jetpack_sharing_enabled":true,"_links":{"self":[{"href":"https:\/\/www.musee-filature.com\/site\/wp-json\/wp\/v2\/product\/1429","targetHints":{"allow":["GET"]}}],"collection":[{"href":"https:\/\/www.musee-filature.com\/site\/wp-json\/wp\/v2\/product"}],"about":[{"href":"https:\/\/www.musee-filature.com\/site\/wp-json\/wp\/v2\/types\/product"}],"wp:featuredmedia":[{"embeddable":true,"href":"https:\/\/www.musee-filature.com\/site\/wp-json\/wp\/v2\/media\/1270"}],"wp:attachment":[{"href":"https:\/\/www.musee-filature.com\/site\/wp-json\/wp\/v2\/media?parent=1429"}],"wp:term":[{"taxonomy":"product_brand","embeddable":true,"href":"https:\/\/www.musee-filature.com\/site\/wp-json\/wp\/v2\/product_brand?post=1429"},{"taxonomy":"product_cat","embeddable":true,"href":"https:\/\/www.musee-filature.com\/site\/wp-json\/wp\/v2\/product_cat?post=1429"},{"taxonomy":"product_tag","embeddable":true,"href":"https:\/\/www.musee-filature.com\/site\/wp-json\/wp\/v2\/product_tag?post=1429"}],"curies":[{"name":"wp","href":"https:\/\/api.w.org\/{rel}","templated":true}]}}