{"id":13880,"date":"2023-10-10T12:14:13","date_gmt":"2023-10-10T11:14:13","guid":{"rendered":"https:\/\/www.musee-filature.com\/site\/?post_type=product&#038;p=13880"},"modified":"2025-11-05T18:04:06","modified_gmt":"2025-11-05T17:04:06","slug":"laine-de-pays-agneau-romney","status":"publish","type":"product","link":"https:\/\/www.musee-filature.com\/site\/shop\/laine-de-pays-agneau-romney\/","title":{"rendered":"Laine de pays   \u00ab\u00a0agneau Romney\u00a0\u00bb"},"content":{"rendered":"<p><strong>Laine card\u00e9e d&rsquo;agneau Romney, fibre courte.<\/strong><\/p>\n<p><strong>Lav\u00e9e et card\u00e9e en France.<\/strong><\/p>\n<p><strong>Qualit\u00e9 : 24-26 microns<\/strong><\/p>\n","protected":false},"excerpt":{"rendered":"<p>Laine card\u00e9e d&rsquo;agneau Romney, fibre courte. Lav\u00e9e et card\u00e9e en France. Qualit\u00e9 : 24-26 microns<\/p>\n","protected":false},"featured_media":13925,"template":"","meta":{"_acf_changed":false,"jetpack_publicize_message":"","jetpack_publicize_feature_enabled":true,"jetpack_social_post_already_shared":true,"jetpack_social_options":{"image_generator_settings":{"template":"highway","default_image_id":0,"font":"","enabled":false},"version":2}},"product_brand":[],"product_cat":[21],"product_tag":[],"class_list":{"0":"post-13880","1":"product","2":"type-product","3":"status-publish","4":"has-post-thumbnail","6":"product_cat-laine_pays","8":"first","9":"instock","10":"shipping-taxable","11":"purchasable","12":"product-type-variable"},"acf":[],"yoast_head":"<!-- This site is optimized with the Yoast SEO plugin v26.6 - https:\/\/yoast.com\/wordpress\/plugins\/seo\/ -->\n<title>Laine de France agneau Romney<\/title>\n<meta name=\"description\" content=\"Laine de France agneau romney. Laine \u00e0 filer, feutrer et rembourrage. Lav\u00e9e et card\u00e9e dans notre atelier. Vendue \u00e0 partir de 50 gr.\" \/>\n<meta name=\"robots\" content=\"index, follow, max-snippet:-1, max-image-preview:large, max-video-preview:-1\" \/>\n<link rel=\"canonical\" href=\"https:\/\/www.musee-filature.com\/site\/shop\/laine-de-pays-agneau-romney\/\" \/>\n<meta property=\"og:locale\" content=\"fr_FR\" \/>\n<meta property=\"og:type\" content=\"article\" \/>\n<meta property=\"og:title\" content=\"Laine de France agneau Romney\" \/>\n<meta property=\"og:description\" content=\"Laine de France agneau romney. Laine \u00e0 filer, feutrer et rembourrage. Lav\u00e9e et card\u00e9e dans notre atelier. Vendue \u00e0 partir de 50 gr.\" \/>\n<meta property=\"og:url\" content=\"https:\/\/www.musee-filature.com\/site\/shop\/laine-de-pays-agneau-romney\/\" \/>\n<meta property=\"og:site_name\" content=\"Musee Filature\" \/>\n<meta property=\"article:modified_time\" content=\"2025-11-05T17:04:06+00:00\" \/>\n<meta property=\"og:image\" content=\"https:\/\/www.musee-filature.com\/site\/wp-content\/uploads\/2023\/10\/agneau-Romney.jpg\" \/>\n\t<meta property=\"og:image:width\" content=\"640\" \/>\n\t<meta property=\"og:image:height\" content=\"480\" \/>\n\t<meta property=\"og:image:type\" content=\"image\/jpeg\" \/>\n<meta name=\"twitter:card\" content=\"summary_large_image\" \/>\n<meta name=\"twitter:label1\" content=\"Dur\u00e9e de lecture estim\u00e9e\" \/>\n\t<meta name=\"twitter:data1\" content=\"1 minute\" \/>\n<script type=\"application\/ld+json\" class=\"yoast-schema-graph\">{\"@context\":\"https:\/\/schema.org\",\"@graph\":[{\"@type\":\"WebPage\",\"@id\":\"https:\/\/www.musee-filature.com\/site\/shop\/laine-de-pays-agneau-romney\/\",\"url\":\"https:\/\/www.musee-filature.com\/site\/shop\/laine-de-pays-agneau-romney\/\",\"name\":\"Laine de France agneau Romney\",\"isPartOf\":{\"@id\":\"https:\/\/www.musee-filature.com\/site\/#website\"},\"primaryImageOfPage\":{\"@id\":\"https:\/\/www.musee-filature.com\/site\/shop\/laine-de-pays-agneau-romney\/#primaryimage\"},\"image\":{\"@id\":\"https:\/\/www.musee-filature.com\/site\/shop\/laine-de-pays-agneau-romney\/#primaryimage\"},\"thumbnailUrl\":\"https:\/\/www.musee-filature.com\/site\/wp-content\/uploads\/2023\/10\/agneau-Romney.jpg\",\"datePublished\":\"2023-10-10T11:14:13+00:00\",\"dateModified\":\"2025-11-05T17:04:06+00:00\",\"description\":\"Laine de France agneau romney. Laine \u00e0 filer, feutrer et rembourrage. Lav\u00e9e et card\u00e9e dans notre atelier. Vendue \u00e0 partir de 50 gr.\",\"breadcrumb\":{\"@id\":\"https:\/\/www.musee-filature.com\/site\/shop\/laine-de-pays-agneau-romney\/#breadcrumb\"},\"inLanguage\":\"fr-FR\",\"potentialAction\":[{\"@type\":\"ReadAction\",\"target\":[\"https:\/\/www.musee-filature.com\/site\/shop\/laine-de-pays-agneau-romney\/\"]}]},{\"@type\":\"ImageObject\",\"inLanguage\":\"fr-FR\",\"@id\":\"https:\/\/www.musee-filature.com\/site\/shop\/laine-de-pays-agneau-romney\/#primaryimage\",\"url\":\"https:\/\/www.musee-filature.com\/site\/wp-content\/uploads\/2023\/10\/agneau-Romney.jpg\",\"contentUrl\":\"https:\/\/www.musee-filature.com\/site\/wp-content\/uploads\/2023\/10\/agneau-Romney.jpg\",\"width\":640,\"height\":480},{\"@type\":\"BreadcrumbList\",\"@id\":\"https:\/\/www.musee-filature.com\/site\/shop\/laine-de-pays-agneau-romney\/#breadcrumb\",\"itemListElement\":[{\"@type\":\"ListItem\",\"position\":1,\"name\":\"Accueil\",\"item\":\"https:\/\/www.musee-filature.com\/site\/\"},{\"@type\":\"ListItem\",\"position\":2,\"name\":\"Boutique de vente de laine\",\"item\":\"https:\/\/www.musee-filature.com\/site\/\"},{\"@type\":\"ListItem\",\"position\":3,\"name\":\"Laine de pays \u00ab\u00a0agneau Romney\u00a0\u00bb\"}]},{\"@type\":\"WebSite\",\"@id\":\"https:\/\/www.musee-filature.com\/site\/#website\",\"url\":\"https:\/\/www.musee-filature.com\/site\/\",\"name\":\"Musee Filature\",\"description\":\"Les m\u00e9tiers de la laine\",\"potentialAction\":[{\"@type\":\"SearchAction\",\"target\":{\"@type\":\"EntryPoint\",\"urlTemplate\":\"https:\/\/www.musee-filature.com\/site\/?s={search_term_string}\"},\"query-input\":{\"@type\":\"PropertyValueSpecification\",\"valueRequired\":true,\"valueName\":\"search_term_string\"}}],\"inLanguage\":\"fr-FR\"}]}<\/script>\n<!-- \/ Yoast SEO plugin. -->","yoast_head_json":{"title":"Laine de France agneau Romney","description":"Laine de France agneau romney. Laine \u00e0 filer, feutrer et rembourrage. Lav\u00e9e et card\u00e9e dans notre atelier. Vendue \u00e0 partir de 50 gr.","robots":{"index":"index","follow":"follow","max-snippet":"max-snippet:-1","max-image-preview":"max-image-preview:large","max-video-preview":"max-video-preview:-1"},"canonical":"https:\/\/www.musee-filature.com\/site\/shop\/laine-de-pays-agneau-romney\/","og_locale":"fr_FR","og_type":"article","og_title":"Laine de France agneau Romney","og_description":"Laine de France agneau romney. Laine \u00e0 filer, feutrer et rembourrage. Lav\u00e9e et card\u00e9e dans notre atelier. Vendue \u00e0 partir de 50 gr.","og_url":"https:\/\/www.musee-filature.com\/site\/shop\/laine-de-pays-agneau-romney\/","og_site_name":"Musee Filature","article_modified_time":"2025-11-05T17:04:06+00:00","og_image":[{"width":640,"height":480,"url":"https:\/\/www.musee-filature.com\/site\/wp-content\/uploads\/2023\/10\/agneau-Romney.jpg","type":"image\/jpeg"}],"twitter_card":"summary_large_image","twitter_misc":{"Dur\u00e9e de lecture estim\u00e9e":"1 minute"},"schema":{"@context":"https:\/\/schema.org","@graph":[{"@type":"WebPage","@id":"https:\/\/www.musee-filature.com\/site\/shop\/laine-de-pays-agneau-romney\/","url":"https:\/\/www.musee-filature.com\/site\/shop\/laine-de-pays-agneau-romney\/","name":"Laine de France agneau Romney","isPartOf":{"@id":"https:\/\/www.musee-filature.com\/site\/#website"},"primaryImageOfPage":{"@id":"https:\/\/www.musee-filature.com\/site\/shop\/laine-de-pays-agneau-romney\/#primaryimage"},"image":{"@id":"https:\/\/www.musee-filature.com\/site\/shop\/laine-de-pays-agneau-romney\/#primaryimage"},"thumbnailUrl":"https:\/\/www.musee-filature.com\/site\/wp-content\/uploads\/2023\/10\/agneau-Romney.jpg","datePublished":"2023-10-10T11:14:13+00:00","dateModified":"2025-11-05T17:04:06+00:00","description":"Laine de France agneau romney. Laine \u00e0 filer, feutrer et rembourrage. Lav\u00e9e et card\u00e9e dans notre atelier. Vendue \u00e0 partir de 50 gr.","breadcrumb":{"@id":"https:\/\/www.musee-filature.com\/site\/shop\/laine-de-pays-agneau-romney\/#breadcrumb"},"inLanguage":"fr-FR","potentialAction":[{"@type":"ReadAction","target":["https:\/\/www.musee-filature.com\/site\/shop\/laine-de-pays-agneau-romney\/"]}]},{"@type":"ImageObject","inLanguage":"fr-FR","@id":"https:\/\/www.musee-filature.com\/site\/shop\/laine-de-pays-agneau-romney\/#primaryimage","url":"https:\/\/www.musee-filature.com\/site\/wp-content\/uploads\/2023\/10\/agneau-Romney.jpg","contentUrl":"https:\/\/www.musee-filature.com\/site\/wp-content\/uploads\/2023\/10\/agneau-Romney.jpg","width":640,"height":480},{"@type":"BreadcrumbList","@id":"https:\/\/www.musee-filature.com\/site\/shop\/laine-de-pays-agneau-romney\/#breadcrumb","itemListElement":[{"@type":"ListItem","position":1,"name":"Accueil","item":"https:\/\/www.musee-filature.com\/site\/"},{"@type":"ListItem","position":2,"name":"Boutique de vente de laine","item":"https:\/\/www.musee-filature.com\/site\/"},{"@type":"ListItem","position":3,"name":"Laine de pays \u00ab\u00a0agneau Romney\u00a0\u00bb"}]},{"@type":"WebSite","@id":"https:\/\/www.musee-filature.com\/site\/#website","url":"https:\/\/www.musee-filature.com\/site\/","name":"Musee Filature","description":"Les m\u00e9tiers de la laine","potentialAction":[{"@type":"SearchAction","target":{"@type":"EntryPoint","urlTemplate":"https:\/\/www.musee-filature.com\/site\/?s={search_term_string}"},"query-input":{"@type":"PropertyValueSpecification","valueRequired":true,"valueName":"search_term_string"}}],"inLanguage":"fr-FR"}]}},"jetpack_publicize_connections":[],"jetpack_sharing_enabled":true,"_links":{"self":[{"href":"https:\/\/www.musee-filature.com\/site\/wp-json\/wp\/v2\/product\/13880","targetHints":{"allow":["GET"]}}],"collection":[{"href":"https:\/\/www.musee-filature.com\/site\/wp-json\/wp\/v2\/product"}],"about":[{"href":"https:\/\/www.musee-filature.com\/site\/wp-json\/wp\/v2\/types\/product"}],"wp:featuredmedia":[{"embeddable":true,"href":"https:\/\/www.musee-filature.com\/site\/wp-json\/wp\/v2\/media\/13925"}],"wp:attachment":[{"href":"https:\/\/www.musee-filature.com\/site\/wp-json\/wp\/v2\/media?parent=13880"}],"wp:term":[{"taxonomy":"product_brand","embeddable":true,"href":"https:\/\/www.musee-filature.com\/site\/wp-json\/wp\/v2\/product_brand?post=13880"},{"taxonomy":"product_cat","embeddable":true,"href":"https:\/\/www.musee-filature.com\/site\/wp-json\/wp\/v2\/product_cat?post=13880"},{"taxonomy":"product_tag","embeddable":true,"href":"https:\/\/www.musee-filature.com\/site\/wp-json\/wp\/v2\/product_tag?post=13880"}],"curies":[{"name":"wp","href":"https:\/\/api.w.org\/{rel}","templated":true}]}}