{"id":10218,"date":"2021-09-21T06:25:08","date_gmt":"2021-09-21T05:25:08","guid":{"rendered":"https:\/\/www.musee-filature.com\/site\/?page_id=10218"},"modified":"2026-02-01T09:42:17","modified_gmt":"2026-02-01T08:42:17","slug":"cgv","status":"publish","type":"page","link":"https:\/\/www.musee-filature.com\/site\/cgv\/","title":{"rendered":"CGV"},"content":{"rendered":"\n<p><strong>CONDITIONS GENERALES DE VENTE<\/strong><\/p>\n\n\n\n<ol class=\"wp-block-list\">\n<li>OBJET<br>Les pr\u00e9sentes conditions g\u00e9n\u00e9rales de vente ont pour objet d\u2019informer tout consommateur sur les modalit\u00e9s dans lesquelles le vendeur proc\u00e8de \u00e0 la vente et \u00e0 la livraison des produits command\u00e9s et de d\u00e9finir les droits et obligations des parties, que l\u2019acheteur soit une personne physique ou morale.<\/li>\n\n\n\n<li> Les conditions g\u00e9n\u00e9rales de vente font loi entre les parties, elles expriment seules l\u2019int\u00e9gralit\u00e9 de l\u2019accord intervenu entre nous-m\u00eames et l\u2019acheteur et pr\u00e9valent sur toute clause diff\u00e9rente sur les commandes de l\u2019acheteur.<br>Les conditions s\u2019appliquent, sans restriction ni r\u00e9serves, \u00e0 l\u2019ensemble des ventes, par la soci\u00e9t\u00e9 LECOCQ Emmanuel \u00ab\u00a0les m\u00e9tiers de la laine\u00a0\u00bb, dans ses locaux et des produits propos\u00e9s sur son site internet \u00abmusee-filature.com \u00bb.<br>L\u2019acheteur, d\u00e9clare avoir la pleine capacit\u00e9 juridique, lui permettant de s\u2019engager au titre des pr\u00e9sentes conditions g\u00e9n\u00e9rales de vente.<br>La soci\u00e9t\u00e9 se r\u00e9serve le droit de modifier \u00e0 tout moment les pr\u00e9sentes conditions g\u00e9n\u00e9rales de vente.<br>En cas d\u2019annulation de commande hors d\u00e9lai de r\u00e9tractation, les acomptes vers\u00e9s \u00e0 la commande ne seront pas rembours\u00e9s.<br>Toutes r\u00e9clamations concernant les manquants ou erreurs de livraison doivent \u00eatre formul\u00e9es dans les 5 jours suivant la r\u00e9ception de la marchandise, pour \u00eatre recevable.<\/li>\n\n\n\n<li>&#8211;<\/li>\n\n\n\n<li>TARIFS<\/li>\n\n\n\n<li>Les prix de vente des produits sur le site internet www.musee-filature.com, sont indiqu\u00e9s en Euros HT (micro-entreprise), s\u2019entendent avec enl\u00e8vement sur place, et sont ceux en vigueur au moment de l\u2019enregistrement du bon de commande par l\u2019acheteur.<\/li>\n\n\n\n<li>Les frais de port sont renseign\u00e9s en fin de commande avant validation.<\/li>\n\n\n\n<li>Les prix de vente des produits peuvent \u00eatre modifi\u00e9s par la soci\u00e9t\u00e9 LECOCQ Emmanuel \u00ab\u00a0les m\u00e9tiers de la laine\u00a0\u00bb \u00e0 tout moment.<\/li>\n\n\n\n<li>Cette modification sera signal\u00e9e \u00e0 l\u2019acheteur avant toute commande.<\/li>\n\n\n\n<li>&#8211;<\/li>\n\n\n\n<li>MODALITE DE PAIEMENT<br>Le r\u00e8glement de commandes s\u2019effectue soit par ch\u00e8que, virement, carte bancaire ou esp\u00e8ces lors de<br>l\u2019enregistrement de celle ci.<\/li>\n\n\n\n<li>&#8211;<\/li>\n\n\n\n<li>COMMANDE<br>Toute commande suppose l\u2019adh\u00e9sion sans restriction ni r\u00e9serve aux pr\u00e9sentes conditions g\u00e9n\u00e9rales de vente.<br>Toute marchandise est r\u00e9put\u00e9e avoir \u00e9t\u00e9 reconnue par l\u2019acheteur avant l\u2019exp\u00e9dition.<\/li>\n\n\n\n<li>&#8211;<\/li>\n\n\n\n<li>REGLEMENT<br>Pour r\u00e9gler sa commande, l\u2019acheteur dispose des moyens de paiement suivant : carte bancaire, virement bancaire, ch\u00e8que ou esp\u00e8ces.<br>La soci\u00e9t\u00e9 LECOCQ Emmanuel  \u00ab\u00a0les m\u00e9tiers de la laine\u00a0\u00bb  se r\u00e9serve le droit de suspendre ou annuler toute commande et\/ou livraison, quels que soient<br>leur nature et niveau d\u2019ex\u00e9cution, en cas de non-paiement de toute somme due par l\u2019acheteur, en cas d\u2019incident de<br>paiement ou suspicion de fraude.<br>La livraison de toute commande pourra \u00eatre suspendue en cas de retard de paiement d\u2019une pr\u00e9c\u00e9dente commande.<\/li>\n\n\n\n<li>&#8211;<\/li>\n\n\n\n<li>CHOIX DES PRODUITS<\/li>\n\n\n\n<li>L\u2019acheteur ayant pris connaissance des produits et de leurs caract\u00e9ristiques, a sous sa seule responsabilit\u00e9 le choix des articles qu\u2019il a command\u00e9.<\/li>\n\n\n\n<li>&#8211;<\/li>\n\n\n\n<li>DELAI DE LIVRAISON<\/li>\n\n\n\n<li>Tous les produits du site internet www.musee-filature.com sont vendus d\u00e9part de nos locaux et les prix sont HT (micro-entreprise).<\/li>\n\n\n\n<li>Les d\u00e9lais de pr\u00e9paration sont de 1 \u00e0 2 jours ouvr\u00e9s ainsi que pour les d\u00e9lais de livraison par la poste ( colissimo) et peuvent varier de 2 \u00e0 3 jours en fonction des conditions m\u00e9t\u00e9orologiques.<\/li>\n\n\n\n<li>Toutes r\u00e9clamations concernant les manquants ou erreurs de livraison doivent \u00eatre formul\u00e9es dans les 48 heures suivant la r\u00e9ception de la marchandise pour \u00eatre recevables.<\/li>\n\n\n\n<li>Nos conditions g\u00e9n\u00e9rales de vente priment de droit sur tout autre condition. <\/li>\n\n\n\n<li>L\u2019acceptation de livraison de votre part entra\u00eene l\u2019acceptation de nos conditions g\u00e9n\u00e9rales de vente.<\/li>\n\n\n\n<li>&#8211;<\/li>\n\n\n\n<li>DROIT DE RETRACTATION<\/li>\n\n\n\n<li>Concernant les achats effectu\u00e9s via le site en ligne www.musee-filature.com, l\u2019acheteur dispose d\u2019un d\u00e9lai de quatorze jours pour exercer son droit de r\u00e9tractation sans avoir \u00e0 justifier de motifs ni \u00e0 payer de p\u00e9nalit\u00e9s, \u00e0 l\u2019exception des frais de retour qui restent \u00e0 charge de celui-ci.<\/li>\n\n\n\n<li>&#8211;<\/li>\n\n\n\n<li>INFORMATIQUE ET LIBERTES<br>Les informations collect\u00e9es par la soci\u00e9t\u00e9 LECOCQ Emmanuel \u00ab\u00a0les m\u00e9tiers de la laine\u00a0\u00bb lors de toute commande de l\u2019acheteur sont n\u00e9cessaires pour la gestion de sa commande. <\/li>\n\n\n\n<li>Conform\u00e9ment \u00e0 la loi Informatique et Libert\u00e9s n\u00b0 78-17 du 06\/01\/1978,<br>l\u2019acheteur dispose d\u2019un droit d\u2019acc\u00e8s, de rectification, d\u2019opposition et de suppression aux donn\u00e9es le concernant aupr\u00e8s de la soci\u00e9t\u00e9  (Article 34 de la loi du 06\/01\/1978).<br>La soci\u00e9t\u00e9 LECOCQ EMMANUEL \u00ab\u00a0les m\u00e9tiers de la laine\u00a0\u00bb ne fait aucune communication d\u2019informations concernant l\u2019acheteur \u00e0 d\u2019autres organismes ou entreprises.<\/li>\n\n\n\n<li>&#8211;<\/li>\n\n\n\n<li>SERVICE CLIENTELE ET SUIVI DE COMMANDE<br>Pour toute information l\u2019acheteur peut contacter les m\u00e9tiers de la laine au 06 70 34 21 68 ou par email: lesmetiersdelalaine@orange.fr<br><\/li>\n\n\n\n<li><\/li>\n<\/ol>\n\n\n\n<p><\/p>\n","protected":false},"excerpt":{"rendered":"<p>CONDITIONS GENERALES DE VENTE<\/p>\n","protected":false},"author":5,"featured_media":0,"parent":0,"menu_order":0,"comment_status":"closed","ping_status":"closed","template":"","meta":{"_acf_changed":false,"footnotes":""},"class_list":["post-10218","page","type-page","status-publish","hentry"],"acf":[],"yoast_head":"<!-- This site is optimized with the Yoast SEO plugin v26.6 - https:\/\/yoast.com\/wordpress\/plugins\/seo\/ -->\n<title>CGV - Musee Filature<\/title>\n<meta name=\"robots\" content=\"index, follow, max-snippet:-1, max-image-preview:large, max-video-preview:-1\" \/>\n<link rel=\"canonical\" href=\"https:\/\/www.musee-filature.com\/site\/cgv\/\" \/>\n<meta property=\"og:locale\" content=\"fr_FR\" \/>\n<meta property=\"og:type\" content=\"article\" \/>\n<meta property=\"og:title\" content=\"CGV - Musee Filature\" \/>\n<meta property=\"og:description\" content=\"CONDITIONS GENERALES DE VENTE\" \/>\n<meta property=\"og:url\" content=\"https:\/\/www.musee-filature.com\/site\/cgv\/\" \/>\n<meta property=\"og:site_name\" content=\"Musee Filature\" \/>\n<meta property=\"article:modified_time\" content=\"2026-02-01T08:42:17+00:00\" \/>\n<meta name=\"twitter:card\" content=\"summary_large_image\" \/>\n<meta name=\"twitter:label1\" content=\"Dur\u00e9e de lecture estim\u00e9e\" \/>\n\t<meta name=\"twitter:data1\" content=\"4 minutes\" \/>\n<script type=\"application\/ld+json\" class=\"yoast-schema-graph\">{\"@context\":\"https:\/\/schema.org\",\"@graph\":[{\"@type\":\"WebPage\",\"@id\":\"https:\/\/www.musee-filature.com\/site\/cgv\/\",\"url\":\"https:\/\/www.musee-filature.com\/site\/cgv\/\",\"name\":\"CGV - Musee Filature\",\"isPartOf\":{\"@id\":\"https:\/\/www.musee-filature.com\/site\/#website\"},\"datePublished\":\"2021-09-21T05:25:08+00:00\",\"dateModified\":\"2026-02-01T08:42:17+00:00\",\"breadcrumb\":{\"@id\":\"https:\/\/www.musee-filature.com\/site\/cgv\/#breadcrumb\"},\"inLanguage\":\"fr-FR\",\"potentialAction\":[{\"@type\":\"ReadAction\",\"target\":[\"https:\/\/www.musee-filature.com\/site\/cgv\/\"]}]},{\"@type\":\"BreadcrumbList\",\"@id\":\"https:\/\/www.musee-filature.com\/site\/cgv\/#breadcrumb\",\"itemListElement\":[{\"@type\":\"ListItem\",\"position\":1,\"name\":\"Accueil\",\"item\":\"https:\/\/www.musee-filature.com\/site\/\"},{\"@type\":\"ListItem\",\"position\":2,\"name\":\"CGV\"}]},{\"@type\":\"WebSite\",\"@id\":\"https:\/\/www.musee-filature.com\/site\/#website\",\"url\":\"https:\/\/www.musee-filature.com\/site\/\",\"name\":\"Musee Filature\",\"description\":\"Les m\u00e9tiers de la laine\",\"potentialAction\":[{\"@type\":\"SearchAction\",\"target\":{\"@type\":\"EntryPoint\",\"urlTemplate\":\"https:\/\/www.musee-filature.com\/site\/?s={search_term_string}\"},\"query-input\":{\"@type\":\"PropertyValueSpecification\",\"valueRequired\":true,\"valueName\":\"search_term_string\"}}],\"inLanguage\":\"fr-FR\"}]}<\/script>\n<!-- \/ Yoast SEO plugin. -->","yoast_head_json":{"title":"CGV - Musee Filature","robots":{"index":"index","follow":"follow","max-snippet":"max-snippet:-1","max-image-preview":"max-image-preview:large","max-video-preview":"max-video-preview:-1"},"canonical":"https:\/\/www.musee-filature.com\/site\/cgv\/","og_locale":"fr_FR","og_type":"article","og_title":"CGV - Musee Filature","og_description":"CONDITIONS GENERALES DE VENTE","og_url":"https:\/\/www.musee-filature.com\/site\/cgv\/","og_site_name":"Musee Filature","article_modified_time":"2026-02-01T08:42:17+00:00","twitter_card":"summary_large_image","twitter_misc":{"Dur\u00e9e de lecture estim\u00e9e":"4 minutes"},"schema":{"@context":"https:\/\/schema.org","@graph":[{"@type":"WebPage","@id":"https:\/\/www.musee-filature.com\/site\/cgv\/","url":"https:\/\/www.musee-filature.com\/site\/cgv\/","name":"CGV - Musee Filature","isPartOf":{"@id":"https:\/\/www.musee-filature.com\/site\/#website"},"datePublished":"2021-09-21T05:25:08+00:00","dateModified":"2026-02-01T08:42:17+00:00","breadcrumb":{"@id":"https:\/\/www.musee-filature.com\/site\/cgv\/#breadcrumb"},"inLanguage":"fr-FR","potentialAction":[{"@type":"ReadAction","target":["https:\/\/www.musee-filature.com\/site\/cgv\/"]}]},{"@type":"BreadcrumbList","@id":"https:\/\/www.musee-filature.com\/site\/cgv\/#breadcrumb","itemListElement":[{"@type":"ListItem","position":1,"name":"Accueil","item":"https:\/\/www.musee-filature.com\/site\/"},{"@type":"ListItem","position":2,"name":"CGV"}]},{"@type":"WebSite","@id":"https:\/\/www.musee-filature.com\/site\/#website","url":"https:\/\/www.musee-filature.com\/site\/","name":"Musee Filature","description":"Les m\u00e9tiers de la laine","potentialAction":[{"@type":"SearchAction","target":{"@type":"EntryPoint","urlTemplate":"https:\/\/www.musee-filature.com\/site\/?s={search_term_string}"},"query-input":{"@type":"PropertyValueSpecification","valueRequired":true,"valueName":"search_term_string"}}],"inLanguage":"fr-FR"}]}},"jetpack_sharing_enabled":true,"_links":{"self":[{"href":"https:\/\/www.musee-filature.com\/site\/wp-json\/wp\/v2\/pages\/10218","targetHints":{"allow":["GET"]}}],"collection":[{"href":"https:\/\/www.musee-filature.com\/site\/wp-json\/wp\/v2\/pages"}],"about":[{"href":"https:\/\/www.musee-filature.com\/site\/wp-json\/wp\/v2\/types\/page"}],"author":[{"embeddable":true,"href":"https:\/\/www.musee-filature.com\/site\/wp-json\/wp\/v2\/users\/5"}],"replies":[{"embeddable":true,"href":"https:\/\/www.musee-filature.com\/site\/wp-json\/wp\/v2\/comments?post=10218"}],"version-history":[{"count":23,"href":"https:\/\/www.musee-filature.com\/site\/wp-json\/wp\/v2\/pages\/10218\/revisions"}],"predecessor-version":[{"id":19824,"href":"https:\/\/www.musee-filature.com\/site\/wp-json\/wp\/v2\/pages\/10218\/revisions\/19824"}],"wp:attachment":[{"href":"https:\/\/www.musee-filature.com\/site\/wp-json\/wp\/v2\/media?parent=10218"}],"curies":[{"name":"wp","href":"https:\/\/api.w.org\/{rel}","templated":true}]}}